
{"id":10,"date":"2014-03-18T10:03:56","date_gmt":"2014-03-18T10:03:56","guid":{"rendered":"http:\/\/the7.dream-demo.com\/business\/?page_id=9"},"modified":"2022-10-20T15:56:09","modified_gmt":"2022-10-20T15:56:09","slug":"projects","status":"publish","type":"page","link":"https:\/\/universidadpyme.fundae.es\/canarias\/projects\/","title":{"rendered":"Projects"},"content":{"rendered":"<section class=\"wpb-content-wrapper\"><p>[vc_row type=\u00bbvc_default\u00bb margin_top=\u00bb-50&#8243; bg_type=\u00bbimage\u00bb parallax_style=\u00bbvcpb-vz-jquery\u00bb bg_image_new=\u00bbid^908|url^http:\/\/universidadpyme.fundae.es\/aragon\/wp-content\/uploads\/2022\/10\/smiling-businessman-with-headphones-using-a-digita-2022-03-08-01-01-44-utc-1-scaled.jpg|caption^null|alt^null|title^smiling-businessman-with-headphones-using-a-digita-2022-03-08-01-01-44-utc (1)|description^null\u00bb bg_image_repeat=\u00bbno-repeat\u00bb bg_override=\u00bbex-full\u00bb enable_overlay=\u00bbenable_overlay_value\u00bb overlay_color=\u00bbrgba(0,0,0,0.5)\u00bb overlay_pattern=\u00bbtransperant\u00bb overlay_pattern_opacity=\u00bb25&#8243; css=\u00bb.vc_custom_1666280691125{padding-top: 10% !important;padding-bottom: 10% !important;background-color: #000000 !important;}\u00bb][vc_column offset=\u00bbvc_col-lg-12 vc_col-md-12&#8243; css=\u00bb.vc_custom_1666280800277{padding-bottom: 10px !important;}\u00bb]<div id=\"ultimate-heading-318469f9774c9bdb1\" class=\"uvc-heading ult-adjust-bottom-margin ultimate-heading-318469f9774c9bdb1 uvc-9686 \" data-hspacer=\"no_spacer\"  data-halign=\"left\" style=\"text-align:left\"><div class=\"uvc-heading-spacer no_spacer\" style=\"top\"><\/div><div class=\"uvc-main-heading ult-responsive\"  data-ultimate-target='.uvc-heading.ultimate-heading-318469f9774c9bdb1 h2'  data-responsive-json-new='{\"font-size\":\"desktop:45px;mobile_landscape:22px;mobile:22px;\",\"line-height\":\"desktop:48px;mobile_landscape:32px;mobile:32px;\"}' ><h2 style=\"font-family:&#039;Fira Sans&#039;;font-weight:normal;font-style:normal;color:#ffffff;\">Programa<\/h2><\/div><div class=\"uvc-sub-heading ult-responsive\"  data-ultimate-target='.uvc-heading.ultimate-heading-318469f9774c9bdb1 .uvc-sub-heading '  data-responsive-json-new='{\"font-size\":\"desktop:30px;mobile_landscape:38px;mobile:30px;\",\"line-height\":\"desktop:34px;mobile_landscape:48px;mobile:40px;\"}'  style=\"font-weight:700;color:#ffffff;margin-top:10px;margin-bottom:20px;\">Abre un espacio de conocimiento, aprendizaje e intercambio de experiencias para acompa\u00f1ar a empresas y aut\u00f3nomos en el proceso de digitalizaci\u00f3n.<\/div><\/div><style type=\"text\/css\">#dt-btn-1 {color: #070707;}#dt-btn-1 > .text-wrap * {color: #070707;}#dt-btn-1:hover {color: #000000;background: #ffffff;}#dt-btn-1:hover > .text-wrap * {color: #000000;}<\/style><a href=\"https:\/\/formularios.businessplus.es\/Fundae?clave=25eyUWb7SkihZjB4hzX1gA\" class=\"btn-shortcode dt-btn-l dt-btn custom-btn-color custom-btn-hover-color accent-btn-bg-color\" target=\"_blank\" id=\"dt-btn-1\" rel=\"noopener\"><span>Incripci\u00f3n<\/span><\/a>[\/vc_column][\/vc_row][vc_row type=\u00bbvc_default\u00bb css=\u00bb.vc_custom_1580733956456{padding-top: 50px !important;padding-bottom: 70px !important;}\u00bb][vc_column][\/vc_column][\/vc_row]<\/p>\n<\/section>","protected":false},"excerpt":{"rendered":"<p>[vc_row type=\u00bbvc_default\u00bb margin_top=\u00bb-50&#8243; bg_type=\u00bbimage\u00bb parallax_style=\u00bbvcpb-vz-jquery\u00bb bg_image_new=\u00bbid^908|url^http:\/\/universidadpyme.fundae.es\/aragon\/wp-content\/uploads\/2022\/10\/smiling-businessman-with-headphones-using-a-digita-2022-03-08-01-01-44-utc-1-scaled.jpg|caption^null|alt^null|title^smiling-businessman-with-headphones-using-a-digita-2022-03-08-01-01-44-utc (1)|description^null\u00bb bg_image_repeat=\u00bbno-repeat\u00bb bg_override=\u00bbex-full\u00bb enable_overlay=\u00bbenable_overlay_value\u00bb overlay_color=\u00bbrgba(0,0,0,0.5)\u00bb overlay_pattern=\u00bbtransperant\u00bb overlay_pattern_opacity=\u00bb25&#8243; css=\u00bb.vc_custom_1666280691125{padding-top: 10% !important;padding-bottom: 10% !important;background-color: #000000 !important;}\u00bb][vc_column offset=\u00bbvc_col-lg-12 vc_col-md-12&#8243; css=\u00bb.vc_custom_1666280800277{padding-bottom: 10px !important;}\u00bb][\/vc_column][\/vc_row][vc_row type=\u00bbvc_default\u00bb css=\u00bb.vc_custom_1580733956456{padding-top: 50px !important;padding-bottom: 70px !important;}\u00bb][vc_column][\/vc_column][\/vc_row]<\/p>\n","protected":false},"author":1,"featured_media":0,"parent":0,"menu_order":100,"comment_status":"closed","ping_status":"closed","template":"","meta":{"footnotes":""},"class_list":["post-10","page","type-page","status-publish","hentry","description-off"],"_links":{"self":[{"href":"https:\/\/universidadpyme.fundae.es\/canarias\/wp-json\/wp\/v2\/pages\/10","targetHints":{"allow":["GET"]}}],"collection":[{"href":"https:\/\/universidadpyme.fundae.es\/canarias\/wp-json\/wp\/v2\/pages"}],"about":[{"href":"https:\/\/universidadpyme.fundae.es\/canarias\/wp-json\/wp\/v2\/types\/page"}],"author":[{"embeddable":true,"href":"https:\/\/universidadpyme.fundae.es\/canarias\/wp-json\/wp\/v2\/users\/1"}],"replies":[{"embeddable":true,"href":"https:\/\/universidadpyme.fundae.es\/canarias\/wp-json\/wp\/v2\/comments?post=10"}],"version-history":[{"count":4,"href":"https:\/\/universidadpyme.fundae.es\/canarias\/wp-json\/wp\/v2\/pages\/10\/revisions"}],"predecessor-version":[{"id":912,"href":"https:\/\/universidadpyme.fundae.es\/canarias\/wp-json\/wp\/v2\/pages\/10\/revisions\/912"}],"wp:attachment":[{"href":"https:\/\/universidadpyme.fundae.es\/canarias\/wp-json\/wp\/v2\/media?parent=10"}],"curies":[{"name":"wp","href":"https:\/\/api.w.org\/{rel}","templated":true}]}}