{"id":2415,"date":"2025-05-08T10:04:23","date_gmt":"2025-05-08T10:04:23","guid":{"rendered":"https:\/\/universidadpyme.fundae.es\/valencia\/?page_id=2415"},"modified":"2026-03-04T14:24:07","modified_gmt":"2026-03-04T14:24:07","slug":"programa","status":"publish","type":"page","link":"https:\/\/universidadpyme.fundae.es\/ceuta\/programa\/","title":{"rendered":"Programa"},"content":{"rendered":"\t\t<div data-elementor-type=\"wp-page\" data-elementor-id=\"2415\" class=\"elementor elementor-2415\">\n\t\t\t\t\t\t<section class=\"elementor-section elementor-top-section elementor-element elementor-element-ebea50e elementor-section-boxed elementor-section-height-default elementor-section-height-default\" data-id=\"ebea50e\" data-element_type=\"section\">\n\t\t\t\t\t\t<div class=\"elementor-container elementor-column-gap-default\">\n\t\t\t\t\t<div class=\"elementor-column elementor-col-100 elementor-top-column elementor-element elementor-element-c3ecaf9\" data-id=\"c3ecaf9\" data-element_type=\"column\">\n\t\t\t<div class=\"elementor-widget-wrap elementor-element-populated\">\n\t\t\t\t\t\t<div class=\"elementor-element elementor-element-dc1ddaf elementor-widget elementor-widget-slider_revolution\" data-id=\"dc1ddaf\" data-element_type=\"widget\" data-widget_type=\"slider_revolution.default\">\n\t\t\t\t<div class=\"elementor-widget-container\">\n\t\t\t\n\t\t<div class=\"wp-block-themepunch-revslider\">\n\t\t\t<!-- START Programa REVOLUTION SLIDER 6.6.10 --><p class=\"rs-p-wp-fix\"><\/p>\n\t\t\t<rs-module-wrap id=\"rev_slider_13_1_wrapper\" data-source=\"gallery\" style=\"visibility:hidden;background:transparent;padding:0;margin:0px auto;margin-top:0;margin-bottom:0;\">\n\t\t\t\t<rs-module id=\"rev_slider_13_1\" style=\"\" data-version=\"6.6.10\">\n\t\t\t\t\t<rs-slides style=\"overflow: hidden; position: absolute;\">\n\t\t\t\t\t\t<rs-slide style=\"position: absolute;\" data-key=\"rs-16\" data-title=\"Slide\" data-anim=\"adpr:false;ms:600;\" data-in=\"o:0;\" data-out=\"a:false;\">\n\t\t\t\t\t\t\t<img fetchpriority=\"high\" decoding=\"async\" src=\"\/\/universidadpyme.fundae.es\/ceuta\/wp-content\/plugins\/revslider\/public\/assets\/assets\/dummy.png\" alt=\"Slide\" title=\"fondo_degradado\" width=\"2540\" height=\"1143\" class=\"rev-slidebg tp-rs-img rs-lazyload\" data-lazyload=\"\/\/universidadpyme.fundae.es\/ceuta\/wp-content\/plugins\/revslider\/public\/assets\/assets\/transparent.png\" data-bg=\"p:right center;c:#00b0e1;\" data-no-retina>\n<!--\n\t\t\t\t\t\t\t--><rs-layer\n\t\t\t\t\t\t\t\tid=\"slider-13-slide-16-layer-0\" \n\t\t\t\t\t\t\t\tdata-type=\"text\"\n\t\t\t\t\t\t\t\tdata-rsp_ch=\"on\"\n\t\t\t\t\t\t\t\tdata-xy=\"x:l,l,c,c;xo:8px,38px,16px,10px;yo:172px,322px,207px,262px;\"\n\t\t\t\t\t\t\t\tdata-text=\"w:normal;s:30,25,25,16;l:38,30,30,21;fw:700;a:left,left,left,center;\"\n\t\t\t\t\t\t\t\tdata-dim=\"w:648px,985px,699px,396px;h:auto,74px,auto,auto;\"\n\t\t\t\t\t\t\t\tdata-frame_0=\"x:0,0,0,0px;y:0,0,0,0px;\"\n\t\t\t\t\t\t\t\tdata-frame_1=\"x:0,0,0,0px;y:0,0,0,0px;st:1330;sp:1200;sR:1330;\"\n\t\t\t\t\t\t\t\tdata-frame_999=\"o:0;st:w;sR:6470;\"\n\t\t\t\t\t\t\t\tstyle=\"z-index:9;font-family:'Nexa';\"\n\t\t\t\t\t\t\t>Una jornada din\u00e1mica que combina ponencias, conversaciones, mesas redondas y demostraciones pr\u00e1cticas. <br \/><br \/>Un recorrido por la inteligencia artificial, la seguridad digital y las herramientas que ya est\u00e1n ayudando a las pymes tur\u00edsticas a crecer, innovar y diferenciarse.\t\t\t\t\t\t\t \n\t\t\t\t\t\t\t<\/rs-layer><!--\n\n\t\t\t\t\t\t\t--><rs-layer\n\t\t\t\t\t\t\t\tid=\"slider-13-slide-16-layer-1\" \n\t\t\t\t\t\t\t\tdata-type=\"text\"\n\t\t\t\t\t\t\t\tdata-rsp_ch=\"on\"\n\t\t\t\t\t\t\t\tdata-xy=\"x:l,l,c,c;xo:1px,35px,13px,8px;yo:508px,497px,436px,448px;\"\n\t\t\t\t\t\t\t\tdata-text=\"w:normal;s:30,25,25,16;l:38,30,30,21;fw:700;a:left,left,left,center;\"\n\t\t\t\t\t\t\t\tdata-dim=\"w:648px,985px,699px,396px;h:auto,43px,auto,auto;\"\n\t\t\t\t\t\t\t\tdata-frame_0=\"x:0,0,0,0px;y:0,0,0,0px;\"\n\t\t\t\t\t\t\t\tdata-frame_1=\"x:0,0,0,0px;y:0,0,0,0px;st:1330;sp:1200;sR:1330;\"\n\t\t\t\t\t\t\t\tdata-frame_999=\"o:0;st:w;sR:6470;\"\n\t\t\t\t\t\t\t\tstyle=\"z-index:9;font-family:'Nexa';\"\n\t\t\t\t\t\t\t>Evento realizado, para conocer pr\u00f3ximos eventos, pulsa el siguiente  <a class='link-verde' href='https:\/\/www.fundae.es\/actualidad\/universidad-pyme' target='_blank'>enlace<\/a> \n\t\t\t\t\t\t\t<\/rs-layer><!--\n\n\t\t\t\t\t\t\t--><rs-layer\n\t\t\t\t\t\t\t\tid=\"slider-13-slide-16-layer-2\" \n\t\t\t\t\t\t\t\tdata-type=\"text\"\n\t\t\t\t\t\t\t\tdata-color=\"#24346c||#24346c||#00198a||#00198a\"\n\t\t\t\t\t\t\t\tdata-rsp_ch=\"on\"\n\t\t\t\t\t\t\t\tdata-xy=\"xo:9px,44px,259px,159px;y:m;yo:-151px,22px,-46px,-3px;\"\n\t\t\t\t\t\t\t\tdata-text=\"w:normal;s:45,45,45,25;l:50,45,50,28;ls:1px;fw:700;a:left,left,left,center;\"\n\t\t\t\t\t\t\t\tdata-dim=\"w:735px,410px,254px,163px;h:63px,52px,auto,29px;\"\n\t\t\t\t\t\t\t\tdata-margin=\"b:30;\"\n\t\t\t\t\t\t\t\tdata-frame_0=\"y:100%;\"\n\t\t\t\t\t\t\t\tdata-frame_0_mask=\"u:t;y:100%;\"\n\t\t\t\t\t\t\t\tdata-frame_1=\"e:power2.inOut;st:1350;sp:1200;sR:1350;\"\n\t\t\t\t\t\t\t\tdata-frame_1_mask=\"u:t;\"\n\t\t\t\t\t\t\t\tdata-frame_999=\"o:0;e:nothing;st:w;sR:6450;\"\n\t\t\t\t\t\t\t\tstyle=\"z-index:10;font-family:'Nexa';\"\n\t\t\t\t\t\t\t>Programa \n\t\t\t\t\t\t\t<\/rs-layer><!--\n\n\t\t\t\t\t\t\t--><a\n\t\t\t\t\t\t\t\tid=\"slider-13-slide-16-layer-3\" \n\t\t\t\t\t\t\t\tclass=\"rs-layer rev-btn\"\n\t\t\t\t\t\t\t\thref=\"https:\/\/formularios.businessplus.es\/UniversidadPyme?clave=bwIFlwsDN0ahp8JyRtM0Pw\" target=\"_blank\" rel=\"noopener\"\n\t\t\t\t\t\t\t\tdata-type=\"button\"\n\t\t\t\t\t\t\t\tdata-rsp_ch=\"on\"\n\t\t\t\t\t\t\t\tdata-xy=\"xo:7px,33px,277px,161px;yo:495px,491px,445px,445px;\"\n\t\t\t\t\t\t\t\tdata-text=\"w:normal;s:22,16,20,20;l:55,41,30,30;fw:600;\"\n\t\t\t\t\t\t\t\tdata-dim=\"w:290px,219px,166px,166px;h:60px,45px,45px,45px;minh:0px,none,none,none;\"\n\t\t\t\t\t\t\t\tdata-vbility=\"f,f,f,f\"\n\t\t\t\t\t\t\t\tdata-padding=\"t:5,4,10,10;r:50,38,29,29;l:90,68,35,35;\"\n\t\t\t\t\t\t\t\tdata-border=\"bor:10px,10px,10px,10px;\"\n\t\t\t\t\t\t\t\tdata-frame_1=\"st:1350;sp:1200;sR:1350;\"\n\t\t\t\t\t\t\t\tdata-frame_999=\"o:0;st:w;sR:6450;\"\n\t\t\t\t\t\t\t\tdata-frame_hover=\"bgc:#00198a;bor:10px,10px,10px,10px;td:underline;sp:100;e:power1.inOut;bri:120%;\"\n\t\t\t\t\t\t\t\tstyle=\"z-index:14;background-color:#24346C;font-family:'Nexa';\"\n\t\t\t\t\t\t\t>Inscr\u00edbete \n\t\t\t\t\t\t\t<\/a><!--\n\n\t\t\t\t\t\t\t--><rs-layer\n\t\t\t\t\t\t\t\tid=\"slider-13-slide-16-layer-4\" \n\t\t\t\t\t\t\t\tdata-type=\"image\"\n\t\t\t\t\t\t\t\tdata-rsp_ch=\"on\"\n\t\t\t\t\t\t\t\tdata-xy=\"x:r,c,c,c;xo:1px,-5px,-10px,4px;y:m;yo:18px,-134px,-167px,-134px;\"\n\t\t\t\t\t\t\t\tdata-text=\"w:normal;s:20,15,11,6;l:0,18,13,8;\"\n\t\t\t\t\t\t\t\tdata-dim=\"w:689px,396px,248px,279px;h:423px,243px,152px,171px;\"\n\t\t\t\t\t\t\t\tdata-frame_1=\"st:1340;sp:1200;sR:1340;\"\n\t\t\t\t\t\t\t\tdata-frame_999=\"o:0;st:w;sR:6460;\"\n\t\t\t\t\t\t\t\tstyle=\"z-index:13;\"\n\t\t\t\t\t\t\t><img decoding=\"async\" src=\"\/\/universidadpyme.fundae.es\/ceuta\/wp-content\/plugins\/revslider\/public\/assets\/assets\/dummy.png\" alt=\"\" class=\"tp-rs-img rs-lazyload\" width=\"815\" height=\"500\" data-lazyload=\"\/\/universidadpyme.fundae.es\/ceuta\/wp-content\/uploads\/2026\/02\/img_programa-ceuta.png\" data-no-retina> \n\t\t\t\t\t\t\t<\/rs-layer><!--\n-->\t\t\t\t\t\t<\/rs-slide>\n\t\t\t\t\t<\/rs-slides>\n\t\t\t\t<\/rs-module>\n\t\t\t\t<script>\n\t\t\t\t\tsetREVStartSize({c: 'rev_slider_13_1',rl:[1240,1024,778,480],el:[600,550,500,500],gw:[1350,1024,778,480],gh:[600,550,500,500],type:'standard',justify:'',layout:'fullwidth',mh:\"600\"});if (window.RS_MODULES!==undefined && window.RS_MODULES.modules!==undefined && window.RS_MODULES.modules[\"revslider131\"]!==undefined) {window.RS_MODULES.modules[\"revslider131\"].once = false;window.revapi13 = undefined;if (window.RS_MODULES.checkMinimal!==undefined) window.RS_MODULES.checkMinimal()}\n\t\t\t\t<\/script>\n\t\t\t<\/rs-module-wrap>\n\t\t\t<!-- END REVOLUTION SLIDER -->\n<\/div>\n\n\t\t\t\t<\/div>\n\t\t\t\t<\/div>\n\t\t\t\t\t<\/div>\n\t\t<\/div>\n\t\t\t\t\t<\/div>\n\t\t<\/section>\n\t\t\t\t<section class=\"elementor-section elementor-top-section elementor-element elementor-element-4942f23 elementor-section-stretched elementor-section-boxed elementor-section-height-default elementor-section-height-default\" data-id=\"4942f23\" data-element_type=\"section\" data-settings=\"{&quot;stretch_section&quot;:&quot;section-stretched&quot;}\">\n\t\t\t\t\t\t<div class=\"elementor-container elementor-column-gap-default\">\n\t\t\t\t\t<div class=\"elementor-column elementor-col-100 elementor-top-column elementor-element elementor-element-7d23cdd\" data-id=\"7d23cdd\" data-element_type=\"column\">\n\t\t\t<div class=\"elementor-widget-wrap elementor-element-populated\">\n\t\t\t\t\t\t<div class=\"elementor-element elementor-element-ba51402 elementor-widget elementor-widget-text-editor\" data-id=\"ba51402\" data-element_type=\"widget\" data-widget_type=\"text-editor.default\">\n\t\t\t\t<div class=\"elementor-widget-container\">\n\t\t\t\t\t\t\t<h1 class=\"home\" style=\"text-align: center;\">AGENDA 05 DE MARZO<\/h1>\t\t\t\t\t\t<\/div>\n\t\t\t\t<\/div>\n\t\t\t\t<div class=\"elementor-element elementor-element-2d08318 elementor-widget elementor-widget-text-editor\" data-id=\"2d08318\" data-element_type=\"widget\" data-widget_type=\"text-editor.default\">\n\t\t\t\t<div class=\"elementor-widget-container\">\n\t\t\t\t\t\t\t<h3 class=\"home\" style=\"text-align: center;\">Conductor de la jornada: Luis Boya<\/h3>\t\t\t\t\t\t<\/div>\n\t\t\t\t<\/div>\n\t\t\t\t\t<\/div>\n\t\t<\/div>\n\t\t\t\t\t<\/div>\n\t\t<\/section>\n\t\t\t\t<section class=\"elementor-section elementor-top-section elementor-element elementor-element-d60f7c4 elementor-section-stretched elementor-section-boxed elementor-section-height-default elementor-section-height-default\" data-id=\"d60f7c4\" data-element_type=\"section\" data-settings=\"{&quot;stretch_section&quot;:&quot;section-stretched&quot;}\">\n\t\t\t\t\t\t<div class=\"elementor-container elementor-column-gap-default\">\n\t\t\t\t\t<div class=\"elementor-column elementor-col-100 elementor-top-column elementor-element elementor-element-444f740\" data-id=\"444f740\" data-element_type=\"column\">\n\t\t\t<div class=\"elementor-widget-wrap elementor-element-populated\">\n\t\t\t\t\t\t<div class=\"elementor-element elementor-element-3c57f2a elementor-widget elementor-widget-text-editor\" data-id=\"3c57f2a\" data-element_type=\"widget\" data-widget_type=\"text-editor.default\">\n\t\t\t\t<div class=\"elementor-widget-container\">\n\t\t\t\t\t\t\t<h3 class=\"color_programa\">09:00 Recepci\u00f3n y acreditaci\u00f3n<\/h3>\t\t\t\t\t\t<\/div>\n\t\t\t\t<\/div>\n\t\t\t\t\t<\/div>\n\t\t<\/div>\n\t\t\t\t\t<\/div>\n\t\t<\/section>\n\t\t\t\t<section class=\"elementor-section elementor-top-section elementor-element elementor-element-28fa189 elementor-section-stretched elementor-section-boxed elementor-section-height-default elementor-section-height-default\" data-id=\"28fa189\" data-element_type=\"section\" data-settings=\"{&quot;stretch_section&quot;:&quot;section-stretched&quot;}\">\n\t\t\t\t\t\t<div class=\"elementor-container elementor-column-gap-default\">\n\t\t\t\t\t<div class=\"elementor-column elementor-col-100 elementor-top-column elementor-element elementor-element-27e9d61\" data-id=\"27e9d61\" data-element_type=\"column\">\n\t\t\t<div class=\"elementor-widget-wrap elementor-element-populated\">\n\t\t\t\t\t\t<div class=\"elementor-element elementor-element-485cd93 elementor-widget elementor-widget-timeline_widget\" data-id=\"485cd93\" data-element_type=\"widget\" data-widget_type=\"timeline_widget.default\">\n\t\t\t\t<div class=\"elementor-widget-container\">\n\t\t\t<div  id=\"timeline-485cd93\" class=\"timeline-wrapper\"><div class=\"timeline-items\"><div id=\"timeline-485cd93\" class=\"timeline-bar\"><div class=\"timeline-progress\"><\/div><\/div><div class=\"timeline-item\"><div class=\"timeline-icon\"><svg viewBox=\"0 0 512 512\" xmlns=\"http:\/\/www.w3.org\/2000\/svg\"><path d=\"M256 8C119.033 8 8 119.033 8 256s111.033 248 248 248 248-111.033 248-248S392.967 8 256 8zm80 248c0 44.112-35.888 80-80 80s-80-35.888-80-80 35.888-80 80-80 80 35.888 80 80z\"\/><\/svg><\/div><div class=\"timeline-card fade-in-right\"><h3>09:30<\/h3><h4>Bienvenida institucional<\/h4><div class=\"description\"><p><strong>Antonio de Luis. <\/strong>Director Gerente. Fundae.<\/p><p><strong>Nicola Cecchi<\/strong>, Consejero de Turismo, Comercio, Empleo y Deporte en Ciudad Aut\u00f3noma de Ceuta.<\/p><p><strong>Miguel \u00c1ngel P\u00e9rez<\/strong>, Delegado del Gobierno de Espa\u00f1a en la Ciudad Aut\u00f3noma de Ceuta.<\/p><\/div><\/div><\/div><div class=\"timeline-item\"><div class=\"timeline-icon\"><svg viewBox=\"0 0 512 512\" xmlns=\"http:\/\/www.w3.org\/2000\/svg\"><path d=\"M256 8C119.033 8 8 119.033 8 256s111.033 248 248 248 248-111.033 248-248S392.967 8 256 8zm80 248c0 44.112-35.888 80-80 80s-80-35.888-80-80 35.888-80 80-80 80 35.888 80 80z\"\/><\/svg><\/div><div class=\"timeline-card fade-in-right\"><h3>09:45<\/h3><h4>Conferencia inaugural<\/h4><div class=\"description\"><p><strong class=\"color\">Retos de la IA y su impacto en el turismo y la pyme.<\/strong><\/p><p><strong>\u00c1lex Ray\u00f3n.<\/strong> CEO Brain &amp; Code, S.L.<\/p><\/div><\/div><\/div><div class=\"timeline-item\"><div class=\"timeline-icon\"><svg viewBox=\"0 0 512 512\" xmlns=\"http:\/\/www.w3.org\/2000\/svg\"><path d=\"M256 8C119.033 8 8 119.033 8 256s111.033 248 248 248 248-111.033 248-248S392.967 8 256 8zm80 248c0 44.112-35.888 80-80 80s-80-35.888-80-80 35.888-80 80-80 80 35.888 80 80z\"\/><\/svg><\/div><div class=\"timeline-card fade-in-right\"><h3>10:25<\/h3><h4>Conversaci\u00f3n a dos<\/h4><div class=\"description\"><p><strong class=\"color\">\u00bfEst\u00e1 peparado el turismo de Ceuta ante un ciberataque? <\/strong><br \/><br \/><strong>Enrique Villa. <\/strong> Global technical sales manager de Wise Security.<br \/><br \/><strong>Luis M\u00e1rquez.<\/strong> Inside Sales Var Group<\/p><\/div><\/div><\/div><div class=\"timeline-item\"><div class=\"timeline-icon\"><svg viewBox=\"0 0 512 512\" xmlns=\"http:\/\/www.w3.org\/2000\/svg\"><path d=\"M256 8C119.033 8 8 119.033 8 256s111.033 248 248 248 248-111.033 248-248S392.967 8 256 8zm80 248c0 44.112-35.888 80-80 80s-80-35.888-80-80 35.888-80 80-80 80 35.888 80 80z\"\/><\/svg><\/div><div class=\"timeline-card fade-in-right\"><h3>10:55<\/h3><h4>Saluda<\/h4><div class=\"description\"><p><strong>Arantxa Campos. <\/strong> Presidenta de la Confederaci\u00f3n de Empresarios de Ceuta.<\/p><\/div><\/div><\/div><div class=\"timeline-item\"><div class=\"timeline-icon\"><svg viewBox=\"0 0 512 512\" xmlns=\"http:\/\/www.w3.org\/2000\/svg\"><path d=\"M256 8C119.033 8 8 119.033 8 256s111.033 248 248 248 248-111.033 248-248S392.967 8 256 8zm80 248c0 44.112-35.888 80-80 80s-80-35.888-80-80 35.888-80 80-80 80 35.888 80 80z\"\/><\/svg><\/div><div class=\"timeline-card fade-in-right\"><h3>11:00<\/h3><h4>Mesa redonda<\/h4><div class=\"description\"><strong class=\"color\">Digitalizaci\u00f3n, IA y ecosistema de innovaci\u00f3n: nuevos nichos laborales.<\/strong>\n<br>\n<strong>Jes\u00fas Langa. <\/strong>Sales manager de la empresa Templus (Data center Ceuta).\n<br>\n<strong>Alejandro Ortiz. <\/strong>Secretario\u00a0de la C\u00e1tedra de IA de la universidad de Granada en Ceuta\n<br>\n<strong>Rebeca Chac\u00f3n. <\/strong> Directora Ejecutiva de Evoque.\n<br>\n<strong>Carlos P\u00e9rez. <\/strong> Arquitecto y director de la escuela taller Puerta Califal.\n<br>\n<strong>Modera: Gema Mar\u00eda Casquero.<\/strong> COO Internal-IA group.<\/div><\/div><\/div><\/div>\t\t<\/div>\n\t\t\t\t<\/div>\n\t\t\t\t\t<\/div>\n\t\t<\/div>\n\t\t\t\t\t<\/div>\n\t\t<\/section>\n\t\t\t\t<section class=\"elementor-section elementor-top-section elementor-element elementor-element-cca1c4a elementor-section-stretched elementor-section-boxed elementor-section-height-default elementor-section-height-default\" data-id=\"cca1c4a\" data-element_type=\"section\" data-settings=\"{&quot;stretch_section&quot;:&quot;section-stretched&quot;}\">\n\t\t\t\t\t\t<div class=\"elementor-container elementor-column-gap-default\">\n\t\t\t\t\t<div class=\"elementor-column elementor-col-100 elementor-top-column elementor-element elementor-element-a225b90\" data-id=\"a225b90\" data-element_type=\"column\">\n\t\t\t<div class=\"elementor-widget-wrap elementor-element-populated\">\n\t\t\t\t\t\t<div class=\"elementor-element elementor-element-b4a24fb elementor-widget elementor-widget-text-editor\" data-id=\"b4a24fb\" data-element_type=\"widget\" data-widget_type=\"text-editor.default\">\n\t\t\t\t<div class=\"elementor-widget-container\">\n\t\t\t\t\t\t\t<h3 class=\"color_programa\">11:40 Caf\u00e9 y networking<\/h3>\t\t\t\t\t\t<\/div>\n\t\t\t\t<\/div>\n\t\t\t\t\t<\/div>\n\t\t<\/div>\n\t\t\t\t\t<\/div>\n\t\t<\/section>\n\t\t\t\t<section class=\"elementor-section elementor-top-section elementor-element elementor-element-3bf6e35 elementor-section-stretched elementor-section-boxed elementor-section-height-default elementor-section-height-default\" data-id=\"3bf6e35\" data-element_type=\"section\" data-settings=\"{&quot;stretch_section&quot;:&quot;section-stretched&quot;}\">\n\t\t\t\t\t\t<div class=\"elementor-container elementor-column-gap-default\">\n\t\t\t\t\t<div class=\"elementor-column elementor-col-100 elementor-top-column elementor-element elementor-element-6d9720f\" data-id=\"6d9720f\" data-element_type=\"column\">\n\t\t\t<div class=\"elementor-widget-wrap\">\n\t\t\t\t\t\t\t<\/div>\n\t\t<\/div>\n\t\t\t\t\t<\/div>\n\t\t<\/section>\n\t\t\t\t<section class=\"elementor-section elementor-top-section elementor-element elementor-element-8c505a9 elementor-section-stretched elementor-section-boxed elementor-section-height-default elementor-section-height-default\" data-id=\"8c505a9\" data-element_type=\"section\" data-settings=\"{&quot;stretch_section&quot;:&quot;section-stretched&quot;}\">\n\t\t\t\t\t\t<div class=\"elementor-container elementor-column-gap-default\">\n\t\t\t\t\t<div class=\"elementor-column elementor-col-100 elementor-top-column elementor-element elementor-element-481a642\" data-id=\"481a642\" data-element_type=\"column\">\n\t\t\t<div class=\"elementor-widget-wrap elementor-element-populated\">\n\t\t\t\t\t\t<div class=\"elementor-element elementor-element-8fce1a9 elementor-hidden-desktop elementor-hidden-tablet elementor-hidden-mobile elementor-widget elementor-widget-text-editor\" data-id=\"8fce1a9\" data-element_type=\"widget\" data-widget_type=\"text-editor.default\">\n\t\t\t\t<div class=\"elementor-widget-container\">\n\t\t\t\t\t\t\t<h3 class=\"color_programa\">14:00 Cierre<\/h3>\t\t\t\t\t\t<\/div>\n\t\t\t\t<\/div>\n\t\t\t\t<div class=\"elementor-element elementor-element-3ab2c05 elementor-widget elementor-widget-timeline_widget\" data-id=\"3ab2c05\" data-element_type=\"widget\" data-widget_type=\"timeline_widget.default\">\n\t\t\t\t<div class=\"elementor-widget-container\">\n\t\t\t<div  id=\"timeline-3ab2c05\" class=\"timeline-wrapper\"><div class=\"timeline-items\"><div id=\"timeline-3ab2c05\" class=\"timeline-bar\"><div class=\"timeline-progress\"><\/div><\/div><div class=\"timeline-item\"><div class=\"timeline-icon\"><svg viewBox=\"0 0 512 512\" xmlns=\"http:\/\/www.w3.org\/2000\/svg\"><path d=\"M256 8C119.033 8 8 119.033 8 256s111.033 248 248 248 248-111.033 248-248S392.967 8 256 8zm80 248c0 44.112-35.888 80-80 80s-80-35.888-80-80 35.888-80 80-80 80 35.888 80 80z\"\/><\/svg><\/div><div class=\"timeline-card fade-in-right\"><h3>12:10<\/h3><h4>Saluda<\/h4><div class=\"description\"><p><strong>Angel Lara. <\/strong>Secretario General. CCOO Ceuta.<\/p><\/div><\/div><\/div><div class=\"timeline-item\"><div class=\"timeline-icon\"><svg viewBox=\"0 0 512 512\" xmlns=\"http:\/\/www.w3.org\/2000\/svg\"><path d=\"M256 8C119.033 8 8 119.033 8 256s111.033 248 248 248 248-111.033 248-248S392.967 8 256 8zm80 248c0 44.112-35.888 80-80 80s-80-35.888-80-80 35.888-80 80-80 80 35.888 80 80z\"\/><\/svg><\/div><div class=\"timeline-card fade-in-right\"><h3>12:15<\/h3><h4>Ponencia<\/h4><div class=\"description\"><p><strong class=\"color\">Promoviendo competencias digitales desde Fundae.<\/strong><\/p><p><strong>Antonia Casado. <\/strong>Directora Talento y Bienestar. Fundae<br \/>(V\u00eddeo Experiencia Fundae).<\/p><\/div><\/div><\/div><div class=\"timeline-item\"><div class=\"timeline-icon\"><svg viewBox=\"0 0 512 512\" xmlns=\"http:\/\/www.w3.org\/2000\/svg\"><path d=\"M256 8C119.033 8 8 119.033 8 256s111.033 248 248 248 248-111.033 248-248S392.967 8 256 8zm80 248c0 44.112-35.888 80-80 80s-80-35.888-80-80 35.888-80 80-80 80 35.888 80 80z\"\/><\/svg><\/div><div class=\"timeline-card fade-in-right\"><h3>12:45<\/h3><h4>Saluda<\/h4><div class=\"description\"><p><strong>Soledad Gim\u00e9nez. <\/strong> Orientaci\u00f3n Laboral. UGT Ceuta.<\/p><\/div><\/div><\/div><div class=\"timeline-item\"><div class=\"timeline-icon\"><svg viewBox=\"0 0 512 512\" xmlns=\"http:\/\/www.w3.org\/2000\/svg\"><path d=\"M256 8C119.033 8 8 119.033 8 256s111.033 248 248 248 248-111.033 248-248S392.967 8 256 8zm80 248c0 44.112-35.888 80-80 80s-80-35.888-80-80 35.888-80 80-80 80 35.888 80 80z\"\/><\/svg><\/div><div class=\"timeline-card fade-in-right\"><h3>12:50<\/h3><h4>Panel de experiencias<\/h4><div class=\"description\"><p><strong class=\"color\">Ceuta Inteligente: startups que transforman el turismo, la salud y los servicios con IA y cercan\u00eda<\/strong><\/p><p><strong>Amalia Experience. Turismo cultural con identidad.<\/strong> CEO Noemi Carbonero.<\/p><p><strong>ConectaTurismo. Digitalizaci\u00f3n real del sector tur\u00edstico. <\/strong> CEO: Jos\u00e9 Antonio Flores.<\/p><p><strong> Internal\u00b7IA. Inteligencia artificial aplicada a la productividad empresarial. <\/strong> CEO: Francisco Orellana<\/p><p><strong>Regi. Automatizaci\u00f3n registro de viajeros en alojamientos. <\/strong> Fundador. Ignacio Lopezosa.<\/p><p><strong>SynQare. Digitalizaci\u00f3n del sector sanitario.<\/strong> CEO: Jos\u00e9 Enrique Roviralta.<\/p><p>Modera: <strong>Salva Ferri<\/strong> Founder y managing partner <strong>We tangible innovation.<\/strong><\/p><\/div><\/div><\/div><div class=\"timeline-item\"><div class=\"timeline-icon\"><svg viewBox=\"0 0 512 512\" xmlns=\"http:\/\/www.w3.org\/2000\/svg\"><path d=\"M256 8C119.033 8 8 119.033 8 256s111.033 248 248 248 248-111.033 248-248S392.967 8 256 8zm80 248c0 44.112-35.888 80-80 80s-80-35.888-80-80 35.888-80 80-80 80 35.888 80 80z\"\/><\/svg><\/div><div class=\"timeline-card fade-in-right\"><h3>13:50<\/h3><h4>Clausura y cierre<\/h4><div class=\"description\"><p><strong>Antonio de Luis.<\/strong>\u00a0Director Gerente. Fundae<br \/><br \/><strong>Francisco Gil. <\/strong>Director Provincial del SEPE en Ceuta<br \/><br \/><strong>Karim Bulaix. <\/strong>Presidente de la C\u00e1mara de Comercio de Ceuta.<br \/><br \/><strong>Salvador del Barrio. <\/strong>Vicerrector de la Universidad de Granada.<br \/><br \/><strong>Miguel Se\u00f1or.<\/strong> Director Provincial del Ministerio de Educaci\u00f3n, FP y Deportes.<br \/><br \/><strong>Carlos Rontom\u00e9. <\/strong> Director centro de la UNED.<\/p><\/div><\/div><\/div><\/div>\t\t<\/div>\n\t\t\t\t<\/div>\n\t\t\t\t\t<\/div>\n\t\t<\/div>\n\t\t\t\t\t<\/div>\n\t\t<\/section>\n\t\t\t\t<section class=\"elementor-section elementor-top-section elementor-element elementor-element-ed9d959 elementor-section-stretched elementor-section-boxed elementor-section-height-default elementor-section-height-default\" data-id=\"ed9d959\" data-element_type=\"section\" data-settings=\"{&quot;stretch_section&quot;:&quot;section-stretched&quot;}\">\n\t\t\t\t\t\t<div class=\"elementor-container elementor-column-gap-default\">\n\t\t\t\t\t<div class=\"elementor-column elementor-col-100 elementor-top-column elementor-element elementor-element-58144e2 home-boton\" data-id=\"58144e2\" data-element_type=\"column\">\n\t\t\t<div class=\"elementor-widget-wrap elementor-element-populated\">\n\t\t\t\t\t\t<div class=\"elementor-element elementor-element-ced2245 elementor-align-center elementor-widget elementor-widget-button\" data-id=\"ced2245\" data-element_type=\"widget\" data-widget_type=\"button.default\">\n\t\t\t\t<div class=\"elementor-widget-container\">\n\t\t\t\t\t<div class=\"elementor-button-wrapper\">\n\t\t\t<a class=\"elementor-button elementor-button-link elementor-size-sm\" href=\"http:\/\/universidadpyme.fundae.es\/ceuta\/wp-content\/uploads\/2026\/03\/Programa-Ceuta-3.pdf\" target=\"_blank\">\n\t\t\t\t\t\t<span class=\"elementor-button-content-wrapper\">\n\t\t\t\t\t\t\t\t\t<span class=\"elementor-button-text\">Descargar programa<\/span>\n\t\t\t\t\t<\/span>\n\t\t\t\t\t<\/a>\n\t\t<\/div>\n\t\t\t\t<\/div>\n\t\t\t\t<\/div>\n\t\t\t\t\t<\/div>\n\t\t<\/div>\n\t\t\t\t\t<\/div>\n\t\t<\/section>\n\t\t\t\t<section class=\"elementor-section elementor-top-section elementor-element elementor-element-11fb0ab elementor-section-stretched elementor-section-boxed elementor-section-height-default elementor-section-height-default\" data-id=\"11fb0ab\" data-element_type=\"section\" data-settings=\"{&quot;stretch_section&quot;:&quot;section-stretched&quot;}\">\n\t\t\t\t\t\t<div class=\"elementor-container elementor-column-gap-default\">\n\t\t\t\t\t<div class=\"elementor-column elementor-col-100 elementor-top-column elementor-element elementor-element-c8bf472 home-boton\" data-id=\"c8bf472\" data-element_type=\"column\">\n\t\t\t<div class=\"elementor-widget-wrap\">\n\t\t\t\t\t\t\t<\/div>\n\t\t<\/div>\n\t\t\t\t\t<\/div>\n\t\t<\/section>\n\t\t\t\t<\/div>\n\t\t","protected":false},"excerpt":{"rendered":"<p>AGENDA 05 DE MARZO Conductor de la jornada: Luis Boya 09:00 Recepci\u00f3n y acreditaci\u00f3n 09:30 Bienvenida institucional Antonio de Luis. Director Gerente. Fundae. Nicola Cecchi, Consejero de Turismo, Comercio, Empleo y Deporte en Ciudad Aut\u00f3noma de Ceuta. Miguel \u00c1ngel P\u00e9rez, Delegado del Gobierno de Espa\u00f1a en la Ciudad Aut\u00f3noma de Ceuta. 09:45 Conferencia inaugural Retos&hellip;<\/p>\n","protected":false},"author":1,"featured_media":0,"parent":0,"menu_order":0,"comment_status":"closed","ping_status":"closed","template":"","meta":{"footnotes":""},"class_list":["post-2415","page","type-page","status-publish","hentry"],"_links":{"self":[{"href":"https:\/\/universidadpyme.fundae.es\/ceuta\/wp-json\/wp\/v2\/pages\/2415","targetHints":{"allow":["GET"]}}],"collection":[{"href":"https:\/\/universidadpyme.fundae.es\/ceuta\/wp-json\/wp\/v2\/pages"}],"about":[{"href":"https:\/\/universidadpyme.fundae.es\/ceuta\/wp-json\/wp\/v2\/types\/page"}],"author":[{"embeddable":true,"href":"https:\/\/universidadpyme.fundae.es\/ceuta\/wp-json\/wp\/v2\/users\/1"}],"replies":[{"embeddable":true,"href":"https:\/\/universidadpyme.fundae.es\/ceuta\/wp-json\/wp\/v2\/comments?post=2415"}],"version-history":[{"count":1313,"href":"https:\/\/universidadpyme.fundae.es\/ceuta\/wp-json\/wp\/v2\/pages\/2415\/revisions"}],"predecessor-version":[{"id":4416,"href":"https:\/\/universidadpyme.fundae.es\/ceuta\/wp-json\/wp\/v2\/pages\/2415\/revisions\/4416"}],"wp:attachment":[{"href":"https:\/\/universidadpyme.fundae.es\/ceuta\/wp-json\/wp\/v2\/media?parent=2415"}],"curies":[{"name":"wp","href":"https:\/\/api.w.org\/{rel}","templated":true}]}}