{"id":834,"date":"2014-03-18T09:49:29","date_gmt":"2014-03-18T09:49:29","guid":{"rendered":"http:\/\/the7.dream-demo.com\/business\/?page_id=2"},"modified":"2026-03-23T10:31:01","modified_gmt":"2026-03-23T10:31:01","slug":"homepages","status":"publish","type":"page","link":"https:\/\/universidadpyme.fundae.es\/ceuta\/","title":{"rendered":"Home"},"content":{"rendered":"<section class=\"wpb-content-wrapper\"><p>[vc_row el_class=\u00bbhome-columna\u00bb][vc_column width=\u00bb1\/2&#8243; el_class=\u00bbprimera\u00bb][vc_column_text el_class=\u00bbtexto\u00bb css=\u00bb.vc_custom_1770107232520{margin-right: 50px !important;}\u00bb]<\/p>\n<h1 class=\"home\">Avances digitales en el turismo<\/h1>\n<p>Ceuta se convierte en punto de encuentro para la innovaci\u00f3n aplicada al turismo. Universidad Pyme Ceuta re\u00fane a expertos, empresas y profesionales para analizar c\u00f3mo la inteligencia artificial, la ciberseguridad y la digitalizaci\u00f3n est\u00e1n transformando el sector tur\u00edstico y abriendo nuevas oportunidades para las pymes.<\/p>\n<p>Durante la jornada, se abordar\u00e1n los retos y oportunidades de un turismo m\u00e1s inteligente, seguro y competitivo, capaz de crecer sin perder su identidad. Una cita clave para quienes apuestan por la innovaci\u00f3n como motor de desarrollo econ\u00f3mico y empleo en Ceuta.<\/p>\n<p><strong><span class=\"naranja\">Dirigido a <\/span><\/strong> pymes, emprendedores y profesionales del sector tur\u00edstico, as\u00ed como a todas aquellas personas interesadas en la digitalizaci\u00f3n, la inteligencia artificial y las tecnolog\u00edas emergentes aplicadas al desarrollo y la competitividad de los destinos.[\/vc_column_text][\/vc_column][vc_column width=\u00bb1\/2&#8243; el_class=\u00bbsegunda\u00bb css=\u00bb.vc_custom_1757347205781{margin-top: 30px !important;margin-left: 50px !important;}\u00bb][vc_single_image image=\u00bb3993&#8243; img_size=\u00bb150&#215;180&#8243; el_class=\u00bbhome-calendario\u00bb][vc_column_text css=\u00bb.vc_custom_1771233350610{margin-top: 20px !important;}\u00bb el_class=\u00bbtexto\u00bb]<strong>Fecha:<\/strong> 05 de marzo<br \/>\n<strong>Horario:<\/strong> 09:00-14:00 horas<br \/>\n<strong>Lugar:<\/strong> Sal\u00f3n de Actos del Palacio Auton\u00f3mico de la Ciudad Aut\u00f3noma de Ceuta<br \/>\n<strong>Direcci\u00f3n:<\/strong> Plaza de \u00c1frica, s\/n[\/vc_column_text][vc_column_text css=\u00bb.vc_custom_1754053338684{margin-top: 20px !important;}\u00bb]<strong><span class=\"azul texto\">\u00a1No te quedes sin plaza!<\/span><\/strong>[\/vc_column_text][vc_btn title=\u00bbInscr\u00edbete\u00bb color=\u00bbprimary\u00bb el_class=\u00bbhome-boton none\u00bb link=\u00bburl:https%3A%2F%2Fformularios.businessplus.es%2FUniversidadPyme%3Fclave%3DbwIFlwsDN0ahp8JyRtM0Pw|target:_blank\u00bb][\/vc_column][\/vc_row][vc_row anchor=\u00bb200&#8243; el_class=\u00bbcolumna_inicio\u00bb][vc_column width=\u00bb1\/3&#8243;][vc_single_image image=\u00bb3995&#8243; alignment=\u00bbcenter\u00bb el_class=\u00bbiconos_inicio\u00bb][vc_column_text el_class=\u00bbtexto\u00bb]<\/p>\n<p class=\"texto-home\" style=\"text-align: center;\">05 de marzo de 2026<\/p>\n<p>[\/vc_column_text][\/vc_column][vc_column width=\u00bb1\/3&#8243;][vc_single_image image=\u00bb3996&#8243; alignment=\u00bbcenter\u00bb el_class=\u00bbiconos_inicio\u00bb][vc_column_text el_class=\u00bbtexto\u00bb]<\/p>\n<p class=\"texto-home\" style=\"text-align: center;\">09:00-14:00 horas<\/p>\n<p>[\/vc_column_text][\/vc_column][vc_column width=\u00bb1\/3&#8243;][vc_single_image image=\u00bb3997&#8243; alignment=\u00bbcenter\u00bb el_class=\u00bbiconos_inicio\u00bb][vc_wp_text el_class=\u00bbtexto\u00bb]<\/p>\n<p class=\"texto-home\" style=\"text-align: center;\">Sal\u00f3n de Actos del Palacio Auton\u00f3mico de la Ciudad Aut\u00f3noma de Ceuta<\/p>\n<p class=\"texto-home\" style=\"text-align: center; font-size: 18px; font-weight: 300;\">Plaza de \u00c1frica, s\/n<\/p>\n<p>[\/vc_wp_text][\/vc_column][\/vc_row][vc_row][vc_column][vc_single_image image=\u00bb4256&#8243; img_size=\u00bb1250 x 70&#8243; alignment=\u00bbcenter\u00bb el_class=\u00bbimagen_ministerio\u00bb][\/vc_column][\/vc_row]<\/p>\n<\/section>","protected":false},"excerpt":{"rendered":"<p>[vc_row el_class=\u00bbhome-columna\u00bb][vc_column width=\u00bb1\/2&#8243; el_class=\u00bbprimera\u00bb][vc_column_text el_class=\u00bbtexto\u00bb css=\u00bb.vc_custom_1770107232520{margin-right: 50px !important;}\u00bb] Avances digitales en el turismo Ceuta se convierte en punto de encuentro para la innovaci\u00f3n aplicada al turismo. Universidad Pyme Ceuta re\u00fane a expertos, empresas y profesionales para analizar c\u00f3mo la inteligencia artificial, la ciberseguridad y la digitalizaci\u00f3n est\u00e1n transformando el sector tur\u00edstico y abriendo nuevas oportunidades&hellip;<\/p>\n","protected":false},"author":1,"featured_media":0,"parent":0,"menu_order":0,"comment_status":"closed","ping_status":"closed","template":"","meta":{"footnotes":""},"class_list":["post-834","page","type-page","status-publish","hentry","description-off"],"_links":{"self":[{"href":"https:\/\/universidadpyme.fundae.es\/ceuta\/wp-json\/wp\/v2\/pages\/834","targetHints":{"allow":["GET"]}}],"collection":[{"href":"https:\/\/universidadpyme.fundae.es\/ceuta\/wp-json\/wp\/v2\/pages"}],"about":[{"href":"https:\/\/universidadpyme.fundae.es\/ceuta\/wp-json\/wp\/v2\/types\/page"}],"author":[{"embeddable":true,"href":"https:\/\/universidadpyme.fundae.es\/ceuta\/wp-json\/wp\/v2\/users\/1"}],"replies":[{"embeddable":true,"href":"https:\/\/universidadpyme.fundae.es\/ceuta\/wp-json\/wp\/v2\/comments?post=834"}],"version-history":[{"count":150,"href":"https:\/\/universidadpyme.fundae.es\/ceuta\/wp-json\/wp\/v2\/pages\/834\/revisions"}],"predecessor-version":[{"id":4422,"href":"https:\/\/universidadpyme.fundae.es\/ceuta\/wp-json\/wp\/v2\/pages\/834\/revisions\/4422"}],"wp:attachment":[{"href":"https:\/\/universidadpyme.fundae.es\/ceuta\/wp-json\/wp\/v2\/media?parent=834"}],"curies":[{"name":"wp","href":"https:\/\/api.w.org\/{rel}","templated":true}]}}