{"id":835,"date":"2014-03-18T10:02:39","date_gmt":"2014-03-18T10:02:39","guid":{"rendered":"http:\/\/the7.dream-demo.com\/business\/?page_id=5"},"modified":"2024-03-06T17:46:34","modified_gmt":"2024-03-06T17:46:34","slug":"que-es","status":"publish","type":"page","link":"https:\/\/universidadpyme.fundae.es\/cordoba\/que-es\/","title":{"rendered":"\u00bfQu\u00e9 es?"},"content":{"rendered":"<section class=\"wpb-content-wrapper\"><p>[vc_row][vc_column]\n\t\t\t<!-- START Que es REVOLUTION SLIDER 6.6.10 --><p class=\"rs-p-wp-fix\"><\/p>\n\t\t\t<rs-module-wrap id=\"rev_slider_12_1_wrapper\" data-source=\"gallery\" style=\"visibility:hidden;background:transparent;padding:0;margin:0px auto;margin-top:0;margin-bottom:0;\">\n\t\t\t\t<rs-module id=\"rev_slider_12_1\" style=\"\" data-version=\"6.6.10\">\n\t\t\t\t\t<rs-slides style=\"overflow: hidden; position: absolute;\">\n\t\t\t\t\t\t<rs-slide style=\"position: absolute;\" data-key=\"rs-15\" data-title=\"Slide\" data-anim=\"adpr:false;ms:600;\" data-in=\"o:0;\" data-out=\"a:false;\">\n\t\t\t\t\t\t\t<img fetchpriority=\"high\" decoding=\"async\" src=\"\/\/universidadpyme.fundae.es\/cordoba\/wp-content\/plugins\/revslider\/public\/assets\/assets\/dummy.png\" alt=\"Slide\" title=\"fondo_degradado\" width=\"2540\" height=\"1143\" class=\"rev-slidebg tp-rs-img rs-lazyload\" data-lazyload=\"\/\/universidadpyme.fundae.es\/cordoba\/wp-content\/plugins\/revslider\/public\/assets\/assets\/transparent.png\" data-bg=\"p:right center;c:#d3741c;\" data-no-retina>\n<!--\n\t\t\t\t\t\t\t--><rs-layer\n\t\t\t\t\t\t\t\tid=\"slider-12-slide-15-layer-0\" \n\t\t\t\t\t\t\t\tdata-type=\"text\"\n\t\t\t\t\t\t\t\tdata-color=\"#24272a\"\n\t\t\t\t\t\t\t\tdata-rsp_ch=\"on\"\n\t\t\t\t\t\t\t\tdata-xy=\"x:l,c,c,c;xo:24px,7px,0,0;yo:167px,375px,365px,356px;\"\n\t\t\t\t\t\t\t\tdata-text=\"w:normal;s:30,25,25,20;l:38,30,30,25;ls:0px,0px,0px,2px;fw:700;\"\n\t\t\t\t\t\t\t\tdata-dim=\"w:600px,915px,642px,436px;\"\n\t\t\t\t\t\t\t\tdata-frame_1=\"st:1330;sp:1200;sR:1330;\"\n\t\t\t\t\t\t\t\tdata-frame_999=\"o:0;st:w;sR:6470;\"\n\t\t\t\t\t\t\t\tstyle=\"z-index:7;font-family:'Nexa';\"\n\t\t\t\t\t\t\t>Un evento \u00fanico en el que podr\u00e1s conocer multitud de experiencias e iniciativas innovadoras que las instituciones y las empresas est\u00e1n llevando a cabo para impulsar la transformaci\u00f3n digital \n\t\t\t\t\t\t\t<\/rs-layer><!--\n\n\t\t\t\t\t\t\t--><a\n\t\t\t\t\t\t\t\tid=\"slider-12-slide-15-layer-1\" \n\t\t\t\t\t\t\t\tclass=\"rs-layer rev-btn\"\n\t\t\t\t\t\t\t\thref=\"https:\/\/formularios.businessplus.es\/UniversidadPyme?clave=mcYrmRJa0CHtQFBtg9Ww\" target=\"_blank\" rel=\"noopener\"\n\t\t\t\t\t\t\t\tdata-type=\"button\"\n\t\t\t\t\t\t\t\tdata-rsp_ch=\"on\"\n\t\t\t\t\t\t\t\tdata-xy=\"x:l,c,c,c;xo:24px,0,0,0;yo:411px,485px,513px,524px;\"\n\t\t\t\t\t\t\t\tdata-text=\"w:normal;s:20,25,25,26;l:55,41,38,29;fw:500;a:center;\"\n\t\t\t\t\t\t\t\tdata-dim=\"w:217px,179px,175px,186px;h:auto,auto,auto,46px;minh:0px,none,none,none;\"\n\t\t\t\t\t\t\t\tdata-vbility=\"f,f,f,f\"\n\t\t\t\t\t\t\t\tdata-padding=\"t:10,8,7,14;r:40,30,29,18;b:0,0,0,14;l:40,30,29,18;\"\n\t\t\t\t\t\t\t\tdata-border=\"bor:5px,5px,5px,5px;\"\n\t\t\t\t\t\t\t\tdata-frame_0=\"x:0,0,0px,0px;y:0,0,0px,0px;\"\n\t\t\t\t\t\t\t\tdata-frame_1=\"x:0,0,0px,0px;y:0,0,0px,0px;st:1360;sp:1200;sR:1360;\"\n\t\t\t\t\t\t\t\tdata-frame_999=\"o:0;st:w;sR:6440;\"\n\t\t\t\t\t\t\t\tdata-frame_hover=\"bgc:#007aff;bor:5px,5px,5px,5px;sp:100;e:power1.inOut;bri:120%;\"\n\t\t\t\t\t\t\t\tstyle=\"z-index:10;background-color:#001d85;font-family:'Nexa';\"\n\t\t\t\t\t\t\t>Inscr\u00edbete \n\t\t\t\t\t\t\t<\/a><!--\n\n\t\t\t\t\t\t\t--><rs-layer\n\t\t\t\t\t\t\t\tid=\"slider-12-slide-15-layer-2\" \n\t\t\t\t\t\t\t\tdata-type=\"text\"\n\t\t\t\t\t\t\t\tdata-color=\"#001d85\"\n\t\t\t\t\t\t\t\tdata-rsp_ch=\"on\"\n\t\t\t\t\t\t\t\tdata-xy=\"x:l,l,l,c;xo:24px,56px,70px,0;y:m;yo:-177px,73px,31px,31px;\"\n\t\t\t\t\t\t\t\tdata-text=\"w:normal;s:45,45,45,30;l:50,50,50,35;ls:1px;fw:700;\"\n\t\t\t\t\t\t\t\tdata-dim=\"w:393px,410px,307px,439px;h:51px,auto,auto,31px;\"\n\t\t\t\t\t\t\t\tdata-margin=\"b:30;\"\n\t\t\t\t\t\t\t\tdata-frame_0=\"y:100%;\"\n\t\t\t\t\t\t\t\tdata-frame_0_mask=\"u:t;y:100%;\"\n\t\t\t\t\t\t\t\tdata-frame_1=\"e:power2.inOut;st:1350;sp:1200;sR:1350;\"\n\t\t\t\t\t\t\t\tdata-frame_1_mask=\"u:t;\"\n\t\t\t\t\t\t\t\tdata-frame_999=\"o:0;e:nothing;st:w;sR:6450;\"\n\t\t\t\t\t\t\t\tstyle=\"z-index:8;font-family:'Nexa';\"\n\t\t\t\t\t\t\t>\u00bfQu\u00e9 es? \n\t\t\t\t\t\t\t<\/rs-layer><!--\n\n\t\t\t\t\t\t\t--><rs-layer\n\t\t\t\t\t\t\t\tid=\"slider-12-slide-15-layer-3\" \n\t\t\t\t\t\t\t\tdata-type=\"image\"\n\t\t\t\t\t\t\t\tdata-rsp_ch=\"on\"\n\t\t\t\t\t\t\t\tdata-xy=\"x:l,l,c,c;xo:965px,504px,127px,105px;yo:452px,278px,257px,270px;\"\n\t\t\t\t\t\t\t\tdata-text=\"w:normal;s:20,15,11,6;l:0,18,13,8;\"\n\t\t\t\t\t\t\t\tdata-dim=\"w:360px,273px,274px,247px;h:36px,27px,27px,25px;\"\n\t\t\t\t\t\t\t\tdata-frame_1=\"st:1340;sp:1200;sR:1340;\"\n\t\t\t\t\t\t\t\tdata-frame_999=\"o:0;st:w;sR:6460;\"\n\t\t\t\t\t\t\t\tstyle=\"z-index:11;\"\n\t\t\t\t\t\t\t><img decoding=\"async\" src=\"\/\/universidadpyme.fundae.es\/cordoba\/wp-content\/plugins\/revslider\/public\/assets\/assets\/dummy.png\" alt=\"\" class=\"tp-rs-img rs-lazyload\" width=\"392\" height=\"39\" data-lazyload=\"\/\/universidadpyme.fundae.es\/madrid\/wp-content\/uploads\/2023\/09\/frase.png\" data-no-retina> \n\t\t\t\t\t\t\t<\/rs-layer><!--\n\n\t\t\t\t\t\t\t--><rs-layer\n\t\t\t\t\t\t\t\tid=\"slider-12-slide-15-layer-4\" \n\t\t\t\t\t\t\t\tdata-type=\"image\"\n\t\t\t\t\t\t\t\tdata-rsp_ch=\"on\"\n\t\t\t\t\t\t\t\tdata-xy=\"x:r,c,c,c;xo:28px,-5px,0,0;y:m;yo:-20px,-107px,-143px,-153px;\"\n\t\t\t\t\t\t\t\tdata-text=\"w:normal;s:20,15,11,6;l:0,18,13,8;\"\n\t\t\t\t\t\t\t\tdata-dim=\"w:672px,481px,415px,418px;h:413px,295px,255px,256px;\"\n\t\t\t\t\t\t\t\tdata-frame_1=\"st:1350;sp:1200;sR:1350;\"\n\t\t\t\t\t\t\t\tdata-frame_999=\"o:0;st:w;sR:6450;\"\n\t\t\t\t\t\t\t\tstyle=\"z-index:9;\"\n\t\t\t\t\t\t\t><img decoding=\"async\" src=\"\/\/universidadpyme.fundae.es\/cordoba\/wp-content\/plugins\/revslider\/public\/assets\/assets\/dummy.png\" alt=\"\" class=\"tp-rs-img rs-lazyload\" width=\"1119\" height=\"687\" data-lazyload=\"\/\/universidadpyme.fundae.es\/cordoba\/wp-content\/uploads\/2024\/02\/logo-UP-nuevo-desnivel-e1707814323981.png\" data-no-retina> \n\t\t\t\t\t\t\t<\/rs-layer><!--\n-->\t\t\t\t\t\t<\/rs-slide>\n\t\t\t\t\t<\/rs-slides>\n\t\t\t\t<\/rs-module>\n\t\t\t\t<script>\n\t\t\t\t\tsetREVStartSize({c: 'rev_slider_12_1',rl:[1240,1024,778,480],el:[600,550,600,600],gw:[1350,1024,778,480],gh:[600,550,600,600],type:'standard',justify:'',layout:'fullwidth',mh:\"600\"});if (window.RS_MODULES!==undefined && window.RS_MODULES.modules!==undefined && window.RS_MODULES.modules[\"revslider121\"]!==undefined) {window.RS_MODULES.modules[\"revslider121\"].once = false;window.revapi12 = undefined;if (window.RS_MODULES.checkMinimal!==undefined) window.RS_MODULES.checkMinimal()}\n\t\t\t\t<\/script>\n\t\t\t<\/rs-module-wrap>\n\t\t\t<!-- END REVOLUTION SLIDER -->\n[vc_row_inner][vc_column_inner width=\u00bb1\/3&#8243;][\/vc_column_inner][vc_column_inner width=\u00bb1\/3&#8243;][vc_empty_space height=\u00bb100&#8243;][vc_column_text]<\/p>\n<div style=\"width: 1200px;\" class=\"wp-video\"><video class=\"wp-video-shortcode\" id=\"video-835-1\" width=\"1200\" height=\"675\" preload=\"metadata\" controls=\"controls\"><source type=\"video\/mp4\" src=\"https:\/\/universidadpyme.fundae.es\/cordoba\/wp-content\/uploads\/2024\/02\/Tour-Universidad-Pyme.mp4?_=1\" \/><a href=\"https:\/\/universidadpyme.fundae.es\/cordoba\/wp-content\/uploads\/2024\/02\/Tour-Universidad-Pyme.mp4\">https:\/\/universidadpyme.fundae.es\/cordoba\/wp-content\/uploads\/2024\/02\/Tour-Universidad-Pyme.mp4<\/a><\/video><\/div>\n<p>[\/vc_column_text][vc_empty_space height=\u00bb100&#8243;][\/vc_column_inner][vc_column_inner width=\u00bb1\/3&#8243;][\/vc_column_inner][\/vc_row_inner][\/vc_column][\/vc_row][vc_row][vc_column css=\u00bb.vc_custom_1695719150061{margin-bottom: 50px !important;}\u00bb][vc_column_text]<\/p>\n<p class=\"universidad\" style=\"text-align: center;\">Bienvenidos a Sembramos Futuro:<\/p>\n<p class=\"universidad\" style=\"text-align: center;\">Digitalizaci\u00f3n, Formaci\u00f3n y Empleo Agrario<\/p>\n<p>[\/vc_column_text][vc_column_text css=\u00bb.vc_custom_1709746983560{margin-top: 50px !important;padding-right: 170px !important;padding-left: 170px !important;}\u00bb el_class=\u00bbevento_unico\u00bb]En un mundo donde la innovaci\u00f3n se encontr\u00f3 con la tradici\u00f3n, el proyecto Universidad Pyme presenta un evento donde se exploraron los avances que la tecnolog\u00eda y la digitalizaci\u00f3n est\u00e1n aportando al sector agrario y agroalimentario.[\/vc_column_text][vc_column_text css=\u00bb.vc_custom_1709747181610{padding-right: 170px !important;padding-left: 170px !important;}\u00bb el_class=\u00bbevento_unico\u00bb]Desde la agricultura de precisi\u00f3n hasta la conectividad a trav\u00e9s de IoT, desde la rob\u00f3tica agr\u00edcola hasta la trazabilidad con blockchain, estamos presenciando una evoluci\u00f3n que redefine c\u00f3mo cultivamos, cosechamos y alimentamos al mundo.<\/p>\n<p>&nbsp;<\/p>\n<p>El Palacio de C\u00f3rdoba fue el escenario de diversos espacios, conferencias, mesas redondas y talleres centrados en la digitalizaci\u00f3n del sector agrario y alimentario, en el emprendimiento, en la formaci\u00f3n y en el empleo.[\/vc_column_text][vc_column_text css=\u00bb.vc_custom_1707988633897{padding-top: 100px !important;}\u00bb]<\/p>\n<p class=\"universidad\" style=\"text-align: center;\">#UNIVERSIDADPYME<\/p>\n<p>[\/vc_column_text][vc_empty_space height=\u00bb100&#8243;][\/vc_column][\/vc_row]<\/p>\n<\/section>","protected":false},"excerpt":{"rendered":"<p>[vc_row][vc_column][vc_row_inner][vc_column_inner width=\u00bb1\/3&#8243;][\/vc_column_inner][vc_column_inner width=\u00bb1\/3&#8243;][vc_empty_space height=\u00bb100&#8243;][vc_column_text] [\/vc_column_text][vc_empty_space height=\u00bb100&#8243;][\/vc_column_inner][vc_column_inner width=\u00bb1\/3&#8243;][\/vc_column_inner][\/vc_row_inner][\/vc_column][\/vc_row][vc_row][vc_column css=\u00bb.vc_custom_1695719150061{margin-bottom: 50px !important;}\u00bb][vc_column_text] Bienvenidos a Sembramos Futuro: Digitalizaci\u00f3n, Formaci\u00f3n y Empleo Agrario [\/vc_column_text][vc_column_text css=\u00bb.vc_custom_1709746983560{margin-top: 50px !important;padding-right: 170px !important;padding-left: 170px !important;}\u00bb el_class=\u00bbevento_unico\u00bb]En un mundo donde la innovaci\u00f3n se encontr\u00f3 con la tradici\u00f3n, el proyecto Universidad Pyme presenta un evento donde se exploraron los avances que la tecnolog\u00eda y la&hellip;<\/p>\n","protected":false},"author":1,"featured_media":0,"parent":0,"menu_order":20,"comment_status":"closed","ping_status":"closed","template":"","meta":{"footnotes":""},"class_list":["post-835","page","type-page","status-publish","hentry","description-off"],"yoast_head":"<!-- This site is optimized with the Yoast SEO plugin v22.5 - https:\/\/yoast.com\/wordpress\/plugins\/seo\/ -->\n<title>\u00bfQu\u00e9 es? - Universidad PYME C\u00f3rdoba<\/title>\n<meta name=\"robots\" content=\"index, follow, max-snippet:-1, max-image-preview:large, max-video-preview:-1\" \/>\n<link rel=\"canonical\" href=\"https:\/\/universidadpyme.fundae.es\/cordoba\/que-es\/\" \/>\n<meta property=\"og:locale\" content=\"es_ES\" \/>\n<meta property=\"og:type\" content=\"article\" \/>\n<meta property=\"og:title\" content=\"Universidad PYME C\u00f3rdoba\" \/>\n<meta property=\"og:description\" content=\"Si quieres descubrir las \u00faltimas tendencias y novedades del sector de la tecnolog\u00eda e innovaci\u00f3n y la formaci\u00f3n, \u00e9ste es tu encuentro, para ti, para tu empresa, para tu proyecto.\" \/>\n<meta property=\"og:url\" content=\"https:\/\/universidadpyme.fundae.es\/cordoba\/que-es\/\" \/>\n<meta property=\"og:site_name\" content=\"Universidad PYME C\u00f3rdoba\" \/>\n<meta property=\"article:modified_time\" content=\"2024-03-06T17:46:34+00:00\" \/>\n<meta property=\"og:image\" content=\"https:\/\/universidadpyme.fundae.es\/cordoba\/wp-content\/uploads\/2024\/02\/Compartir-link.png\" \/>\n\t<meta property=\"og:image:width\" content=\"300\" \/>\n\t<meta property=\"og:image:height\" content=\"300\" \/>\n\t<meta property=\"og:image:type\" content=\"image\/png\" \/>\n<meta name=\"twitter:card\" content=\"summary_large_image\" \/>\n<meta name=\"twitter:title\" content=\"Universidad PYME\" \/>\n<meta name=\"twitter:description\" content=\"Si quieres descubrir las \u00faltimas tendencias y novedades del sector de la tecnolog\u00eda e innovaci\u00f3n y la formaci\u00f3n, \u00e9ste es tu encuentro, para ti, para tu empresa, para tu proyecto.\" \/>\n<meta name=\"twitter:image\" content=\"https:\/\/universidadpyme.fundae.es\/cordoba\/wp-content\/uploads\/2023\/10\/facebook_compartir.png\" \/>\n<meta name=\"twitter:label1\" content=\"Tiempo de lectura\" \/>\n\t<meta name=\"twitter:data1\" content=\"1 minuto\" \/>\n<script type=\"application\/ld+json\" class=\"yoast-schema-graph\">{\"@context\":\"https:\/\/schema.org\",\"@graph\":[{\"@type\":\"WebPage\",\"@id\":\"https:\/\/universidadpyme.fundae.es\/cordoba\/que-es\/\",\"url\":\"https:\/\/universidadpyme.fundae.es\/cordoba\/que-es\/\",\"name\":\"\u00bfQu\u00e9 es? - Universidad PYME C\u00f3rdoba\",\"isPartOf\":{\"@id\":\"https:\/\/universidadpyme.fundae.es\/cordoba\/#website\"},\"datePublished\":\"2014-03-18T10:02:39+00:00\",\"dateModified\":\"2024-03-06T17:46:34+00:00\",\"breadcrumb\":{\"@id\":\"https:\/\/universidadpyme.fundae.es\/cordoba\/que-es\/#breadcrumb\"},\"inLanguage\":\"es\",\"potentialAction\":[{\"@type\":\"ReadAction\",\"target\":[\"https:\/\/universidadpyme.fundae.es\/cordoba\/que-es\/\"]}]},{\"@type\":\"BreadcrumbList\",\"@id\":\"https:\/\/universidadpyme.fundae.es\/cordoba\/que-es\/#breadcrumb\",\"itemListElement\":[{\"@type\":\"ListItem\",\"position\":1,\"name\":\"Portada\",\"item\":\"https:\/\/universidadpyme.fundae.es\/cordoba\/\"},{\"@type\":\"ListItem\",\"position\":2,\"name\":\"\u00bfQu\u00e9 es?\"}]},{\"@type\":\"WebSite\",\"@id\":\"https:\/\/universidadpyme.fundae.es\/cordoba\/#website\",\"url\":\"https:\/\/universidadpyme.fundae.es\/cordoba\/\",\"name\":\"Universidad PYME C\u00f3rdoba\",\"description\":\"Otro sitio realizado con WordPress\",\"potentialAction\":[{\"@type\":\"SearchAction\",\"target\":{\"@type\":\"EntryPoint\",\"urlTemplate\":\"https:\/\/universidadpyme.fundae.es\/cordoba\/?s={search_term_string}\"},\"query-input\":\"required name=search_term_string\"}],\"inLanguage\":\"es\"}]}<\/script>\n<!-- \/ Yoast SEO plugin. -->","yoast_head_json":{"title":"\u00bfQu\u00e9 es? - Universidad PYME C\u00f3rdoba","robots":{"index":"index","follow":"follow","max-snippet":"max-snippet:-1","max-image-preview":"max-image-preview:large","max-video-preview":"max-video-preview:-1"},"canonical":"https:\/\/universidadpyme.fundae.es\/cordoba\/que-es\/","og_locale":"es_ES","og_type":"article","og_title":"Universidad PYME C\u00f3rdoba","og_description":"Si quieres descubrir las \u00faltimas tendencias y novedades del sector de la tecnolog\u00eda e innovaci\u00f3n y la formaci\u00f3n, \u00e9ste es tu encuentro, para ti, para tu empresa, para tu proyecto.","og_url":"https:\/\/universidadpyme.fundae.es\/cordoba\/que-es\/","og_site_name":"Universidad PYME C\u00f3rdoba","article_modified_time":"2024-03-06T17:46:34+00:00","og_image":[{"width":300,"height":300,"url":"https:\/\/universidadpyme.fundae.es\/cordoba\/wp-content\/uploads\/2024\/02\/Compartir-link.png","type":"image\/png"}],"twitter_card":"summary_large_image","twitter_title":"Universidad PYME","twitter_description":"Si quieres descubrir las \u00faltimas tendencias y novedades del sector de la tecnolog\u00eda e innovaci\u00f3n y la formaci\u00f3n, \u00e9ste es tu encuentro, para ti, para tu empresa, para tu proyecto.","twitter_image":"https:\/\/universidadpyme.fundae.es\/cordoba\/wp-content\/uploads\/2023\/10\/facebook_compartir.png","twitter_misc":{"Tiempo de lectura":"1 minuto"},"schema":{"@context":"https:\/\/schema.org","@graph":[{"@type":"WebPage","@id":"https:\/\/universidadpyme.fundae.es\/cordoba\/que-es\/","url":"https:\/\/universidadpyme.fundae.es\/cordoba\/que-es\/","name":"\u00bfQu\u00e9 es? - Universidad PYME C\u00f3rdoba","isPartOf":{"@id":"https:\/\/universidadpyme.fundae.es\/cordoba\/#website"},"datePublished":"2014-03-18T10:02:39+00:00","dateModified":"2024-03-06T17:46:34+00:00","breadcrumb":{"@id":"https:\/\/universidadpyme.fundae.es\/cordoba\/que-es\/#breadcrumb"},"inLanguage":"es","potentialAction":[{"@type":"ReadAction","target":["https:\/\/universidadpyme.fundae.es\/cordoba\/que-es\/"]}]},{"@type":"BreadcrumbList","@id":"https:\/\/universidadpyme.fundae.es\/cordoba\/que-es\/#breadcrumb","itemListElement":[{"@type":"ListItem","position":1,"name":"Portada","item":"https:\/\/universidadpyme.fundae.es\/cordoba\/"},{"@type":"ListItem","position":2,"name":"\u00bfQu\u00e9 es?"}]},{"@type":"WebSite","@id":"https:\/\/universidadpyme.fundae.es\/cordoba\/#website","url":"https:\/\/universidadpyme.fundae.es\/cordoba\/","name":"Universidad PYME C\u00f3rdoba","description":"Otro sitio realizado con WordPress","potentialAction":[{"@type":"SearchAction","target":{"@type":"EntryPoint","urlTemplate":"https:\/\/universidadpyme.fundae.es\/cordoba\/?s={search_term_string}"},"query-input":"required name=search_term_string"}],"inLanguage":"es"}]}},"_links":{"self":[{"href":"https:\/\/universidadpyme.fundae.es\/cordoba\/wp-json\/wp\/v2\/pages\/835","targetHints":{"allow":["GET"]}}],"collection":[{"href":"https:\/\/universidadpyme.fundae.es\/cordoba\/wp-json\/wp\/v2\/pages"}],"about":[{"href":"https:\/\/universidadpyme.fundae.es\/cordoba\/wp-json\/wp\/v2\/types\/page"}],"author":[{"embeddable":true,"href":"https:\/\/universidadpyme.fundae.es\/cordoba\/wp-json\/wp\/v2\/users\/1"}],"replies":[{"embeddable":true,"href":"https:\/\/universidadpyme.fundae.es\/cordoba\/wp-json\/wp\/v2\/comments?post=835"}],"version-history":[{"count":355,"href":"https:\/\/universidadpyme.fundae.es\/cordoba\/wp-json\/wp\/v2\/pages\/835\/revisions"}],"predecessor-version":[{"id":5145,"href":"https:\/\/universidadpyme.fundae.es\/cordoba\/wp-json\/wp\/v2\/pages\/835\/revisions\/5145"}],"wp:attachment":[{"href":"https:\/\/universidadpyme.fundae.es\/cordoba\/wp-json\/wp\/v2\/media?parent=835"}],"curies":[{"name":"wp","href":"https:\/\/api.w.org\/{rel}","templated":true}]}}