{"id":834,"date":"2014-03-18T09:49:29","date_gmt":"2014-03-18T09:49:29","guid":{"rendered":"http:\/\/the7.dream-demo.com\/business\/?page_id=2"},"modified":"2026-03-23T10:59:21","modified_gmt":"2026-03-23T10:59:21","slug":"homepages","status":"publish","type":"page","link":"https:\/\/universidadpyme.fundae.es\/leon\/","title":{"rendered":"Home"},"content":{"rendered":"<section class=\"wpb-content-wrapper\"><p>[vc_row el_class=\u00bbhome-columna\u00bb][vc_column width=\u00bb1\/2&#8243; el_class=\u00bbprimera\u00bb][vc_column_text el_class=\u00bbtexto\u00bb css=\u00bb.vc_custom_1762333938105{margin-right: 50px !important;}\u00bb]<\/p>\n<h1 class=\"home\">Tendencias en el sector: digitalizaci\u00f3n, IA y construcci\u00f3n industrializada<\/h1>\n<p>El pr\u00f3ximo 4 de diciembre, el Parador de Le\u00f3n acoge una nueva edici\u00f3n de Universidad Pyme, un encuentro en el que la innovaci\u00f3n, la tecnolog\u00eda y la formaci\u00f3n se ponen al servicio del futuro del sector de la construcci\u00f3n.<\/p>\n<p>Durante la jornada, expertos, empresas y profesionales analizar\u00e1n c\u00f3mo la digitalizaci\u00f3n, la inteligencia artificial y la industrializaci\u00f3n est\u00e1n transformando la manera de construir, aprender y trabajar. Una cita imprescindible para quienes quieren anticiparse al cambio y construir un futuro m\u00e1s eficiente, seguro y sostenible.<\/p>\n<p><strong><span class=\"naranja\">Dirigido a pymes<\/span><\/strong>, aut\u00f3nomos, profesionales y entidades del sector de la construcci\u00f3n interesadas en la digitalizaci\u00f3n, la innovaci\u00f3n tecnol\u00f3gica y la mejora de la formaci\u00f3n y la seguridad laboral.[\/vc_column_text][\/vc_column][vc_column width=\u00bb1\/2&#8243; el_class=\u00bbsegunda\u00bb css=\u00bb.vc_custom_1757347205781{margin-top: 30px !important;margin-left: 50px !important;}\u00bb][vc_single_image image=\u00bb3662&#8243; img_size=\u00bb150&#215;180&#8243; el_class=\u00bbhome-calendario\u00bb][vc_column_text css=\u00bb.vc_custom_1762281844226{margin-top: 20px !important;}\u00bb el_class=\u00bbtexto\u00bb]<strong>Fecha:<\/strong> 04 de diciembre<br \/>\n<strong>Horario:<\/strong> 09:00-14:00 horas<br \/>\n<strong>Lugar:<\/strong> Parador de Le\u00f3n<br \/>\n<strong>Direcci\u00f3n:<\/strong> Plaza San Marcos, 7, Le\u00f3n[\/vc_column_text][vc_column_text css=\u00bb.vc_custom_1754053338684{margin-top: 20px !important;}\u00bb]<strong><span class=\"azul texto\">\u00a1No te quedes sin plaza!<\/span><\/strong>[\/vc_column_text][vc_btn title=\u00bbInscr\u00edbete\u00bb color=\u00bbprimary\u00bb el_class=\u00bbhome-boton none\u00bb link=\u00bburl:https%3A%2F%2Fformularios.businessplus.es%2FUniversidadPyme%3Fclave%3Dkj4sGNxONU4tdEgalYxw|target:_blank\u00bb][\/vc_column][\/vc_row][vc_row anchor=\u00bb200&#8243; el_class=\u00bbcolumna_inicio\u00bb][vc_column width=\u00bb1\/3&#8243;][vc_single_image image=\u00bb3666&#8243; alignment=\u00bbcenter\u00bb el_class=\u00bbiconos_inicio\u00bb][vc_column_text el_class=\u00bbtexto\u00bb]<\/p>\n<p class=\"texto-home\" style=\"text-align: center;\">04 de diciembre<\/p>\n<p>[\/vc_column_text][\/vc_column][vc_column width=\u00bb1\/3&#8243;][vc_single_image image=\u00bb3667&#8243; alignment=\u00bbcenter\u00bb el_class=\u00bbiconos_inicio\u00bb][vc_column_text el_class=\u00bbtexto\u00bb]<\/p>\n<p class=\"texto-home\" style=\"text-align: center;\">09:00-14:00 horas<\/p>\n<p>[\/vc_column_text][\/vc_column][vc_column width=\u00bb1\/3&#8243;][vc_single_image image=\u00bb3669&#8243; alignment=\u00bbcenter\u00bb el_class=\u00bbiconos_inicio\u00bb][vc_wp_text el_class=\u00bbtexto\u00bb]<\/p>\n<p class=\"texto-home\" style=\"text-align: center;\">Parador de Le\u00f3n<\/p>\n<p class=\"texto-home\" style=\"text-align: center; font-size: 18px; font-weight: 300;\">Plaza San Marcos, 7, Le\u00f3n<\/p>\n<p>[\/vc_wp_text][\/vc_column][\/vc_row][vc_row][vc_column][vc_single_image image=\u00bb3498&#8243; img_size=\u00bb1400 x 90&#8243; alignment=\u00bbcenter\u00bb el_class=\u00bbimagen_ministerio\u00bb][\/vc_column][\/vc_row]<\/p>\n<\/section>","protected":false},"excerpt":{"rendered":"<p>[vc_row el_class=\u00bbhome-columna\u00bb][vc_column width=\u00bb1\/2&#8243; el_class=\u00bbprimera\u00bb][vc_column_text el_class=\u00bbtexto\u00bb css=\u00bb.vc_custom_1762333938105{margin-right: 50px !important;}\u00bb] Tendencias en el sector: digitalizaci\u00f3n, IA y construcci\u00f3n industrializada El pr\u00f3ximo 4 de diciembre, el Parador de Le\u00f3n acoge una nueva edici\u00f3n de Universidad Pyme, un encuentro en el que la innovaci\u00f3n, la tecnolog\u00eda y la formaci\u00f3n se ponen al servicio del futuro del sector de la&hellip;<\/p>\n","protected":false},"author":1,"featured_media":0,"parent":0,"menu_order":0,"comment_status":"closed","ping_status":"closed","template":"","meta":{"footnotes":""},"class_list":["post-834","page","type-page","status-publish","hentry","description-off"],"_links":{"self":[{"href":"https:\/\/universidadpyme.fundae.es\/leon\/wp-json\/wp\/v2\/pages\/834","targetHints":{"allow":["GET"]}}],"collection":[{"href":"https:\/\/universidadpyme.fundae.es\/leon\/wp-json\/wp\/v2\/pages"}],"about":[{"href":"https:\/\/universidadpyme.fundae.es\/leon\/wp-json\/wp\/v2\/types\/page"}],"author":[{"embeddable":true,"href":"https:\/\/universidadpyme.fundae.es\/leon\/wp-json\/wp\/v2\/users\/1"}],"replies":[{"embeddable":true,"href":"https:\/\/universidadpyme.fundae.es\/leon\/wp-json\/wp\/v2\/comments?post=834"}],"version-history":[{"count":138,"href":"https:\/\/universidadpyme.fundae.es\/leon\/wp-json\/wp\/v2\/pages\/834\/revisions"}],"predecessor-version":[{"id":3992,"href":"https:\/\/universidadpyme.fundae.es\/leon\/wp-json\/wp\/v2\/pages\/834\/revisions\/3992"}],"wp:attachment":[{"href":"https:\/\/universidadpyme.fundae.es\/leon\/wp-json\/wp\/v2\/media?parent=834"}],"curies":[{"name":"wp","href":"https:\/\/api.w.org\/{rel}","templated":true}]}}