{"id":835,"date":"2014-03-18T10:02:39","date_gmt":"2014-03-18T10:02:39","guid":{"rendered":"http:\/\/the7.dream-demo.com\/business\/?page_id=5"},"modified":"2026-03-23T11:30:40","modified_gmt":"2026-03-23T11:30:40","slug":"que-es","status":"publish","type":"page","link":"https:\/\/universidadpyme.fundae.es\/leon\/que-es\/","title":{"rendered":"\u00bfQu\u00e9 es?"},"content":{"rendered":"<section class=\"wpb-content-wrapper\"><p>[vc_row][vc_column]\n\t\t\t<!-- START Que es REVOLUTION SLIDER 6.6.10 --><p class=\"rs-p-wp-fix\"><\/p>\n\t\t\t<rs-module-wrap id=\"rev_slider_12_1_wrapper\" data-source=\"gallery\" style=\"visibility:hidden;background:transparent;padding:0;margin:0px auto;margin-top:0;margin-bottom:0;\">\n\t\t\t\t<rs-module id=\"rev_slider_12_1\" style=\"\" data-version=\"6.6.10\">\n\t\t\t\t\t<rs-slides style=\"overflow: hidden; position: absolute;\">\n\t\t\t\t\t\t<rs-slide style=\"position: absolute;\" data-key=\"rs-15\" data-title=\"Slide\" data-anim=\"adpr:false;ms:600;\" data-in=\"o:0;\" data-out=\"a:false;\">\n\t\t\t\t\t\t\t<img fetchpriority=\"high\" decoding=\"async\" src=\"\/\/universidadpyme.fundae.es\/leon\/wp-content\/plugins\/revslider\/public\/assets\/assets\/dummy.png\" alt=\"Slide\" title=\"fondo_degradado\" width=\"2540\" height=\"1143\" class=\"rev-slidebg tp-rs-img rs-lazyload\" data-lazyload=\"\/\/universidadpyme.fundae.es\/leon\/wp-content\/plugins\/revslider\/public\/assets\/assets\/transparent.png\" data-bg=\"p:right center;c:#ee760c;\" data-no-retina>\n<!--\n\t\t\t\t\t\t\t--><rs-layer\n\t\t\t\t\t\t\t\tid=\"slider-12-slide-15-layer-0\" \n\t\t\t\t\t\t\t\tdata-type=\"text\"\n\t\t\t\t\t\t\t\tdata-rsp_ch=\"on\"\n\t\t\t\t\t\t\t\tdata-xy=\"xo:1px,48px,122px,45px;yo:182px,384px,287px,329px;\"\n\t\t\t\t\t\t\t\tdata-text=\"w:normal;s:30,25,25,15;l:38,30,30,23;fw:700;a:left,left,left,center;\"\n\t\t\t\t\t\t\t\tdata-dim=\"w:582px,915px,613px,403px;\"\n\t\t\t\t\t\t\t\tdata-frame_1=\"st:1330;sp:1200;sR:1330;\"\n\t\t\t\t\t\t\t\tdata-frame_999=\"o:0;st:w;sR:6470;\"\n\t\t\t\t\t\t\t\tstyle=\"z-index:9;font-family:'Nexa';\"\n\t\t\t\t\t\t\t>Un punto de encuentro donde se comparten conocimientos, se generan oportunidades y se impulsa la competitividad de las pymes y los trabajadores. \n\t\t\t\t\t\t\t<\/rs-layer><!--\n\n\t\t\t\t\t\t\t--><rs-layer\n\t\t\t\t\t\t\t\tid=\"slider-12-slide-15-layer-1\" \n\t\t\t\t\t\t\t\tdata-type=\"text\"\n\t\t\t\t\t\t\t\tdata-color=\"#00198a\"\n\t\t\t\t\t\t\t\tdata-rsp_ch=\"on\"\n\t\t\t\t\t\t\t\tdata-xy=\"xo:-3px,50px,118px,47px;yo:435px,502px,419px,444px;\"\n\t\t\t\t\t\t\t\tdata-text=\"w:normal;s:30,25,25,15;l:38,30,30,23;fw:700;a:left,left,left,center;\"\n\t\t\t\t\t\t\t\tdata-dim=\"w:582px,915px,613px,403px;\"\n\t\t\t\t\t\t\t\tdata-frame_1=\"st:1330;sp:1200;sR:1330;\"\n\t\t\t\t\t\t\t\tdata-frame_999=\"o:0;st:w;sR:6470;\"\n\t\t\t\t\t\t\t\tstyle=\"z-index:9;font-family:'Nexa';\"\n\t\t\t\t\t\t\t>Evento realizado, para conocer pr\u00f3ximos eventos, pulsa el siguiente  <a class='link-verde' href='https:\/\/www.fundae.es\/actualidad\/universidad-pyme' target='_blank'>enlace<\/a> \n\t\t\t\t\t\t\t<\/rs-layer><!--\n\n\t\t\t\t\t\t\t--><rs-layer\n\t\t\t\t\t\t\t\tid=\"slider-12-slide-15-layer-2\" \n\t\t\t\t\t\t\t\tdata-type=\"text\"\n\t\t\t\t\t\t\t\tdata-color=\"#00198a\"\n\t\t\t\t\t\t\t\tdata-rsp_ch=\"on\"\n\t\t\t\t\t\t\t\tdata-xy=\"xo:5px,45px,273px,174px;y:m;yo:-165px,72px,18px,58px;\"\n\t\t\t\t\t\t\t\tdata-text=\"w:normal;s:45,45,45,25;l:50,45,50,28;ls:1px;fw:700;\"\n\t\t\t\t\t\t\t\tdata-dim=\"w:735px,410px,247px,136px;h:51px,auto,52px,31px;\"\n\t\t\t\t\t\t\t\tdata-margin=\"b:30;\"\n\t\t\t\t\t\t\t\tdata-frame_0=\"y:100%;\"\n\t\t\t\t\t\t\t\tdata-frame_0_mask=\"u:t;y:100%;\"\n\t\t\t\t\t\t\t\tdata-frame_1=\"e:power2.inOut;st:1350;sp:1200;sR:1350;\"\n\t\t\t\t\t\t\t\tdata-frame_1_mask=\"u:t;\"\n\t\t\t\t\t\t\t\tdata-frame_999=\"o:0;e:nothing;st:w;sR:6450;\"\n\t\t\t\t\t\t\t\tstyle=\"z-index:10;font-family:'Nexa';\"\n\t\t\t\t\t\t\t>\u00bfQu\u00e9 es? \n\t\t\t\t\t\t\t<\/rs-layer><!--\n\n\t\t\t\t\t\t\t--><a\n\t\t\t\t\t\t\t\tid=\"slider-12-slide-15-layer-3\" \n\t\t\t\t\t\t\t\tclass=\"rs-layer rev-btn\"\n\t\t\t\t\t\t\t\thref=\"https:\/\/formularios.businessplus.es\/UniversidadPyme?clave=kj4sGNxONU4tdEgalYxw\" target=\"_blank\" rel=\"noopener\"\n\t\t\t\t\t\t\t\tdata-type=\"button\"\n\t\t\t\t\t\t\t\tdata-rsp_ch=\"on\"\n\t\t\t\t\t\t\t\tdata-xy=\"xo:-2px,51px,308px,161px;yo:410px,484px,436px,431px;\"\n\t\t\t\t\t\t\t\tdata-text=\"w:normal;s:22,16,20,20;l:55,41,30,30;fw:600;\"\n\t\t\t\t\t\t\t\tdata-dim=\"w:290px,219px,166px,166px;h:60px,45px,45px,45px;minh:0px,none,none,none;\"\n\t\t\t\t\t\t\t\tdata-vbility=\"f,f,f,f\"\n\t\t\t\t\t\t\t\tdata-padding=\"t:5,4,10,10;r:50,38,29,30;l:90,68,35,35;\"\n\t\t\t\t\t\t\t\tdata-border=\"bor:10px,10px,10px,10px;\"\n\t\t\t\t\t\t\t\tdata-frame_1=\"st:1350;sp:1200;sR:1350;\"\n\t\t\t\t\t\t\t\tdata-frame_999=\"o:0;st:w;sR:6450;\"\n\t\t\t\t\t\t\t\tdata-frame_hover=\"bgc:#00198a;bor:10px,10px,10px,10px;td:underline;sp:100;e:power1.inOut;bri:120%;\"\n\t\t\t\t\t\t\t\tstyle=\"z-index:14;background-color:#00198a;font-family:'Nexa';\"\n\t\t\t\t\t\t\t>Inscr\u00edbete \n\t\t\t\t\t\t\t<\/a><!--\n\n\t\t\t\t\t\t\t--><rs-layer\n\t\t\t\t\t\t\t\tid=\"slider-12-slide-15-layer-4\" \n\t\t\t\t\t\t\t\tdata-type=\"image\"\n\t\t\t\t\t\t\t\tdata-rsp_ch=\"on\"\n\t\t\t\t\t\t\t\tdata-xy=\"x:r,c,c,c;xo:1px,30px,4px,9px;y:m;yo:-3px,-102px,-134px,-110px;\"\n\t\t\t\t\t\t\t\tdata-text=\"w:normal;s:20,15,11,6;l:0,18,13,8;\"\n\t\t\t\t\t\t\t\tdata-dim=\"w:760px,481px,308px,360px;h:466px,295px,189px,221px;\"\n\t\t\t\t\t\t\t\tdata-frame_1=\"st:1350;sp:1200;sR:1350;\"\n\t\t\t\t\t\t\t\tdata-frame_999=\"o:0;st:w;sR:6450;\"\n\t\t\t\t\t\t\t\tstyle=\"z-index:12;\"\n\t\t\t\t\t\t\t><img decoding=\"async\" src=\"\/\/universidadpyme.fundae.es\/leon\/wp-content\/plugins\/revslider\/public\/assets\/assets\/dummy.png\" alt=\"\" class=\"tp-rs-img rs-lazyload\" width=\"815\" height=\"500\" data-lazyload=\"\/\/universidadpyme.fundae.es\/leon\/wp-content\/uploads\/2025\/11\/imagen-que-es.png\" data-no-retina> \n\t\t\t\t\t\t\t<\/rs-layer><!--\n-->\t\t\t\t\t\t<\/rs-slide>\n\t\t\t\t\t<\/rs-slides>\n\t\t\t\t<\/rs-module>\n\t\t\t\t<script>\n\t\t\t\t\tsetREVStartSize({c: 'rev_slider_12_1',rl:[1240,1024,778,480],el:[600,550,500,520],gw:[1350,1024,778,480],gh:[600,550,500,520],type:'standard',justify:'',layout:'fullwidth',mh:\"600\"});if (window.RS_MODULES!==undefined && window.RS_MODULES.modules!==undefined && window.RS_MODULES.modules[\"revslider121\"]!==undefined) {window.RS_MODULES.modules[\"revslider121\"].once = false;window.revapi12 = undefined;if (window.RS_MODULES.checkMinimal!==undefined) window.RS_MODULES.checkMinimal()}\n\t\t\t\t<\/script>\n\t\t\t<\/rs-module-wrap>\n\t\t\t<!-- END REVOLUTION SLIDER -->\n[\/vc_column][\/vc_row][vc_row margin_top=\u00bb0&#8243; css=\u00bb.vc_custom_1674639104292{margin-bottom: 50px !important;}\u00bb el_class=\u00bbque_es_parrafo2&#8243;][vc_column width=\u00bb7\/12&#8243; css=\u00bb.vc_custom_1674478644626{margin-top: 0px !important;margin-bottom: 0px !important;margin-left: 0px !important;}\u00bb el_class=\u00bbtexto_que_es\u00bb][vc_column_text css=\u00bb.vc_custom_1674478847070{margin-top: 100px !important;padding-top: 0px !important;padding-right: 250px !important;padding-left: 200px !important;}\u00bb el_class=\u00bbevento_unico\u00bb]<span dir=\"ltr\" role=\"presentation\">Un evento \u00fanico donde promover el <\/span><span dir=\"ltr\" role=\"presentation\">valor del talento joven y el <\/span><span dir=\"ltr\" role=\"presentation\">emprendimiento.<\/span><br role=\"presentation\" \/><span dir=\"ltr\" role=\"presentation\">\u00a0<\/span><br role=\"presentation\" \/><span dir=\"ltr\" role=\"presentation\">Un laboratorio de ideas para la <\/span><span dir=\"ltr\" role=\"presentation\">juventud de Castilla La Mancha sobre <\/span><span dir=\"ltr\" role=\"presentation\">transformaci\u00f3n digital.<\/span><br role=\"presentation\" \/><span dir=\"ltr\" role=\"presentation\">\u00a0<\/span><br role=\"presentation\" \/><span dir=\"ltr\" role=\"presentation\">Un lugar para sensibilizar a los j\u00f3venes <\/span><span dir=\"ltr\" role=\"presentation\">sobre la importancia de mejorar sus <\/span><span dir=\"ltr\" role=\"presentation\">competencias digitales como factor <\/span><span dir=\"ltr\" role=\"presentation\">clave para impulsar el emprendimiento.<\/span><\/p>\n<p>&nbsp;[\/vc_column_text][\/vc_column][vc_column width=\u00bb5\/12&#8243; css=\u00bb.vc_custom_1674639141961{margin-bottom: 200px !important;border-right-width: 50px !important;padding-top: 0px !important;background-position: center !important;background-repeat: no-repeat !important;background-size: cover !important;}\u00bb el_class=\u00bbparrafo_azul\u00bb][vc_column_text css=\u00bb.vc_custom_1674487869680{margin-top: 0px !important;margin-right: 0px !important;margin-left: 0px !important;border-top-width: px !important;border-right-width: 0px !important;border-left-width: 0px !important;padding-top: 100px !important;padding-right: 100px !important;padding-bottom: 100px !important;padding-left: 110px !important;background-position: center !important;background-repeat: no-repeat !important;background-size: contain !important;border-left-color: #ffffff !important;border-right-color: #ffffff !important;border-top-color: #ffffff !important;}\u00bb el_class=\u00bbtexto_objetivos\u00bb]<\/p>\n<h1 class=\"verde_h1\">OBJETIVOS<\/h1>\n<p>Despertar el deseo de mejorar las competencias digitales y fomentar la cultura emprendedora en el colectivo joven, facilit\u00e1ndoles el acceso a los recursos formativos existentes.<\/p>\n<p>Dar a conocer experiencias y casos de \u00e9xito sobre emprendimiento, digitalizaci\u00f3n y emprendimiento joven y sobre c\u00f3mo transformar sus ideas en proyectos profesionales viables.<\/p>\n<p>Impulsar el papel de la digitalizaci\u00f3n como elemento de impulso en el desarrollo de futuras ideas de negocio.[\/vc_column_text][\/vc_column][\/vc_row][vc_row el_class=\u00bbfila-que-es\u00bb][vc_column][vc_column_text css=\u00bb.vc_custom_1762283182838{margin-top: 20px !important;}\u00bb el_class=\u00bbtexto\u00bb]<\/p>\n<p class=\"parrafo\">En esta edici\u00f3n de <span>Le\u00f3n<\/span>, centrada en la <span>digitalizaci\u00f3n y la innovaci\u00f3n en la construcci\u00f3n<\/span>, los asistentes podr\u00e1n conocer experiencias reales, descubrir tecnolog\u00edas aplicadas al sector y participar en talleres pr\u00e1cticos que acercan las herramientas m\u00e1s avanzadas a la realidad de la obra y la formaci\u00f3n.<\/p>\n<p class=\"parrafo\">Un punto de encuentro donde se comparten conocimientos, se generan oportunidades y se impulsa la competitividad de las pymes y los trabajadores.<\/p>\n<p>[\/vc_column_text][vc_column_text css=\u00bb.vc_custom_1754064666046{margin-top: 100px !important;margin-bottom: 50px !important;}\u00bb]<\/p>\n<h1 class=\"home\">\u00bfPor qu\u00e9 no deber\u00edas perd\u00e9rtelo?<\/h1>\n<p>[\/vc_column_text][vc_column_text css=\u00bb.vc_custom_1762283761797{margin-bottom: 40px !important;}\u00bb el_class=\u00bbtexto\u00bb]<\/p>\n<p class=\"parrafo\">Venir a Universidad Pyme Le\u00f3n es apostar por el futuro del sector de la construcci\u00f3n:<\/p>\n<p>[\/vc_column_text][vc_row_inner][vc_column_inner width=\u00bb1\/5&#8243;][vc_single_image image=\u00bb3674&#8243; alignment=\u00bbcenter\u00bb css=\u00bb.vc_custom_1762334818417{padding-bottom: 5px !important;}\u00bb][vc_column_text css=\u00bb.vc_custom_1762283479822{margin-top: 30px !important;margin-bottom: 30px !important;}\u00bb]<\/p>\n<p class=\"azul\" style=\"text-align: center;\"><strong>Conocer\u00e1s proyectos innovadores<\/strong><br \/>\nen inteligencia artificial, gemelos digitales y construcci\u00f3n industrializada.[\/vc_column_text][\/vc_column_inner][vc_column_inner width=\u00bb1\/5&#8243;][vc_single_image image=\u00bb3675&#8243; alignment=\u00bbcenter\u00bb][vc_column_text css=\u00bb.vc_custom_1762283513286{margin-top: 30px !important;margin-bottom: 30px !important;}\u00bb]<\/p>\n<p class=\"azul\" style=\"text-align: center;\"><strong>Participar\u00e1s en talleres pr\u00e1cticos<\/strong><br \/>\nsobre realidad virtual, drones y exoesqueletos aplicados a la salud laboral.[\/vc_column_text][\/vc_column_inner][vc_column_inner width=\u00bb1\/5&#8243;][vc_single_image image=\u00bb3676&#8243; alignment=\u00bbcenter\u00bb][vc_column_text css=\u00bb.vc_custom_1762334875262{margin-top: 25px !important;}\u00bb]<\/p>\n<p class=\"azul\" style=\"text-align: center;\"><strong>Escuchar\u00e1s a expertos y l\u00edderes <\/strong><br \/>\nque ya est\u00e1n impulsando la transformaci\u00f3n digital desde dentro del sector.[\/vc_column_text][\/vc_column_inner][vc_column_inner width=\u00bb1\/5&#8243;][vc_single_image image=\u00bb3677&#8243; alignment=\u00bbcenter\u00bb][vc_column_text css=\u00bb.vc_custom_1762334900478{margin-top: 40px !important;margin-bottom: 30px !important;}\u00bb]<\/p>\n<p class=\"azul\" style=\"text-align: center;\"><strong>Descubrir\u00e1s c\u00f3mo la digitalizaci\u00f3n <\/strong><br \/>\nmejora la eficiencia, la seguridad y la sostenibilidad en cada proceso.[\/vc_column_text][\/vc_column_inner][vc_column_inner width=\u00bb1\/5&#8243;][vc_single_image image=\u00bb3678&#8243; alignment=\u00bbcenter\u00bb][vc_column_text css=\u00bb.vc_custom_1762334934814{margin-top: 40px !important;margin-bottom: 30px !important;}\u00bb]<\/p>\n<p class=\"azul\" style=\"text-align: center;\"><strong>Conectar\u00e1s con empresas<\/strong><br \/>\nprofesionales e instituciones comprometidas con la innovaci\u00f3n y la formaci\u00f3n.[\/vc_column_text][\/vc_column_inner][\/vc_row_inner][\/vc_column][\/vc_row][vc_row bg_type=\u00bbbg_color\u00bb bg_override=\u00bbfull\u00bb bg_color_value=\u00bb#00198a\u00bb el_class=\u00bbque-es\u00bb][vc_column][vc_column_text css=\u00bb.vc_custom_1746639638914{margin-top: 30px !important;margin-bottom: 30px !important;}\u00bb]<\/p>\n<p style=\"text-align: center; color: #fff; font-size: 38px; font-weight: 500;line-height:1.2;\">Es m\u00e1s que un evento, es un espacio de inspiraci\u00f3n y conexi\u00f3n para<br \/>\ntransformar ideas en acci\u00f3n. La inscripci\u00f3n es gratuita,<br \/>\n\u00a1las plazas son limitadas![\/vc_column_text][vc_column_text css=\u00bb.vc_custom_1762284130309{margin-top: 20px !important;margin-bottom: 20px !important;}\u00bb]<\/p>\n<p style=\"text-align: center; color: #EE760C; font-size: 38px; font-weight: 600; line-height: 1.2;\">\u00a1Reserva tu lugar ahora y prep\u00e1rate para el futuro!<\/p>\n<p>[\/vc_column_text][vc_btn title=\u00bbInscr\u00edbete\u00bb align=\u00bbcenter\u00bb link=\u00bburl:https%3A%2F%2Fformularios.businessplus.es%2FUniversidadPyme%3Fclave%3Dkj4sGNxONU4tdEgalYxw|target:_blank\u00bb el_class=\u00bbinscribete none\u00bb css=\u00bb.vc_custom_1774265438700{margin-top: 20px !important;margin-bottom: 50px !important;}\u00bb][\/vc_column][\/vc_row][vc_row][vc_column][vc_empty_space height=\u00bb50px\u00bb][\/vc_column][\/vc_row]<\/p>\n<\/section>","protected":false},"excerpt":{"rendered":"<p>[vc_row][vc_column][\/vc_column][\/vc_row][vc_row margin_top=\u00bb0&#8243; css=\u00bb.vc_custom_1674639104292{margin-bottom: 50px !important;}\u00bb el_class=\u00bbque_es_parrafo2&#8243;][vc_column width=\u00bb7\/12&#8243; css=\u00bb.vc_custom_1674478644626{margin-top: 0px !important;margin-bottom: 0px !important;margin-left: 0px !important;}\u00bb el_class=\u00bbtexto_que_es\u00bb][vc_column_text css=\u00bb.vc_custom_1674478847070{margin-top: 100px !important;padding-top: 0px !important;padding-right: 250px !important;padding-left: 200px !important;}\u00bb el_class=\u00bbevento_unico\u00bb]Un evento \u00fanico donde promover el valor del talento joven y el emprendimiento.\u00a0Un laboratorio de ideas para la juventud de Castilla La Mancha sobre transformaci\u00f3n digital.\u00a0Un lugar para sensibilizar a los&hellip;<\/p>\n","protected":false},"author":1,"featured_media":0,"parent":0,"menu_order":20,"comment_status":"closed","ping_status":"closed","template":"","meta":{"footnotes":""},"class_list":["post-835","page","type-page","status-publish","hentry","description-off"],"_links":{"self":[{"href":"https:\/\/universidadpyme.fundae.es\/leon\/wp-json\/wp\/v2\/pages\/835","targetHints":{"allow":["GET"]}}],"collection":[{"href":"https:\/\/universidadpyme.fundae.es\/leon\/wp-json\/wp\/v2\/pages"}],"about":[{"href":"https:\/\/universidadpyme.fundae.es\/leon\/wp-json\/wp\/v2\/types\/page"}],"author":[{"embeddable":true,"href":"https:\/\/universidadpyme.fundae.es\/leon\/wp-json\/wp\/v2\/users\/1"}],"replies":[{"embeddable":true,"href":"https:\/\/universidadpyme.fundae.es\/leon\/wp-json\/wp\/v2\/comments?post=835"}],"version-history":[{"count":226,"href":"https:\/\/universidadpyme.fundae.es\/leon\/wp-json\/wp\/v2\/pages\/835\/revisions"}],"predecessor-version":[{"id":3993,"href":"https:\/\/universidadpyme.fundae.es\/leon\/wp-json\/wp\/v2\/pages\/835\/revisions\/3993"}],"wp:attachment":[{"href":"https:\/\/universidadpyme.fundae.es\/leon\/wp-json\/wp\/v2\/media?parent=835"}],"curies":[{"name":"wp","href":"https:\/\/api.w.org\/{rel}","templated":true}]}}