{"id":2414,"date":"2023-09-22T10:29:52","date_gmt":"2023-09-22T10:29:52","guid":{"rendered":"https:\/\/universidadpyme.fundae.es\/iuhg56\/?page_id=2414"},"modified":"2023-11-02T12:10:16","modified_gmt":"2023-11-02T12:10:16","slug":"quiero-exponer","status":"publish","type":"page","link":"https:\/\/universidadpyme.fundae.es\/madrid\/quiero-exponer\/","title":{"rendered":"Quiero exponer"},"content":{"rendered":"<section class=\"wpb-content-wrapper\"><p>[vc_row][vc_column css=\u00bb.vc_custom_1695379439527{margin-top: -70px !important;}\u00bb]\n\t\t\t<!-- START Quiero exponer REVOLUTION SLIDER 6.6.10 --><p class=\"rs-p-wp-fix\"><\/p>\n\t\t\t<rs-module-wrap id=\"rev_slider_20_1_wrapper\" data-source=\"gallery\" style=\"visibility:hidden;background:transparent;padding:0;margin:0px auto;margin-top:0;margin-bottom:0;\">\n\t\t\t\t<rs-module id=\"rev_slider_20_1\" style=\"\" data-version=\"6.6.10\">\n\t\t\t\t\t<rs-slides style=\"overflow: hidden; position: absolute;\">\n\t\t\t\t\t\t<rs-slide style=\"position: absolute;\" data-key=\"rs-23\" data-title=\"Slide\" data-anim=\"adpr:false;ms:600;\" data-in=\"o:0;\" data-out=\"a:false;\">\n\t\t\t\t\t\t\t<img fetchpriority=\"high\" decoding=\"async\" src=\"\/\/universidadpyme.fundae.es\/madrid\/wp-content\/plugins\/revslider\/public\/assets\/assets\/dummy.png\" alt=\"Slide\" title=\"fondo_degradado\" width=\"2540\" height=\"1143\" class=\"rev-slidebg tp-rs-img rs-lazyload\" data-lazyload=\"\/\/universidadpyme.fundae.es\/madrid\/wp-content\/plugins\/revslider\/public\/assets\/assets\/transparent.png\" data-bg=\"p:right center;c:#b2e927;\" data-no-retina>\n<!--\n\t\t\t\t\t\t\t--><rs-layer\n\t\t\t\t\t\t\t\tid=\"slider-20-slide-23-layer-0\" \n\t\t\t\t\t\t\t\tdata-type=\"text\"\n\t\t\t\t\t\t\t\tdata-color=\"#24272a\"\n\t\t\t\t\t\t\t\tdata-rsp_ch=\"on\"\n\t\t\t\t\t\t\t\tdata-xy=\"xo:24px,38px,31px,27px;yo:199px,333px,348px,310px;\"\n\t\t\t\t\t\t\t\tdata-text=\"w:normal;s:30,25,25,20;l:38,30,30,23;ls:0px,0px,0px,2px;fw:700;\"\n\t\t\t\t\t\t\t\tdata-dim=\"w:680px,915px,697px,427px;\"\n\t\t\t\t\t\t\t\tdata-frame_1=\"st:1330;sp:1200;sR:1330;\"\n\t\t\t\t\t\t\t\tdata-frame_999=\"o:0;st:w;sR:6470;\"\n\t\t\t\t\t\t\t\tstyle=\"z-index:9;font-family:'Nexa';\"\n\t\t\t\t\t\t\t>Si eres profesional de la tecnolog\u00eda e innovaci\u00f3n o del sector de la formaci\u00f3n, en Universidad Pyme encontrar\u00e1s la oportunidad de formar parte del networking del evento, abrir\u00e1s tu mercado y nuevas oportunidades de expansi\u00f3n, presentando tus novedades y reforzando tu posicionamiento de marca. \n\t\t\t\t\t\t\t<\/rs-layer><!--\n\n\t\t\t\t\t\t\t--><a\n\t\t\t\t\t\t\t\tid=\"slider-20-slide-23-layer-1\" \n\t\t\t\t\t\t\t\tclass=\"rs-layer rev-btn\"\n\t\t\t\t\t\t\t\thref=\"https:\/\/formularios.businessplus.es\/FundaeMadrid?clave=wxmxAvvPK0e6ASmxtD43w\" target=\"_blank\" rel=\"noopener\"\n\t\t\t\t\t\t\t\tdata-type=\"button\"\n\t\t\t\t\t\t\t\tdata-rsp_ch=\"on\"\n\t\t\t\t\t\t\t\tdata-xy=\"x:l,c,c,c;xo:24px,0,-1px,0;yo:484px,491px,543px,545px;\"\n\t\t\t\t\t\t\t\tdata-text=\"w:normal;s:20,15,20,20;l:55,41,25,25;a:center;\"\n\t\t\t\t\t\t\t\tdata-dim=\"w:217px,164px,129px,136px;h:auto,auto,34px,33px;minh:0px,none,none,none;\"\n\t\t\t\t\t\t\t\tdata-vbility=\"f,f,f,f\"\n\t\t\t\t\t\t\t\tdata-padding=\"t:0,0,7,5;r:25,19,7,7;l:25,19,7,7;\"\n\t\t\t\t\t\t\t\tdata-border=\"bor:5px,5px,5px,5px;\"\n\t\t\t\t\t\t\t\tdata-frame_1=\"st:1350;sp:1200;sR:1350;\"\n\t\t\t\t\t\t\t\tdata-frame_999=\"o:0;st:w;sR:6450;\"\n\t\t\t\t\t\t\t\tdata-frame_hover=\"bgc:#007aff;bor:5px,5px,5px,5px;bri:120%;\"\n\t\t\t\t\t\t\t\tstyle=\"z-index:13;background-color:#e625bc;font-family:'Nexa';\"\n\t\t\t\t\t\t\t>Inscr\u00edbete \n\t\t\t\t\t\t\t<\/a><!--\n\n\t\t\t\t\t\t\t--><rs-layer\n\t\t\t\t\t\t\t\tid=\"slider-20-slide-23-layer-2\" \n\t\t\t\t\t\t\t\tdata-type=\"text\"\n\t\t\t\t\t\t\t\tdata-color=\"#e625bc\"\n\t\t\t\t\t\t\t\tdata-rsp_ch=\"on\"\n\t\t\t\t\t\t\t\tdata-xy=\"xo:24px,38px,30px,29px;y:m;yo:-157px,30px,9px,-13px;\"\n\t\t\t\t\t\t\t\tdata-text=\"w:normal;s:45,45,45,30;l:50,48,50,35;ls:1px;fw:700;\"\n\t\t\t\t\t\t\t\tdata-dim=\"w:393px,410px,448px,439px;h:51px,47px,auto,31px;\"\n\t\t\t\t\t\t\t\tdata-margin=\"b:30;\"\n\t\t\t\t\t\t\t\tdata-frame_0=\"y:100%;\"\n\t\t\t\t\t\t\t\tdata-frame_0_mask=\"u:t;y:100%;\"\n\t\t\t\t\t\t\t\tdata-frame_1=\"e:power2.inOut;st:1350;sp:1200;sR:1350;\"\n\t\t\t\t\t\t\t\tdata-frame_1_mask=\"u:t;\"\n\t\t\t\t\t\t\t\tdata-frame_999=\"o:0;e:nothing;st:w;sR:6450;\"\n\t\t\t\t\t\t\t\tstyle=\"z-index:10;font-family:'Nexa';\"\n\t\t\t\t\t\t\t>Quiero exponer \n\t\t\t\t\t\t\t<\/rs-layer><!--\n\n\t\t\t\t\t\t\t--><rs-layer\n\t\t\t\t\t\t\t\tid=\"slider-20-slide-23-layer-4\" \n\t\t\t\t\t\t\t\tdata-type=\"image\"\n\t\t\t\t\t\t\t\tdata-rsp_ch=\"on\"\n\t\t\t\t\t\t\t\tdata-xy=\"x:r,c,c,c;xo:29px,-7px,1px,0;y:m;yo:-16px,-132px,-149px,-167px;\"\n\t\t\t\t\t\t\t\tdata-text=\"w:normal;s:20,15,11,6;l:0,18,13,8;\"\n\t\t\t\t\t\t\t\tdata-dim=\"w:616px,427px,359px,358px;h:378px,262px,220px,220px;\"\n\t\t\t\t\t\t\t\tdata-frame_1=\"st:1350;sp:1200;sR:1350;\"\n\t\t\t\t\t\t\t\tdata-frame_999=\"o:0;st:w;sR:6450;\"\n\t\t\t\t\t\t\t\tstyle=\"z-index:12;\"\n\t\t\t\t\t\t\t><img decoding=\"async\" src=\"\/\/universidadpyme.fundae.es\/madrid\/wp-content\/plugins\/revslider\/public\/assets\/assets\/dummy.png\" alt=\"\" class=\"tp-rs-img rs-lazyload\" width=\"815\" height=\"500\" data-lazyload=\"\/\/universidadpyme.fundae.es\/madrid\/wp-content\/uploads\/2023\/09\/img-quiero-exponer.png\" data-no-retina> \n\t\t\t\t\t\t\t<\/rs-layer><!--\n-->\t\t\t\t\t\t<\/rs-slide>\n\t\t\t\t\t<\/rs-slides>\n\t\t\t\t<\/rs-module>\n\t\t\t\t<script>\n\t\t\t\t\tsetREVStartSize({c: 'rev_slider_20_1',rl:[1240,1024,778,480],el:[600,550,600,600],gw:[1350,1024,778,480],gh:[600,550,600,600],type:'standard',justify:'',layout:'fullwidth',mh:\"600\"});if (window.RS_MODULES!==undefined && window.RS_MODULES.modules!==undefined && window.RS_MODULES.modules[\"revslider201\"]!==undefined) {window.RS_MODULES.modules[\"revslider201\"].once = false;window.revapi20 = undefined;if (window.RS_MODULES.checkMinimal!==undefined) window.RS_MODULES.checkMinimal()}\n\t\t\t\t<\/script>\n\t\t\t<\/rs-module-wrap>\n\t\t\t<!-- END REVOLUTION SLIDER -->\n[\/vc_column][\/vc_row][vc_row full_width_row=\u00bbtrue\u00bb][vc_column][vc_column_text el_class=\u00bbhome-texto\u00bb css=\u00bb.vc_custom_1695379903587{padding-top: 100px !important;padding-right: 170px !important;padding-bottom: 50px !important;padding-left: 170px !important;}\u00bb]<\/p>\n<p style=\"text-align: center;\">Aqu\u00ed encontrar\u00e1s toda la informaci\u00f3n que necesitas para tu participaci\u00f3n como expositor, los documentos espec\u00edficos de <strong>Universidad Pyme<\/strong> y formularios generales de <strong>IFEMA MADRID<\/strong>.<\/p>\n<p>[\/vc_column_text][\/vc_column][\/vc_row][vc_row anchor=\u00bb1300&#8243; el_class=\u00bbexponer-image\u00bb][vc_column width=\u00bb1\/3&#8243; el_id=\u00bbiconoUno\u00bb][vc_single_image image=\u00bb2429&#8243; img_size=\u00bbmedium\u00bb alignment=\u00bbcenter\u00bb][vc_column_text el_class=\u00bbtexto-pink\u00bb css=\u00bb.vc_custom_1695381382236{padding-top: 30px !important;}\u00bb]<\/p>\n<p style=\"text-align: center;\">Solicitud de Participaci\u00f3n<\/p>\n<p>[\/vc_column_text][\/vc_column][vc_column width=\u00bb1\/3&#8243; el_id=\u00bbiconoDos\u00bb][vc_single_image image=\u00bb2430&#8243; img_size=\u00bbmedium\u00bb alignment=\u00bbcenter\u00bb onclick=\u00bbcustom_link\u00bb img_link_target=\u00bb_blank\u00bb link=\u00bbhttps:\/\/universidadpyme.fundae.es\/madrid\/wp-content\/uploads\/2023\/09\/Guia-del-expositor-Universidad-Pyme.pdf\u00bb][vc_column_text el_class=\u00bbtexto-pink\u00bb css=\u00bb.vc_custom_1695381367539{padding-top: 30px !important;}\u00bb]<\/p>\n<p style=\"text-align: center;\">Gu\u00eda del Expositor<\/p>\n<p>[\/vc_column_text][\/vc_column][vc_column width=\u00bb1\/3&#8243; el_id=\u00bbiconoTres\u00bb][vc_single_image image=\u00bb2431&#8243; img_size=\u00bbmedium\u00bb alignment=\u00bbcenter\u00bb onclick=\u00bbcustom_link\u00bb img_link_target=\u00bb_blank\u00bb link=\u00bbhttps:\/\/www.ifema.es\/general\/doc\/normas-generales-participacion\/normas-generales-de-participacion.pdf\u00bb][vc_column_text el_class=\u00bbtexto-pink\u00bb css=\u00bb.vc_custom_1695381356269{padding-top: 30px !important;}\u00bb]<\/p>\n<p style=\"text-align: center;\">Normas generales de<br \/>\nparticipaci\u00f3n[\/vc_column_text][\/vc_column][\/vc_row][vc_row css=\u00bb.vc_custom_1695382124592{padding-top: 20px !important;}\u00bb el_class=\u00bbexponer-iconos\u00bb][vc_column width=\u00bb1\/2&#8243; css=\u00bb.vc_custom_1695722443345{margin-bottom: 100px !important;padding-top: 20px !important;}\u00bb el_id=\u00bbiconoCuatro\u00bb][vc_single_image image=\u00bb2439&#8243; img_size=\u00bbmedium\u00bb alignment=\u00bbcenter\u00bb onclick=\u00bbcustom_link\u00bb img_link_target=\u00bb_blank\u00bb css=\u00bb.vc_custom_1695629591298{padding-bottom: 30px !important;}\u00bb link=\u00bbhttps:\/\/www.ifema.es\/general\/doc\/guia-participacion-sostenible-ferias-expositores\/guia_participacion_sost_expositores.pdf\u00bb][vc_column_text el_class=\u00bbtexto-pink\u00bb css=\u00bb.vc_custom_1695382300724{padding-bottom: 50px !important;}\u00bb]<\/p>\n<p style=\"text-align: center;\">Gu\u00eda de participaci\u00f3n<br \/>\nsostenible en eventos[\/vc_column_text][\/vc_column][vc_column width=\u00bb1\/2&#8243; css=\u00bb.vc_custom_1695722989505{margin-bottom: 100px !important;padding-top: 20px !important;}\u00bb el_id=\u00bbiconoCinco\u00bb][vc_single_image image=\u00bb2440&#8243; img_size=\u00bbmedium\u00bb alignment=\u00bbcenter\u00bb onclick=\u00bbcustom_link\u00bb img_link_target=\u00bb_blank\u00bb link=\u00bbhttps:\/\/expositores.ifema.es\/zwas\/default.htm?idioma=es\u00bb][vc_column_text el_class=\u00bbtexto-pink\u00bb css=\u00bb.vc_custom_1696338687151{padding-top: 30px !important;}\u00bb]<\/p>\n<p style=\"text-align: center;\">Zona de Expositores<br \/>\n(\u00e1rea privada)[\/vc_column_text][\/vc_column][\/vc_row]<\/p>\n<\/section>","protected":false},"excerpt":{"rendered":"<p>[vc_row][vc_column css=\u00bb.vc_custom_1695379439527{margin-top: -70px !important;}\u00bb][\/vc_column][\/vc_row][vc_row full_width_row=\u00bbtrue\u00bb][vc_column][vc_column_text el_class=\u00bbhome-texto\u00bb css=\u00bb.vc_custom_1695379903587{padding-top: 100px !important;padding-right: 170px !important;padding-bottom: 50px !important;padding-left: 170px !important;}\u00bb] Aqu\u00ed encontrar\u00e1s toda la informaci\u00f3n que necesitas para tu participaci\u00f3n como expositor, los documentos espec\u00edficos de Universidad Pyme y formularios generales de IFEMA MADRID. [\/vc_column_text][\/vc_column][\/vc_row][vc_row anchor=\u00bb1300&#8243; el_class=\u00bbexponer-image\u00bb][vc_column width=\u00bb1\/3&#8243; el_id=\u00bbiconoUno\u00bb][vc_single_image image=\u00bb2429&#8243; img_size=\u00bbmedium\u00bb alignment=\u00bbcenter\u00bb][vc_column_text el_class=\u00bbtexto-pink\u00bb css=\u00bb.vc_custom_1695381382236{padding-top: 30px !important;}\u00bb] Solicitud de Participaci\u00f3n [\/vc_column_text][\/vc_column][vc_column&hellip;<\/p>\n","protected":false},"author":1,"featured_media":0,"parent":0,"menu_order":0,"comment_status":"closed","ping_status":"closed","template":"","meta":{"footnotes":""},"class_list":["post-2414","page","type-page","status-publish","hentry"],"yoast_head":"<!-- This site is optimized with the Yoast SEO plugin v22.5 - https:\/\/yoast.com\/wordpress\/plugins\/seo\/ -->\n<title>Quiero exponer - Universidad PYME Madrid<\/title>\n<meta name=\"robots\" content=\"index, follow, max-snippet:-1, max-image-preview:large, max-video-preview:-1\" \/>\n<link rel=\"canonical\" href=\"https:\/\/universidadpyme.fundae.es\/madrid\/quiero-exponer\/\" \/>\n<meta property=\"og:locale\" content=\"es_ES\" \/>\n<meta property=\"og:type\" content=\"article\" \/>\n<meta property=\"og:title\" content=\"Quiero exponer - Universidad PYME Madrid\" \/>\n<meta property=\"og:description\" content=\"[vc_row][vc_column css=\u00bb.vc_custom_1695379439527{margin-top: -70px !important;}\u00bb][\/vc_column][\/vc_row][vc_row full_width_row=\u00bbtrue\u00bb][vc_column][vc_column_text el_class=\u00bbhome-texto\u00bb css=\u00bb.vc_custom_1695379903587{padding-top: 100px !important;padding-right: 170px !important;padding-bottom: 50px !important;padding-left: 170px !important;}\u00bb] Aqu\u00ed encontrar\u00e1s toda la informaci\u00f3n que necesitas para tu participaci\u00f3n como expositor, los documentos espec\u00edficos de Universidad Pyme y formularios generales de IFEMA MADRID. [\/vc_column_text][\/vc_column][\/vc_row][vc_row anchor=\u00bb1300&#8243; el_class=\u00bbexponer-image\u00bb][vc_column width=\u00bb1\/3&#8243; el_id=\u00bbiconoUno\u00bb][vc_single_image image=\u00bb2429&#8243; img_size=\u00bbmedium\u00bb alignment=\u00bbcenter\u00bb][vc_column_text el_class=\u00bbtexto-pink\u00bb css=\u00bb.vc_custom_1695381382236{padding-top: 30px !important;}\u00bb] Solicitud de Participaci\u00f3n [\/vc_column_text][\/vc_column][vc_column&hellip;\" \/>\n<meta property=\"og:url\" content=\"https:\/\/universidadpyme.fundae.es\/madrid\/quiero-exponer\/\" \/>\n<meta property=\"og:site_name\" content=\"Universidad PYME Madrid\" \/>\n<meta property=\"article:modified_time\" content=\"2023-11-02T12:10:16+00:00\" \/>\n<meta name=\"twitter:card\" content=\"summary_large_image\" \/>\n<meta name=\"twitter:label1\" content=\"Tiempo de lectura\" \/>\n\t<meta name=\"twitter:data1\" content=\"1 minuto\" \/>\n<script type=\"application\/ld+json\" class=\"yoast-schema-graph\">{\"@context\":\"https:\/\/schema.org\",\"@graph\":[{\"@type\":\"WebPage\",\"@id\":\"https:\/\/universidadpyme.fundae.es\/madrid\/quiero-exponer\/\",\"url\":\"https:\/\/universidadpyme.fundae.es\/madrid\/quiero-exponer\/\",\"name\":\"Quiero exponer - Universidad PYME Madrid\",\"isPartOf\":{\"@id\":\"https:\/\/universidadpyme.fundae.es\/madrid\/#website\"},\"datePublished\":\"2023-09-22T10:29:52+00:00\",\"dateModified\":\"2023-11-02T12:10:16+00:00\",\"breadcrumb\":{\"@id\":\"https:\/\/universidadpyme.fundae.es\/madrid\/quiero-exponer\/#breadcrumb\"},\"inLanguage\":\"es\",\"potentialAction\":[{\"@type\":\"ReadAction\",\"target\":[\"https:\/\/universidadpyme.fundae.es\/madrid\/quiero-exponer\/\"]}]},{\"@type\":\"BreadcrumbList\",\"@id\":\"https:\/\/universidadpyme.fundae.es\/madrid\/quiero-exponer\/#breadcrumb\",\"itemListElement\":[{\"@type\":\"ListItem\",\"position\":1,\"name\":\"Portada\",\"item\":\"https:\/\/universidadpyme.fundae.es\/madrid\/\"},{\"@type\":\"ListItem\",\"position\":2,\"name\":\"Quiero exponer\"}]},{\"@type\":\"WebSite\",\"@id\":\"https:\/\/universidadpyme.fundae.es\/madrid\/#website\",\"url\":\"https:\/\/universidadpyme.fundae.es\/madrid\/\",\"name\":\"Universidad PYME Madrid\",\"description\":\"Otro sitio realizado con WordPress\",\"potentialAction\":[{\"@type\":\"SearchAction\",\"target\":{\"@type\":\"EntryPoint\",\"urlTemplate\":\"https:\/\/universidadpyme.fundae.es\/madrid\/?s={search_term_string}\"},\"query-input\":\"required name=search_term_string\"}],\"inLanguage\":\"es\"}]}<\/script>\n<!-- \/ Yoast SEO plugin. -->","yoast_head_json":{"title":"Quiero exponer - Universidad PYME Madrid","robots":{"index":"index","follow":"follow","max-snippet":"max-snippet:-1","max-image-preview":"max-image-preview:large","max-video-preview":"max-video-preview:-1"},"canonical":"https:\/\/universidadpyme.fundae.es\/madrid\/quiero-exponer\/","og_locale":"es_ES","og_type":"article","og_title":"Quiero exponer - Universidad PYME Madrid","og_description":"[vc_row][vc_column css=\u00bb.vc_custom_1695379439527{margin-top: -70px !important;}\u00bb][\/vc_column][\/vc_row][vc_row full_width_row=\u00bbtrue\u00bb][vc_column][vc_column_text el_class=\u00bbhome-texto\u00bb css=\u00bb.vc_custom_1695379903587{padding-top: 100px !important;padding-right: 170px !important;padding-bottom: 50px !important;padding-left: 170px !important;}\u00bb] Aqu\u00ed encontrar\u00e1s toda la informaci\u00f3n que necesitas para tu participaci\u00f3n como expositor, los documentos espec\u00edficos de Universidad Pyme y formularios generales de IFEMA MADRID. [\/vc_column_text][\/vc_column][\/vc_row][vc_row anchor=\u00bb1300&#8243; el_class=\u00bbexponer-image\u00bb][vc_column width=\u00bb1\/3&#8243; el_id=\u00bbiconoUno\u00bb][vc_single_image image=\u00bb2429&#8243; img_size=\u00bbmedium\u00bb alignment=\u00bbcenter\u00bb][vc_column_text el_class=\u00bbtexto-pink\u00bb css=\u00bb.vc_custom_1695381382236{padding-top: 30px !important;}\u00bb] Solicitud de Participaci\u00f3n [\/vc_column_text][\/vc_column][vc_column&hellip;","og_url":"https:\/\/universidadpyme.fundae.es\/madrid\/quiero-exponer\/","og_site_name":"Universidad PYME Madrid","article_modified_time":"2023-11-02T12:10:16+00:00","twitter_card":"summary_large_image","twitter_misc":{"Tiempo de lectura":"1 minuto"},"schema":{"@context":"https:\/\/schema.org","@graph":[{"@type":"WebPage","@id":"https:\/\/universidadpyme.fundae.es\/madrid\/quiero-exponer\/","url":"https:\/\/universidadpyme.fundae.es\/madrid\/quiero-exponer\/","name":"Quiero exponer - Universidad PYME Madrid","isPartOf":{"@id":"https:\/\/universidadpyme.fundae.es\/madrid\/#website"},"datePublished":"2023-09-22T10:29:52+00:00","dateModified":"2023-11-02T12:10:16+00:00","breadcrumb":{"@id":"https:\/\/universidadpyme.fundae.es\/madrid\/quiero-exponer\/#breadcrumb"},"inLanguage":"es","potentialAction":[{"@type":"ReadAction","target":["https:\/\/universidadpyme.fundae.es\/madrid\/quiero-exponer\/"]}]},{"@type":"BreadcrumbList","@id":"https:\/\/universidadpyme.fundae.es\/madrid\/quiero-exponer\/#breadcrumb","itemListElement":[{"@type":"ListItem","position":1,"name":"Portada","item":"https:\/\/universidadpyme.fundae.es\/madrid\/"},{"@type":"ListItem","position":2,"name":"Quiero exponer"}]},{"@type":"WebSite","@id":"https:\/\/universidadpyme.fundae.es\/madrid\/#website","url":"https:\/\/universidadpyme.fundae.es\/madrid\/","name":"Universidad PYME Madrid","description":"Otro sitio realizado con WordPress","potentialAction":[{"@type":"SearchAction","target":{"@type":"EntryPoint","urlTemplate":"https:\/\/universidadpyme.fundae.es\/madrid\/?s={search_term_string}"},"query-input":"required name=search_term_string"}],"inLanguage":"es"}]}},"_links":{"self":[{"href":"https:\/\/universidadpyme.fundae.es\/madrid\/wp-json\/wp\/v2\/pages\/2414","targetHints":{"allow":["GET"]}}],"collection":[{"href":"https:\/\/universidadpyme.fundae.es\/madrid\/wp-json\/wp\/v2\/pages"}],"about":[{"href":"https:\/\/universidadpyme.fundae.es\/madrid\/wp-json\/wp\/v2\/types\/page"}],"author":[{"embeddable":true,"href":"https:\/\/universidadpyme.fundae.es\/madrid\/wp-json\/wp\/v2\/users\/1"}],"replies":[{"embeddable":true,"href":"https:\/\/universidadpyme.fundae.es\/madrid\/wp-json\/wp\/v2\/comments?post=2414"}],"version-history":[{"count":50,"href":"https:\/\/universidadpyme.fundae.es\/madrid\/wp-json\/wp\/v2\/pages\/2414\/revisions"}],"predecessor-version":[{"id":4725,"href":"https:\/\/universidadpyme.fundae.es\/madrid\/wp-json\/wp\/v2\/pages\/2414\/revisions\/4725"}],"wp:attachment":[{"href":"https:\/\/universidadpyme.fundae.es\/madrid\/wp-json\/wp\/v2\/media?parent=2414"}],"curies":[{"name":"wp","href":"https:\/\/api.w.org\/{rel}","templated":true}]}}