{"id":2501,"date":"2023-09-25T08:41:36","date_gmt":"2023-09-25T08:41:36","guid":{"rendered":"https:\/\/universidadpyme.fundae.es\/iuhg56\/?page_id=2501"},"modified":"2023-10-20T10:52:12","modified_gmt":"2023-10-20T10:52:12","slug":"recursos","status":"publish","type":"page","link":"https:\/\/universidadpyme.fundae.es\/madrid\/recursos\/","title":{"rendered":"Recursos"},"content":{"rendered":"<section class=\"wpb-content-wrapper\"><p>[vc_row css=\u00bb.vc_custom_1695632244665{padding-top: -70px !important;}\u00bb][vc_column css=\u00bb.vc_custom_1695632303278{margin-top: -70px !important;}\u00bb]\n\t\t\t<!-- START Recursos REVOLUTION SLIDER 6.6.10 --><p class=\"rs-p-wp-fix\"><\/p>\n\t\t\t<rs-module-wrap id=\"rev_slider_22_1_wrapper\" data-source=\"gallery\" style=\"visibility:hidden;background:transparent;padding:0;margin:0px auto;margin-top:0;margin-bottom:0;\">\n\t\t\t\t<rs-module id=\"rev_slider_22_1\" style=\"\" data-version=\"6.6.10\">\n\t\t\t\t\t<rs-slides style=\"overflow: hidden; position: absolute;\">\n\t\t\t\t\t\t<rs-slide style=\"position: absolute;\" data-key=\"rs-25\" data-title=\"Slide\" data-anim=\"adpr:false;ms:600;\" data-in=\"o:0;\" data-out=\"a:false;\">\n\t\t\t\t\t\t\t<img fetchpriority=\"high\" decoding=\"async\" src=\"\/\/universidadpyme.fundae.es\/madrid\/wp-content\/plugins\/revslider\/public\/assets\/assets\/dummy.png\" alt=\"Slide\" title=\"fondo_degradado\" width=\"2540\" height=\"1143\" class=\"rev-slidebg tp-rs-img rs-lazyload\" data-lazyload=\"\/\/universidadpyme.fundae.es\/madrid\/wp-content\/plugins\/revslider\/public\/assets\/assets\/transparent.png\" data-bg=\"p:right center;c:#b2e927;\" data-no-retina>\n<!--\n\t\t\t\t\t\t\t--><rs-layer\n\t\t\t\t\t\t\t\tid=\"slider-22-slide-25-layer-0\" \n\t\t\t\t\t\t\t\tdata-type=\"text\"\n\t\t\t\t\t\t\t\tdata-color=\"#24272a\"\n\t\t\t\t\t\t\t\tdata-rsp_ch=\"on\"\n\t\t\t\t\t\t\t\tdata-xy=\"x:l,l,c,c;xo:24px,45px,-3px,-1px;yo:226px,397px,407px,360px;\"\n\t\t\t\t\t\t\t\tdata-text=\"w:normal;s:30,25,20,20;l:38,30,25,25;ls:0px,0px,0px,2px;fw:700;\"\n\t\t\t\t\t\t\t\tdata-dim=\"w:600px,915px,642px,448px;\"\n\t\t\t\t\t\t\t\tdata-frame_1=\"st:1330;sp:1200;sR:1330;\"\n\t\t\t\t\t\t\t\tdata-frame_999=\"o:0;st:w;sR:6470;\"\n\t\t\t\t\t\t\t\tstyle=\"z-index:7;font-family:'Nexa';\"\n\t\t\t\t\t\t\t>En esta secci\u00f3n podr\u00e1s ver y descargarte todos los elementos gr\u00e1ficos y de comunicaci\u00f3n que hemos creado para dar mayor alcance a \"Pyme futuro digital. Crece con la formaci\u00f3n\". \n\t\t\t\t\t\t\t<\/rs-layer><!--\n\n\t\t\t\t\t\t\t--><a\n\t\t\t\t\t\t\t\tid=\"slider-22-slide-25-layer-1\" \n\t\t\t\t\t\t\t\tclass=\"rs-layer rev-btn\"\n\t\t\t\t\t\t\t\thref=\"https:\/\/formularios.businessplus.es\/FundaeMadrid?clave=wxmxAvvPK0e6ASmxtD43w\" target=\"_blank\" rel=\"noopener\"\n\t\t\t\t\t\t\t\tdata-type=\"button\"\n\t\t\t\t\t\t\t\tdata-rsp_ch=\"on\"\n\t\t\t\t\t\t\t\tdata-xy=\"x:l,l,c,c;xo:24px,434px,-3px,-5px;yo:448px,487px,514px,538px;\"\n\t\t\t\t\t\t\t\tdata-text=\"w:normal;s:20,15,26,26;l:55,41,29,29;a:center;\"\n\t\t\t\t\t\t\t\tdata-dim=\"w:217px,164px,168px,153px;h:auto,auto,41px,44px;minh:0px,none,none,none;\"\n\t\t\t\t\t\t\t\tdata-vbility=\"f,f,f,f\"\n\t\t\t\t\t\t\t\tdata-padding=\"t:10,8,6,10;r:40,30,23,14;b:0,0,0,10;l:40,30,23,14;\"\n\t\t\t\t\t\t\t\tdata-border=\"bor:5px,5px,5px,5px;\"\n\t\t\t\t\t\t\t\tdata-frame_1=\"st:1360;sp:1200;sR:1360;\"\n\t\t\t\t\t\t\t\tdata-frame_999=\"o:0;st:w;sR:6440;\"\n\t\t\t\t\t\t\t\tdata-frame_hover=\"bgc:#007aff;bor:5px,5px,5px,5px;sp:100;e:power1.inOut;bri:120%;\"\n\t\t\t\t\t\t\t\tstyle=\"z-index:10;background-color:#e625bc;font-family:'Nexa';\"\n\t\t\t\t\t\t\t>Inscr\u00edbete \n\t\t\t\t\t\t\t<\/a><!--\n\n\t\t\t\t\t\t\t--><rs-layer\n\t\t\t\t\t\t\t\tid=\"slider-22-slide-25-layer-2\" \n\t\t\t\t\t\t\t\tdata-type=\"text\"\n\t\t\t\t\t\t\t\tdata-color=\"#e625bc\"\n\t\t\t\t\t\t\t\tdata-rsp_ch=\"on\"\n\t\t\t\t\t\t\t\tdata-xy=\"xo:24px,44px,66px,15px;y:m;yo:-136px,90px,77px,60px;\"\n\t\t\t\t\t\t\t\tdata-text=\"w:normal;s:45,45,30,30;l:50,45,35,35;ls:1px;fw:700;\"\n\t\t\t\t\t\t\t\tdata-dim=\"w:602px,666px,605px,439px;h:auto,auto,auto,31px;\"\n\t\t\t\t\t\t\t\tdata-margin=\"b:30;\"\n\t\t\t\t\t\t\t\tdata-frame_0=\"y:100%;\"\n\t\t\t\t\t\t\t\tdata-frame_0_mask=\"u:t;y:100%;\"\n\t\t\t\t\t\t\t\tdata-frame_1=\"e:power2.inOut;st:1350;sp:1200;sR:1350;\"\n\t\t\t\t\t\t\t\tdata-frame_1_mask=\"u:t;\"\n\t\t\t\t\t\t\t\tdata-frame_999=\"o:0;e:nothing;st:w;sR:6450;\"\n\t\t\t\t\t\t\t\tstyle=\"z-index:8;font-family:'Nexa';\"\n\t\t\t\t\t\t\t>Recursos \n\t\t\t\t\t\t\t<\/rs-layer><!--\n\n\t\t\t\t\t\t\t--><rs-layer\n\t\t\t\t\t\t\t\tid=\"slider-22-slide-25-layer-3\" \n\t\t\t\t\t\t\t\tdata-type=\"text\"\n\t\t\t\t\t\t\t\tdata-color=\"#24272a\"\n\t\t\t\t\t\t\t\tdata-rsp_ch=\"on\"\n\t\t\t\t\t\t\t\tdata-xy=\"x:l,l,c,c;xo:24px,48px,-2px,-4px;yo:451px,503px,524px,517px;\"\n\t\t\t\t\t\t\t\tdata-text=\"w:normal;s:30,25,20,20;l:38,30,25,25;ls:0px,0px,0px,2px;fw:700;\"\n\t\t\t\t\t\t\t\tdata-dim=\"w:600px,915px,642px,445px;\"\n\t\t\t\t\t\t\t\tdata-frame_1=\"st:1330;sp:1200;sR:1330;\"\n\t\t\t\t\t\t\t\tdata-frame_999=\"o:0;st:w;sR:6470;\"\n\t\t\t\t\t\t\t\tstyle=\"z-index:6;font-family:'Nexa';\"\n\t\t\t\t\t\t\t>Evento realizado, para conocer pr\u00f3ximos eventos, pulsa el siguiente  <a class='link' href='https:\/\/www.fundae.es\/actualidad\/universidad-pyme' target='_blank'>enlace<\/a> \n\t\t\t\t\t\t\t<\/rs-layer><!--\n\n\t\t\t\t\t\t\t--><rs-layer\n\t\t\t\t\t\t\t\tid=\"slider-22-slide-25-layer-4\" \n\t\t\t\t\t\t\t\tdata-type=\"image\"\n\t\t\t\t\t\t\t\tdata-rsp_ch=\"on\"\n\t\t\t\t\t\t\t\tdata-xy=\"x:r,c,c,c;xo:26px,-5px,0,1px;y:m;yo:1px,-107px,-115px,-114px;\"\n\t\t\t\t\t\t\t\tdata-text=\"w:normal;s:20,15,11,6;l:0,18,13,8;\"\n\t\t\t\t\t\t\t\tdata-dim=\"w:680px,458px,444px,441px;h:420px,283px,274px,272px;\"\n\t\t\t\t\t\t\t\tdata-frame_1=\"st:1350;sp:1200;sR:1350;\"\n\t\t\t\t\t\t\t\tdata-frame_999=\"o:0;st:w;sR:6450;\"\n\t\t\t\t\t\t\t\tstyle=\"z-index:9;\"\n\t\t\t\t\t\t\t><img decoding=\"async\" src=\"\/\/universidadpyme.fundae.es\/madrid\/wp-content\/plugins\/revslider\/public\/assets\/assets\/dummy.png\" alt=\"\" class=\"tp-rs-img rs-lazyload\" width=\"810\" height=\"500\" data-lazyload=\"\/\/universidadpyme.fundae.es\/madrid\/wp-content\/uploads\/2023\/09\/imgrecursos.png\" data-no-retina> \n\t\t\t\t\t\t\t<\/rs-layer><!--\n-->\t\t\t\t\t\t<\/rs-slide>\n\t\t\t\t\t<\/rs-slides>\n\t\t\t\t<\/rs-module>\n\t\t\t\t<script>\n\t\t\t\t\tsetREVStartSize({c: 'rev_slider_22_1',rl:[1240,1024,778,480],el:[600,550,600,600],gw:[1350,1024,778,480],gh:[600,550,600,600],type:'standard',justify:'',layout:'fullwidth',mh:\"600\"});if (window.RS_MODULES!==undefined && window.RS_MODULES.modules!==undefined && window.RS_MODULES.modules[\"revslider221\"]!==undefined) {window.RS_MODULES.modules[\"revslider221\"].once = false;window.revapi22 = undefined;if (window.RS_MODULES.checkMinimal!==undefined) window.RS_MODULES.checkMinimal()}\n\t\t\t\t<\/script>\n\t\t\t<\/rs-module-wrap>\n\t\t\t<!-- END REVOLUTION SLIDER -->\n[\/vc_column][\/vc_row][vc_row][vc_column][vc_column_text css=\u00bb.vc_custom_1697038031920{margin-top: 100px !important;margin-bottom: 100px !important;}\u00bb]<\/p>\n<h1 class=\"azul_h1\" style=\"text-align: center;\">RECURSOS EVENTO<\/h1>\n<p>[\/vc_column_text][vc_row_inner gap=\u00bb30&#8243; el_class=\u00bbtres-columnas-logo\u00bb css=\u00bb.vc_custom_1697039545247{padding-bottom: 100px !important;background-color: #ffffff !important;}\u00bb][vc_column_inner width=\u00bb1\/4&#8243; css=\u00bb.vc_custom_1697038048639{background-color: #ffffff !important;}\u00bb][vc_single_image image=\u00bb3785&#8243; img_size=\u00bbmedium\u00bb alignment=\u00bbcenter\u00bb][vc_column_text css=\u00bb.vc_custom_1697039651039{padding-top: 40px !important;padding-bottom: 40px !important;}\u00bb]<\/p>\n<p class=\"recursos-subtitulo\" style=\"text-align: center;\">RECURSOS GR\u00c1FICOS<br \/>\nUNIVERSIDAD PYME[\/vc_column_text][vc_btn title=\u00bbDescarga\u00bb align=\u00bbcenter\u00bb css=\u00bb.vc_custom_1697799130489{padding-bottom: 40px !important;}\u00bb el_class=\u00bbboton-rosa\u00bb link=\u00bburl:https%3A%2F%2Funiversidadpyme.fundae.es%2Fmadrid%2Fwp-content%2Fuploads%2F2023%2F10%2FImagenes-RR.SS_.zip|target:_blank\u00bb][\/vc_column_inner][vc_column_inner width=\u00bb1\/4&#8243; css=\u00bb.vc_custom_1697038285671{background-color: #ffffff !important;}\u00bb][vc_single_image image=\u00bb3786&#8243; img_size=\u00bbmedium\u00bb alignment=\u00bbcenter\u00bb css=\u00bb.vc_custom_1697038196024{background-color: #ffffff !important;}\u00bb][vc_column_text css=\u00bb.vc_custom_1697451743642{padding-top: 40px !important;padding-bottom: 40px !important;}\u00bb]<\/p>\n<p class=\"recursos-subtitulo\" style=\"text-align: center;\">TOOLKIT<br \/>\nUNIVERSIDAD PYME[\/vc_column_text][vc_btn title=\u00bbDescarga\u00bb align=\u00bbcenter\u00bb css=\u00bb.vc_custom_1697656485916{padding-bottom: 40px !important;}\u00bb el_class=\u00bbboton-rosa\u00bb link=\u00bburl:https%3A%2F%2Funiversidadpyme.fundae.es%2Fmadrid%2Fwp-content%2Fuploads%2F2023%2F10%2FUniversidad-Pyme_ToolKit_181023.pdf|target:_blank\u00bb][\/vc_column_inner][vc_column_inner width=\u00bb1\/4&#8243; css=\u00bb.vc_custom_1697038150535{background-color: #ffffff !important;}\u00bb][vc_single_image image=\u00bb3787&#8243; img_size=\u00bbmedium\u00bb alignment=\u00bbcenter\u00bb][vc_column_text css=\u00bb.vc_custom_1697039672296{padding-top: 40px !important;padding-bottom: 40px !important;}\u00bb]<\/p>\n<p class=\"recursos-subtitulo\" style=\"text-align: center;\">VIDEO<br \/>\nUNIVERSIDAD PYME[\/vc_column_text][vc_btn title=\u00bbDescarga\u00bb align=\u00bbcenter\u00bb css=\u00bb.vc_custom_1697040083505{padding-bottom: 40px !important;}\u00bb el_class=\u00bbboton-rosa\u00bb link=\u00bburl:https%3A%2F%2Funiversidadpyme.fundae.es%2Fmadrid%2Fwp-content%2Fuploads%2F2023%2F10%2FVideo.mp4|target:_blank\u00bb][\/vc_column_inner][\/vc_row_inner][\/vc_column][\/vc_row]<\/p>\n<\/section>","protected":false},"excerpt":{"rendered":"<p>[vc_row css=\u00bb.vc_custom_1695632244665{padding-top: -70px !important;}\u00bb][vc_column css=\u00bb.vc_custom_1695632303278{margin-top: -70px !important;}\u00bb][\/vc_column][\/vc_row][vc_row][vc_column][vc_column_text css=\u00bb.vc_custom_1697038031920{margin-top: 100px !important;margin-bottom: 100px !important;}\u00bb] RECURSOS EVENTO [\/vc_column_text][vc_row_inner gap=\u00bb30&#8243; el_class=\u00bbtres-columnas-logo\u00bb css=\u00bb.vc_custom_1697039545247{padding-bottom: 100px !important;background-color: #ffffff !important;}\u00bb][vc_column_inner width=\u00bb1\/4&#8243; css=\u00bb.vc_custom_1697038048639{background-color: #ffffff !important;}\u00bb][vc_single_image image=\u00bb3785&#8243; img_size=\u00bbmedium\u00bb alignment=\u00bbcenter\u00bb][vc_column_text css=\u00bb.vc_custom_1697039651039{padding-top: 40px !important;padding-bottom: 40px !important;}\u00bb] RECURSOS GR\u00c1FICOS UNIVERSIDAD PYME[\/vc_column_text][vc_btn title=\u00bbDescarga\u00bb align=\u00bbcenter\u00bb css=\u00bb.vc_custom_1697799130489{padding-bottom: 40px !important;}\u00bb el_class=\u00bbboton-rosa\u00bb link=\u00bburl:https%3A%2F%2Funiversidadpyme.fundae.es%2Fmadrid%2Fwp-content%2Fuploads%2F2023%2F10%2FImagenes-RR.SS_.zip|target:_blank\u00bb][\/vc_column_inner][vc_column_inner width=\u00bb1\/4&#8243; css=\u00bb.vc_custom_1697038285671{background-color: #ffffff !important;}\u00bb][vc_single_image image=\u00bb3786&#8243; img_size=\u00bbmedium\u00bb alignment=\u00bbcenter\u00bb css=\u00bb.vc_custom_1697038196024{background-color: #ffffff !important;}\u00bb][vc_column_text&hellip;<\/p>\n","protected":false},"author":1,"featured_media":0,"parent":0,"menu_order":0,"comment_status":"closed","ping_status":"closed","template":"","meta":{"footnotes":""},"class_list":["post-2501","page","type-page","status-publish","hentry","description-off"],"yoast_head":"<!-- This site is optimized with the Yoast SEO plugin v22.5 - https:\/\/yoast.com\/wordpress\/plugins\/seo\/ -->\n<title>Recursos - Universidad PYME Madrid<\/title>\n<meta name=\"robots\" content=\"index, follow, max-snippet:-1, max-image-preview:large, max-video-preview:-1\" \/>\n<link rel=\"canonical\" href=\"https:\/\/universidadpyme.fundae.es\/madrid\/recursos\/\" \/>\n<meta property=\"og:locale\" content=\"es_ES\" \/>\n<meta property=\"og:type\" content=\"article\" \/>\n<meta property=\"og:title\" content=\"Universidad PYME Madrid\" \/>\n<meta property=\"og:description\" content=\"Si quieres descubrir las \u00faltimas tendencias y novedades del sector de la tecnolog\u00eda e innovaci\u00f3n y la formaci\u00f3n, \u00e9ste es tu encuentro, para ti, para tu empresa, para tu proyecto.\" \/>\n<meta property=\"og:url\" content=\"https:\/\/universidadpyme.fundae.es\/madrid\/recursos\/\" \/>\n<meta property=\"og:site_name\" content=\"Universidad PYME Madrid\" \/>\n<meta property=\"article:modified_time\" content=\"2023-10-20T10:52:12+00:00\" \/>\n<meta property=\"og:image\" content=\"https:\/\/universidadpyme.fundae.es\/madrid\/wp-content\/uploads\/2023\/10\/facebook_compartir.png\" \/>\n\t<meta property=\"og:image:width\" content=\"262\" \/>\n\t<meta property=\"og:image:height\" content=\"246\" \/>\n\t<meta property=\"og:image:type\" content=\"image\/png\" \/>\n<meta name=\"twitter:card\" content=\"summary_large_image\" \/>\n<meta name=\"twitter:title\" content=\"Universidad PYME Madrod\" \/>\n<meta name=\"twitter:description\" content=\"Si quieres descubrir las \u00faltimas tendencias y novedades del sector de la tecnolog\u00eda e innovaci\u00f3n y la formaci\u00f3n, \u00e9ste es tu encuentro, para ti, para tu empresa, para tu proyecto.\" \/>\n<meta name=\"twitter:image\" content=\"https:\/\/universidadpyme.fundae.es\/madrid\/wp-content\/uploads\/2023\/10\/facebook_compartir.png\" \/>\n<meta name=\"twitter:label1\" content=\"Tiempo de lectura\" \/>\n\t<meta name=\"twitter:data1\" content=\"1 minuto\" \/>\n<script type=\"application\/ld+json\" class=\"yoast-schema-graph\">{\"@context\":\"https:\/\/schema.org\",\"@graph\":[{\"@type\":\"WebPage\",\"@id\":\"https:\/\/universidadpyme.fundae.es\/madrid\/recursos\/\",\"url\":\"https:\/\/universidadpyme.fundae.es\/madrid\/recursos\/\",\"name\":\"Recursos - Universidad PYME Madrid\",\"isPartOf\":{\"@id\":\"https:\/\/universidadpyme.fundae.es\/madrid\/#website\"},\"datePublished\":\"2023-09-25T08:41:36+00:00\",\"dateModified\":\"2023-10-20T10:52:12+00:00\",\"breadcrumb\":{\"@id\":\"https:\/\/universidadpyme.fundae.es\/madrid\/recursos\/#breadcrumb\"},\"inLanguage\":\"es\",\"potentialAction\":[{\"@type\":\"ReadAction\",\"target\":[\"https:\/\/universidadpyme.fundae.es\/madrid\/recursos\/\"]}]},{\"@type\":\"BreadcrumbList\",\"@id\":\"https:\/\/universidadpyme.fundae.es\/madrid\/recursos\/#breadcrumb\",\"itemListElement\":[{\"@type\":\"ListItem\",\"position\":1,\"name\":\"Portada\",\"item\":\"https:\/\/universidadpyme.fundae.es\/madrid\/\"},{\"@type\":\"ListItem\",\"position\":2,\"name\":\"Recursos\"}]},{\"@type\":\"WebSite\",\"@id\":\"https:\/\/universidadpyme.fundae.es\/madrid\/#website\",\"url\":\"https:\/\/universidadpyme.fundae.es\/madrid\/\",\"name\":\"Universidad PYME Madrid\",\"description\":\"Otro sitio realizado con WordPress\",\"potentialAction\":[{\"@type\":\"SearchAction\",\"target\":{\"@type\":\"EntryPoint\",\"urlTemplate\":\"https:\/\/universidadpyme.fundae.es\/madrid\/?s={search_term_string}\"},\"query-input\":\"required name=search_term_string\"}],\"inLanguage\":\"es\"}]}<\/script>\n<!-- \/ Yoast SEO plugin. -->","yoast_head_json":{"title":"Recursos - Universidad PYME Madrid","robots":{"index":"index","follow":"follow","max-snippet":"max-snippet:-1","max-image-preview":"max-image-preview:large","max-video-preview":"max-video-preview:-1"},"canonical":"https:\/\/universidadpyme.fundae.es\/madrid\/recursos\/","og_locale":"es_ES","og_type":"article","og_title":"Universidad PYME Madrid","og_description":"Si quieres descubrir las \u00faltimas tendencias y novedades del sector de la tecnolog\u00eda e innovaci\u00f3n y la formaci\u00f3n, \u00e9ste es tu encuentro, para ti, para tu empresa, para tu proyecto.","og_url":"https:\/\/universidadpyme.fundae.es\/madrid\/recursos\/","og_site_name":"Universidad PYME Madrid","article_modified_time":"2023-10-20T10:52:12+00:00","og_image":[{"width":262,"height":246,"url":"https:\/\/universidadpyme.fundae.es\/madrid\/wp-content\/uploads\/2023\/10\/facebook_compartir.png","type":"image\/png"}],"twitter_card":"summary_large_image","twitter_title":"Universidad PYME Madrod","twitter_description":"Si quieres descubrir las \u00faltimas tendencias y novedades del sector de la tecnolog\u00eda e innovaci\u00f3n y la formaci\u00f3n, \u00e9ste es tu encuentro, para ti, para tu empresa, para tu proyecto.","twitter_image":"https:\/\/universidadpyme.fundae.es\/madrid\/wp-content\/uploads\/2023\/10\/facebook_compartir.png","twitter_misc":{"Tiempo de lectura":"1 minuto"},"schema":{"@context":"https:\/\/schema.org","@graph":[{"@type":"WebPage","@id":"https:\/\/universidadpyme.fundae.es\/madrid\/recursos\/","url":"https:\/\/universidadpyme.fundae.es\/madrid\/recursos\/","name":"Recursos - Universidad PYME Madrid","isPartOf":{"@id":"https:\/\/universidadpyme.fundae.es\/madrid\/#website"},"datePublished":"2023-09-25T08:41:36+00:00","dateModified":"2023-10-20T10:52:12+00:00","breadcrumb":{"@id":"https:\/\/universidadpyme.fundae.es\/madrid\/recursos\/#breadcrumb"},"inLanguage":"es","potentialAction":[{"@type":"ReadAction","target":["https:\/\/universidadpyme.fundae.es\/madrid\/recursos\/"]}]},{"@type":"BreadcrumbList","@id":"https:\/\/universidadpyme.fundae.es\/madrid\/recursos\/#breadcrumb","itemListElement":[{"@type":"ListItem","position":1,"name":"Portada","item":"https:\/\/universidadpyme.fundae.es\/madrid\/"},{"@type":"ListItem","position":2,"name":"Recursos"}]},{"@type":"WebSite","@id":"https:\/\/universidadpyme.fundae.es\/madrid\/#website","url":"https:\/\/universidadpyme.fundae.es\/madrid\/","name":"Universidad PYME Madrid","description":"Otro sitio realizado con WordPress","potentialAction":[{"@type":"SearchAction","target":{"@type":"EntryPoint","urlTemplate":"https:\/\/universidadpyme.fundae.es\/madrid\/?s={search_term_string}"},"query-input":"required name=search_term_string"}],"inLanguage":"es"}]}},"_links":{"self":[{"href":"https:\/\/universidadpyme.fundae.es\/madrid\/wp-json\/wp\/v2\/pages\/2501","targetHints":{"allow":["GET"]}}],"collection":[{"href":"https:\/\/universidadpyme.fundae.es\/madrid\/wp-json\/wp\/v2\/pages"}],"about":[{"href":"https:\/\/universidadpyme.fundae.es\/madrid\/wp-json\/wp\/v2\/types\/page"}],"author":[{"embeddable":true,"href":"https:\/\/universidadpyme.fundae.es\/madrid\/wp-json\/wp\/v2\/users\/1"}],"replies":[{"embeddable":true,"href":"https:\/\/universidadpyme.fundae.es\/madrid\/wp-json\/wp\/v2\/comments?post=2501"}],"version-history":[{"count":58,"href":"https:\/\/universidadpyme.fundae.es\/madrid\/wp-json\/wp\/v2\/pages\/2501\/revisions"}],"predecessor-version":[{"id":4505,"href":"https:\/\/universidadpyme.fundae.es\/madrid\/wp-json\/wp\/v2\/pages\/2501\/revisions\/4505"}],"wp:attachment":[{"href":"https:\/\/universidadpyme.fundae.es\/madrid\/wp-json\/wp\/v2\/media?parent=2501"}],"curies":[{"name":"wp","href":"https:\/\/api.w.org\/{rel}","templated":true}]}}