{"id":835,"date":"2014-03-18T10:02:39","date_gmt":"2014-03-18T10:02:39","guid":{"rendered":"http:\/\/the7.dream-demo.com\/business\/?page_id=5"},"modified":"2024-04-23T10:32:04","modified_gmt":"2024-04-23T10:32:04","slug":"que-es","status":"publish","type":"page","link":"https:\/\/universidadpyme.fundae.es\/malaga\/que-es\/","title":{"rendered":"\u00bfQu\u00e9 es?"},"content":{"rendered":"<section class=\"wpb-content-wrapper\"><p>[vc_row][vc_column]\n\t\t\t<!-- START Que es REVOLUTION SLIDER 6.6.10 --><p class=\"rs-p-wp-fix\"><\/p>\n\t\t\t<rs-module-wrap id=\"rev_slider_12_1_wrapper\" data-source=\"gallery\" style=\"visibility:hidden;background:transparent;padding:0;margin:0px auto;margin-top:0;margin-bottom:0;\">\n\t\t\t\t<rs-module id=\"rev_slider_12_1\" style=\"\" data-version=\"6.6.10\">\n\t\t\t\t\t<rs-slides style=\"overflow: hidden; position: absolute;\">\n\t\t\t\t\t\t<rs-slide style=\"position: absolute;\" data-key=\"rs-15\" data-title=\"Slide\" data-anim=\"adpr:false;ms:600;\" data-in=\"o:0;\" data-out=\"a:false;\">\n\t\t\t\t\t\t\t<img fetchpriority=\"high\" decoding=\"async\" src=\"\/\/universidadpyme.fundae.es\/malaga\/wp-content\/plugins\/revslider\/public\/assets\/assets\/dummy.png\" alt=\"\" title=\"Fondo banner upyme rgb_Mesa de trabajo 1\" width=\"13000\" height=\"7313\" class=\"rev-slidebg tp-rs-img rs-lazyload\" data-lazyload=\"\/\/universidadpyme.fundae.es\/malaga\/wp-content\/uploads\/2024\/03\/Fondo-banner-upyme-rgb_Mesa-de-trabajo-1.png\" data-bg=\"p:right center;\" data-no-retina>\n<!--\n\t\t\t\t\t\t\t--><rs-layer\n\t\t\t\t\t\t\t\tid=\"slider-12-slide-15-layer-0\" \n\t\t\t\t\t\t\t\tdata-type=\"text\"\n\t\t\t\t\t\t\t\tdata-rsp_ch=\"on\"\n\t\t\t\t\t\t\t\tdata-xy=\"x:l,c,c,c;xo:24px,7px,0,0;yo:167px,375px,365px,356px;\"\n\t\t\t\t\t\t\t\tdata-text=\"w:normal;s:30,25,25,20;l:38,30,30,25;ls:0px,0px,0px,2px;fw:700;\"\n\t\t\t\t\t\t\t\tdata-dim=\"w:600px,915px,642px,436px;\"\n\t\t\t\t\t\t\t\tdata-frame_1=\"st:1330;sp:1200;sR:1330;\"\n\t\t\t\t\t\t\t\tdata-frame_999=\"o:0;st:w;sR:6470;\"\n\t\t\t\t\t\t\t\tstyle=\"z-index:7;font-family:'Nexa';\"\n\t\t\t\t\t\t\t>Un evento \u00fanico en el que pudimos conocer multitud de experiencias e iniciativas innovadoras que las instituciones y las empresas est\u00e1n llevando a cabo para impulsar la transformaci\u00f3n digital \n\t\t\t\t\t\t\t<\/rs-layer><!--\n\n\t\t\t\t\t\t\t--><a\n\t\t\t\t\t\t\t\tid=\"slider-12-slide-15-layer-1\" \n\t\t\t\t\t\t\t\tclass=\"rs-layer rev-btn\"\n\t\t\t\t\t\t\t\thref=\"https:\/\/formularios.businessplus.es\/UniversidadPyme?clave=RlSGrvpaH0C3YbCtFjt4AA\" target=\"_blank\" rel=\"noopener\"\n\t\t\t\t\t\t\t\tdata-type=\"button\"\n\t\t\t\t\t\t\t\tdata-color=\"#001d85\"\n\t\t\t\t\t\t\t\tdata-rsp_ch=\"on\"\n\t\t\t\t\t\t\t\tdata-xy=\"x:l,c,c,c;xo:24px,0,0,0;yo:411px,485px,513px,524px;\"\n\t\t\t\t\t\t\t\tdata-text=\"w:normal;s:20,25,25,26;l:55,41,38,29;fw:500;a:center;\"\n\t\t\t\t\t\t\t\tdata-dim=\"w:217px,179px,175px,186px;h:auto,auto,auto,46px;minh:0px,none,none,none;\"\n\t\t\t\t\t\t\t\tdata-vbility=\"f,f,f,f\"\n\t\t\t\t\t\t\t\tdata-padding=\"t:10,8,7,14;r:40,30,29,18;b:0,0,0,14;l:40,30,29,18;\"\n\t\t\t\t\t\t\t\tdata-border=\"bor:5px,5px,5px,5px;\"\n\t\t\t\t\t\t\t\tdata-frame_0=\"x:0,0,0px,0px;y:0,0,0px,0px;\"\n\t\t\t\t\t\t\t\tdata-frame_1=\"x:0,0,0px,0px;y:0,0,0px,0px;st:1360;sp:1200;sR:1360;\"\n\t\t\t\t\t\t\t\tdata-frame_999=\"o:0;st:w;sR:6440;\"\n\t\t\t\t\t\t\t\tdata-frame_hover=\"c:#fff;bgc:#007aff;bor:5px,5px,5px,5px;sp:100;e:power1.inOut;bri:120%;\"\n\t\t\t\t\t\t\t\tstyle=\"z-index:10;background-color:#ffffff;font-family:'Nexa';\"\n\t\t\t\t\t\t\t>Inscr\u00edbete \n\t\t\t\t\t\t\t<\/a><!--\n\n\t\t\t\t\t\t\t--><rs-layer\n\t\t\t\t\t\t\t\tid=\"slider-12-slide-15-layer-2\" \n\t\t\t\t\t\t\t\tdata-type=\"text\"\n\t\t\t\t\t\t\t\tdata-rsp_ch=\"on\"\n\t\t\t\t\t\t\t\tdata-xy=\"x:l,l,l,c;xo:24px,56px,70px,0;y:m;yo:-177px,73px,31px,31px;\"\n\t\t\t\t\t\t\t\tdata-text=\"w:normal;s:45,45,45,30;l:50,50,50,35;ls:1px;fw:700;\"\n\t\t\t\t\t\t\t\tdata-dim=\"w:393px,410px,307px,439px;h:51px,auto,auto,31px;\"\n\t\t\t\t\t\t\t\tdata-margin=\"b:30;\"\n\t\t\t\t\t\t\t\tdata-frame_0=\"y:100%;\"\n\t\t\t\t\t\t\t\tdata-frame_0_mask=\"u:t;y:100%;\"\n\t\t\t\t\t\t\t\tdata-frame_1=\"e:power2.inOut;st:1350;sp:1200;sR:1350;\"\n\t\t\t\t\t\t\t\tdata-frame_1_mask=\"u:t;\"\n\t\t\t\t\t\t\t\tdata-frame_999=\"o:0;e:nothing;st:w;sR:6450;\"\n\t\t\t\t\t\t\t\tstyle=\"z-index:8;font-family:'Nexa';\"\n\t\t\t\t\t\t\t>\u00bfQu\u00e9 es? \n\t\t\t\t\t\t\t<\/rs-layer><!--\n\n\t\t\t\t\t\t\t--><rs-layer\n\t\t\t\t\t\t\t\tid=\"slider-12-slide-15-layer-4\" \n\t\t\t\t\t\t\t\tdata-type=\"image\"\n\t\t\t\t\t\t\t\tdata-rsp_ch=\"on\"\n\t\t\t\t\t\t\t\tdata-xy=\"x:r,c,c,c;xo:28px,-5px,0,0;y:m;yo:-20px,-107px,-143px,-153px;\"\n\t\t\t\t\t\t\t\tdata-text=\"w:normal;s:20,15,11,6;l:0,18,13,8;\"\n\t\t\t\t\t\t\t\tdata-dim=\"w:672px,481px,415px,418px;h:425px,295px,255px,256px;\"\n\t\t\t\t\t\t\t\tdata-frame_1=\"st:1350;sp:1200;sR:1350;\"\n\t\t\t\t\t\t\t\tdata-frame_999=\"o:0;st:w;sR:6450;\"\n\t\t\t\t\t\t\t\tstyle=\"z-index:9;\"\n\t\t\t\t\t\t\t><img decoding=\"async\" src=\"\/\/universidadpyme.fundae.es\/malaga\/wp-content\/plugins\/revslider\/public\/assets\/assets\/dummy.png\" alt=\"\" class=\"tp-rs-img rs-lazyload\" width=\"1136\" height=\"718\" data-lazyload=\"\/\/universidadpyme.fundae.es\/malaga\/wp-content\/uploads\/2024\/03\/logo-UP-Malaga-desnivel-e1710236957516.png\" data-no-retina> \n\t\t\t\t\t\t\t<\/rs-layer><!--\n-->\t\t\t\t\t\t<\/rs-slide>\n\t\t\t\t\t<\/rs-slides>\n\t\t\t\t<\/rs-module>\n\t\t\t\t<script>\n\t\t\t\t\tsetREVStartSize({c: 'rev_slider_12_1',rl:[1240,1024,778,480],el:[600,550,600,600],gw:[1350,1024,778,480],gh:[600,550,600,600],type:'standard',justify:'',layout:'fullwidth',mh:\"600\"});if (window.RS_MODULES!==undefined && window.RS_MODULES.modules!==undefined && window.RS_MODULES.modules[\"revslider121\"]!==undefined) {window.RS_MODULES.modules[\"revslider121\"].once = false;window.revapi12 = undefined;if (window.RS_MODULES.checkMinimal!==undefined) window.RS_MODULES.checkMinimal()}\n\t\t\t\t<\/script>\n\t\t\t<\/rs-module-wrap>\n\t\t\t<!-- END REVOLUTION SLIDER -->\n[\/vc_column][\/vc_row][vc_row][vc_column css=\u00bb.vc_custom_1695719150061{margin-bottom: 50px !important;}\u00bb][vc_empty_space][vc_column_text css=\u00bb.vc_custom_1713868250776{margin-top: 50px !important;padding-right: 170px !important;padding-left: 170px !important;}\u00bb el_class=\u00bbhome-texto\u00bb]Universidad Pyme es un proyecto colaborativo entre el SEPE, Fundae que, junto con distintas CCAA, empresas y\/u organizaciones, tiene por objetivo promover la transformaci\u00f3n digital de las pymes y poner a disposici\u00f3n de sus trabajadores nuevos recursos formativos para la adquisici\u00f3n de las competencias digitales. A trav\u00e9s de encuentros tem\u00e1ticos en diferentes comunidades aut\u00f3nomas y ciudades, se crean espacios de conocimiento, aprendizaje e intercambio de experiencias junto con las empresas tecnol\u00f3gicas m\u00e1s innovadoras, resaltando el papel de la formaci\u00f3n en la adquisici\u00f3n de competencias digitales entre las empresas y los trabajadores.<\/p>\n<p>&nbsp;<\/p>\n<p><strong>\u201cFormaci\u00f3n y Empleo. El desaf\u00edo de la IA\u201d<\/strong> Es un evento que se celebr\u00f3 en M\u00e1laga, entre el Museo del Autom\u00f3vil y de la Moda y el Campus 42 M\u00e1laga Fundaci\u00f3n Telef\u00f3nica, organizado entre Fundae, Sepe y la EPS de Econom\u00eda e Industria Digital.[\/vc_column_text][vc_column_text css=\u00bb.vc_custom_1713868280049{padding-right: 170px !important;padding-left: 170px !important;}\u00bb el_class=\u00bbhome-texto\u00bb]La Estructura Paritaria Sectorial (EPS) de Econom\u00eda e Industria Digital es una entidad dedicada a fomentar el desarrollo econ\u00f3mico a trav\u00e9s de la digitalizaci\u00f3n y la promoci\u00f3n de la econom\u00eda. La EPS trabaja en estrecha colaboraci\u00f3n con empresas, instituciones educativas y organismos gubernamentales para impulsar la innovaci\u00f3n y la inclusi\u00f3n en el \u00e1mbito laboral y formativo. Desde la automatizaci\u00f3n de procesos hasta la personalizaci\u00f3n de experiencias, la IA est\u00e1 transformando la manera en que trabajamos, aprendemos y vivimos.<\/p>\n<p>Este evento brind\u00f3 la oportunidad de:<\/p>\n<div class=\"standard-arrow list-divider bullet-top\">\n<ul class=\"lista\">\n<li class=\"menos_margin que_es\">Explorar las \u00faltimas tendencias en formaci\u00f3n y empleo impulsadas por la IA.<\/li>\n<li class=\"menos_margin que_es\">Conectar con expertos en el campo de la inteligencia artificial y la econom\u00eda e industria digital.<\/li>\n<li class=\"menos_margin que_es\">Participar en ponencias y charlas inspiradoras sobre el impacto de la IA en el sector de la formaci\u00f3n y el empleo<\/li>\n<li class=\"menos_margin que_es\">Experiencia Pr\u00e1ctica: 42 M\u00e1laga. Participar en talleres digitales innovadores de la mano de l\u00edderes en tecnolog\u00eda como Campus 42 de Fundaci\u00f3n Telef\u00f3nica y Amazon AWS.<\/li>\n<\/ul>\n<\/div>\n<p>&nbsp;<\/p>\n<p>&nbsp;<\/p>\n<p class=\"universidad\" style=\"text-align: center;\"><strong>\u00a0<\/strong><\/p>\n<p>[\/vc_column_text][vc_column_text css=\u00bb.vc_custom_1707988633897{padding-top: 100px !important;}\u00bb]<\/p>\n<p class=\"universidad\" style=\"text-align: center;\">#UNIVERSIDADPYME<\/p>\n<p>[\/vc_column_text][vc_empty_space height=\u00bb100&#8243;][\/vc_column][\/vc_row]<\/p>\n<\/section>","protected":false},"excerpt":{"rendered":"<p>[vc_row][vc_column][\/vc_column][\/vc_row][vc_row][vc_column css=\u00bb.vc_custom_1695719150061{margin-bottom: 50px !important;}\u00bb][vc_empty_space][vc_column_text css=\u00bb.vc_custom_1713868250776{margin-top: 50px !important;padding-right: 170px !important;padding-left: 170px !important;}\u00bb el_class=\u00bbhome-texto\u00bb]Universidad Pyme es un proyecto colaborativo entre el SEPE, Fundae que, junto con distintas CCAA, empresas y\/u organizaciones, tiene por objetivo promover la transformaci\u00f3n digital de las pymes y poner a disposici\u00f3n de sus trabajadores nuevos recursos formativos para la adquisici\u00f3n de las competencias&hellip;<\/p>\n","protected":false},"author":1,"featured_media":0,"parent":0,"menu_order":20,"comment_status":"closed","ping_status":"closed","template":"","meta":{"footnotes":""},"class_list":["post-835","page","type-page","status-publish","hentry","description-off"],"yoast_head":"<!-- This site is optimized with the Yoast SEO plugin v22.5 - https:\/\/yoast.com\/wordpress\/plugins\/seo\/ -->\n<title>\u00bfQu\u00e9 es? - Universidad PYME M\u00e1laga<\/title>\n<meta name=\"robots\" content=\"index, follow, max-snippet:-1, max-image-preview:large, max-video-preview:-1\" \/>\n<link rel=\"canonical\" href=\"https:\/\/universidadpyme.fundae.es\/malaga\/que-es\/\" \/>\n<meta property=\"og:locale\" content=\"es_ES\" \/>\n<meta property=\"og:type\" content=\"article\" \/>\n<meta property=\"og:title\" content=\"Universidad PYME M\u00e1laga\" \/>\n<meta property=\"og:description\" content=\"Si quieres descubrir las \u00faltimas tendencias y novedades del sector de la tecnolog\u00eda e innovaci\u00f3n y la formaci\u00f3n, \u00e9ste es tu encuentro, para ti, para tu empresa, para tu proyecto.\" \/>\n<meta property=\"og:url\" content=\"https:\/\/universidadpyme.fundae.es\/malaga\/que-es\/\" \/>\n<meta property=\"og:site_name\" content=\"Universidad PYME M\u00e1laga\" \/>\n<meta property=\"article:modified_time\" content=\"2024-04-23T10:32:04+00:00\" \/>\n<meta property=\"og:image\" content=\"https:\/\/universidadpyme.fundae.es\/malaga\/wp-content\/uploads\/2024\/03\/Compartir-link_V2.png\" \/>\n\t<meta property=\"og:image:width\" content=\"800\" \/>\n\t<meta property=\"og:image:height\" content=\"796\" \/>\n\t<meta property=\"og:image:type\" content=\"image\/png\" \/>\n<meta name=\"twitter:card\" content=\"summary_large_image\" \/>\n<meta name=\"twitter:title\" content=\"Universidad PYME M\u00e1laga\" \/>\n<meta name=\"twitter:description\" content=\"Si quieres descubrir las \u00faltimas tendencias y novedades del sector de la tecnolog\u00eda e innovaci\u00f3n y la formaci\u00f3n, \u00e9ste es tu encuentro, para ti, para tu empresa, para tu proyecto.\" \/>\n<meta name=\"twitter:image\" content=\"https:\/\/universidadpyme.fundae.es\/malaga\/wp-content\/uploads\/2024\/03\/Compartir-link_V2.png\" \/>\n<meta name=\"twitter:label1\" content=\"Tiempo de lectura\" \/>\n\t<meta name=\"twitter:data1\" content=\"2 minutos\" \/>\n<script type=\"application\/ld+json\" class=\"yoast-schema-graph\">{\"@context\":\"https:\/\/schema.org\",\"@graph\":[{\"@type\":\"WebPage\",\"@id\":\"https:\/\/universidadpyme.fundae.es\/malaga\/que-es\/\",\"url\":\"https:\/\/universidadpyme.fundae.es\/malaga\/que-es\/\",\"name\":\"\u00bfQu\u00e9 es? - Universidad PYME M\u00e1laga\",\"isPartOf\":{\"@id\":\"https:\/\/universidadpyme.fundae.es\/malaga\/#website\"},\"datePublished\":\"2014-03-18T10:02:39+00:00\",\"dateModified\":\"2024-04-23T10:32:04+00:00\",\"breadcrumb\":{\"@id\":\"https:\/\/universidadpyme.fundae.es\/malaga\/que-es\/#breadcrumb\"},\"inLanguage\":\"es\",\"potentialAction\":[{\"@type\":\"ReadAction\",\"target\":[\"https:\/\/universidadpyme.fundae.es\/malaga\/que-es\/\"]}]},{\"@type\":\"BreadcrumbList\",\"@id\":\"https:\/\/universidadpyme.fundae.es\/malaga\/que-es\/#breadcrumb\",\"itemListElement\":[{\"@type\":\"ListItem\",\"position\":1,\"name\":\"Portada\",\"item\":\"https:\/\/universidadpyme.fundae.es\/malaga\/\"},{\"@type\":\"ListItem\",\"position\":2,\"name\":\"\u00bfQu\u00e9 es?\"}]},{\"@type\":\"WebSite\",\"@id\":\"https:\/\/universidadpyme.fundae.es\/malaga\/#website\",\"url\":\"https:\/\/universidadpyme.fundae.es\/malaga\/\",\"name\":\"Universidad PYME M\u00e1laga\",\"description\":\"Otro sitio realizado con WordPress\",\"potentialAction\":[{\"@type\":\"SearchAction\",\"target\":{\"@type\":\"EntryPoint\",\"urlTemplate\":\"https:\/\/universidadpyme.fundae.es\/malaga\/?s={search_term_string}\"},\"query-input\":\"required name=search_term_string\"}],\"inLanguage\":\"es\"}]}<\/script>\n<!-- \/ Yoast SEO plugin. -->","yoast_head_json":{"title":"\u00bfQu\u00e9 es? - Universidad PYME M\u00e1laga","robots":{"index":"index","follow":"follow","max-snippet":"max-snippet:-1","max-image-preview":"max-image-preview:large","max-video-preview":"max-video-preview:-1"},"canonical":"https:\/\/universidadpyme.fundae.es\/malaga\/que-es\/","og_locale":"es_ES","og_type":"article","og_title":"Universidad PYME M\u00e1laga","og_description":"Si quieres descubrir las \u00faltimas tendencias y novedades del sector de la tecnolog\u00eda e innovaci\u00f3n y la formaci\u00f3n, \u00e9ste es tu encuentro, para ti, para tu empresa, para tu proyecto.","og_url":"https:\/\/universidadpyme.fundae.es\/malaga\/que-es\/","og_site_name":"Universidad PYME M\u00e1laga","article_modified_time":"2024-04-23T10:32:04+00:00","og_image":[{"width":800,"height":796,"url":"https:\/\/universidadpyme.fundae.es\/malaga\/wp-content\/uploads\/2024\/03\/Compartir-link_V2.png","type":"image\/png"}],"twitter_card":"summary_large_image","twitter_title":"Universidad PYME M\u00e1laga","twitter_description":"Si quieres descubrir las \u00faltimas tendencias y novedades del sector de la tecnolog\u00eda e innovaci\u00f3n y la formaci\u00f3n, \u00e9ste es tu encuentro, para ti, para tu empresa, para tu proyecto.","twitter_image":"https:\/\/universidadpyme.fundae.es\/malaga\/wp-content\/uploads\/2024\/03\/Compartir-link_V2.png","twitter_misc":{"Tiempo de lectura":"2 minutos"},"schema":{"@context":"https:\/\/schema.org","@graph":[{"@type":"WebPage","@id":"https:\/\/universidadpyme.fundae.es\/malaga\/que-es\/","url":"https:\/\/universidadpyme.fundae.es\/malaga\/que-es\/","name":"\u00bfQu\u00e9 es? - Universidad PYME M\u00e1laga","isPartOf":{"@id":"https:\/\/universidadpyme.fundae.es\/malaga\/#website"},"datePublished":"2014-03-18T10:02:39+00:00","dateModified":"2024-04-23T10:32:04+00:00","breadcrumb":{"@id":"https:\/\/universidadpyme.fundae.es\/malaga\/que-es\/#breadcrumb"},"inLanguage":"es","potentialAction":[{"@type":"ReadAction","target":["https:\/\/universidadpyme.fundae.es\/malaga\/que-es\/"]}]},{"@type":"BreadcrumbList","@id":"https:\/\/universidadpyme.fundae.es\/malaga\/que-es\/#breadcrumb","itemListElement":[{"@type":"ListItem","position":1,"name":"Portada","item":"https:\/\/universidadpyme.fundae.es\/malaga\/"},{"@type":"ListItem","position":2,"name":"\u00bfQu\u00e9 es?"}]},{"@type":"WebSite","@id":"https:\/\/universidadpyme.fundae.es\/malaga\/#website","url":"https:\/\/universidadpyme.fundae.es\/malaga\/","name":"Universidad PYME M\u00e1laga","description":"Otro sitio realizado con WordPress","potentialAction":[{"@type":"SearchAction","target":{"@type":"EntryPoint","urlTemplate":"https:\/\/universidadpyme.fundae.es\/malaga\/?s={search_term_string}"},"query-input":"required name=search_term_string"}],"inLanguage":"es"}]}},"_links":{"self":[{"href":"https:\/\/universidadpyme.fundae.es\/malaga\/wp-json\/wp\/v2\/pages\/835","targetHints":{"allow":["GET"]}}],"collection":[{"href":"https:\/\/universidadpyme.fundae.es\/malaga\/wp-json\/wp\/v2\/pages"}],"about":[{"href":"https:\/\/universidadpyme.fundae.es\/malaga\/wp-json\/wp\/v2\/types\/page"}],"author":[{"embeddable":true,"href":"https:\/\/universidadpyme.fundae.es\/malaga\/wp-json\/wp\/v2\/users\/1"}],"replies":[{"embeddable":true,"href":"https:\/\/universidadpyme.fundae.es\/malaga\/wp-json\/wp\/v2\/comments?post=835"}],"version-history":[{"count":374,"href":"https:\/\/universidadpyme.fundae.es\/malaga\/wp-json\/wp\/v2\/pages\/835\/revisions"}],"predecessor-version":[{"id":5467,"href":"https:\/\/universidadpyme.fundae.es\/malaga\/wp-json\/wp\/v2\/pages\/835\/revisions\/5467"}],"wp:attachment":[{"href":"https:\/\/universidadpyme.fundae.es\/malaga\/wp-json\/wp\/v2\/media?parent=835"}],"curies":[{"name":"wp","href":"https:\/\/api.w.org\/{rel}","templated":true}]}}