{"id":949,"date":"2022-10-21T08:57:19","date_gmt":"2022-10-21T08:57:19","guid":{"rendered":"https:\/\/universidadpyme.fundae.es\/aragon\/?page_id=949"},"modified":"2024-04-23T10:35:09","modified_gmt":"2024-04-23T10:35:09","slug":"programa","status":"publish","type":"page","link":"https:\/\/universidadpyme.fundae.es\/malaga\/programa\/","title":{"rendered":"Programa"},"content":{"rendered":"<section class=\"wpb-content-wrapper\"><p>[vc_row][vc_column css=\u00bb.vc_custom_1666690158104{margin-top: -100px !important;}\u00bb]\n\t\t\t<!-- START Programa REVOLUTION SLIDER 6.6.10 --><p class=\"rs-p-wp-fix\"><\/p>\n\t\t\t<rs-module-wrap id=\"rev_slider_13_1_wrapper\" data-source=\"gallery\" style=\"visibility:hidden;background:transparent;padding:0;margin:0px auto;margin-top:0;margin-bottom:0;\">\n\t\t\t\t<rs-module id=\"rev_slider_13_1\" style=\"\" data-version=\"6.6.10\">\n\t\t\t\t\t<rs-slides style=\"overflow: hidden; position: absolute;\">\n\t\t\t\t\t\t<rs-slide style=\"position: absolute;\" data-key=\"rs-16\" data-title=\"Slide\" data-anim=\"adpr:false;ms:600;\" data-in=\"o:0;\" data-out=\"a:false;\">\n\t\t\t\t\t\t\t<img fetchpriority=\"high\" decoding=\"async\" src=\"\/\/universidadpyme.fundae.es\/malaga\/wp-content\/plugins\/revslider\/public\/assets\/assets\/dummy.png\" alt=\"\" title=\"Fondo banner upyme rgb_Mesa de trabajo 1\" width=\"13000\" height=\"7313\" class=\"rev-slidebg tp-rs-img rs-lazyload\" data-lazyload=\"\/\/universidadpyme.fundae.es\/malaga\/wp-content\/uploads\/2024\/03\/Fondo-banner-upyme-rgb_Mesa-de-trabajo-1.png\" data-bg=\"p:right center;\" data-no-retina>\n<!--\n\t\t\t\t\t\t\t--><rs-layer\n\t\t\t\t\t\t\t\tid=\"slider-13-slide-16-layer-0\" \n\t\t\t\t\t\t\t\tdata-type=\"text\"\n\t\t\t\t\t\t\t\tdata-rsp_ch=\"on\"\n\t\t\t\t\t\t\t\tdata-xy=\"x:l,l,c,c;xo:26px,41px,-1px,-3px;yo:236px,381px,409px,375px;\"\n\t\t\t\t\t\t\t\tdata-text=\"w:normal;s:30,25,20,20;l:38,30,25,25;ls:0px,0px,0px,2px;fw:700;\"\n\t\t\t\t\t\t\t\tdata-dim=\"w:630px,929px,699px,420px;\"\n\t\t\t\t\t\t\t\tdata-frame_0=\"x:0,0,0,0px;y:0,0,0,0px;\"\n\t\t\t\t\t\t\t\tdata-frame_1=\"x:0,0,0,0px;y:0,0,0,0px;st:1340;sp:1200;sR:1340;\"\n\t\t\t\t\t\t\t\tdata-frame_999=\"o:0;st:w;sR:6460;\"\n\t\t\t\t\t\t\t\tstyle=\"z-index:7;font-family:'Nexa';\"\n\t\t\t\t\t\t\t>Descubre las ponencias, mesas redondas y casos de \u00e9xito del evento<br \/>\n \n\t\t\t\t\t\t\t<\/rs-layer><!--\n\n\t\t\t\t\t\t\t--><rs-layer\n\t\t\t\t\t\t\t\tid=\"slider-13-slide-16-layer-2\" \n\t\t\t\t\t\t\t\tdata-type=\"text\"\n\t\t\t\t\t\t\t\tdata-rsp_ch=\"on\"\n\t\t\t\t\t\t\t\tdata-xy=\"xo:26px,39px,36px,28px;y:m;yo:-132px,72px,73px,58px;\"\n\t\t\t\t\t\t\t\tdata-text=\"w:normal;s:45,45,30,30;l:50,45,35,35;ls:1px;fw:700;\"\n\t\t\t\t\t\t\t\tdata-dim=\"w:735px,410px,307px,163px;h:auto,auto,auto,36px;\"\n\t\t\t\t\t\t\t\tdata-margin=\"b:30;\"\n\t\t\t\t\t\t\t\tdata-frame_0=\"y:100%;\"\n\t\t\t\t\t\t\t\tdata-frame_0_mask=\"u:t;y:100%;\"\n\t\t\t\t\t\t\t\tdata-frame_1=\"e:power2.inOut;st:1350;sp:1200;sR:1350;\"\n\t\t\t\t\t\t\t\tdata-frame_1_mask=\"u:t;\"\n\t\t\t\t\t\t\t\tdata-frame_999=\"o:0;e:nothing;st:w;sR:6450;\"\n\t\t\t\t\t\t\t\tstyle=\"z-index:8;font-family:'Nexa';\"\n\t\t\t\t\t\t\t>Programa \n\t\t\t\t\t\t\t<\/rs-layer><!--\n\n\t\t\t\t\t\t\t--><a\n\t\t\t\t\t\t\t\tid=\"slider-13-slide-16-layer-3\" \n\t\t\t\t\t\t\t\tclass=\"rs-layer rev-btn\"\n\t\t\t\t\t\t\t\thref=\"https:\/\/formularios.businessplus.es\/UniversidadPyme?clave=RlSGrvpaH0C3YbCtFjt4AA\" target=\"_blank\" rel=\"noopener\"\n\t\t\t\t\t\t\t\tdata-type=\"button\"\n\t\t\t\t\t\t\t\tdata-color=\"#001d85\"\n\t\t\t\t\t\t\t\tdata-rsp_ch=\"on\"\n\t\t\t\t\t\t\t\tdata-xy=\"x:l,l,c,c;xo:24px,451px,0,0;yo:448px,477px,495px,523px;\"\n\t\t\t\t\t\t\t\tdata-text=\"w:normal;s:20,15,26,26;l:55,41,34,34;fw:500;a:center;\"\n\t\t\t\t\t\t\t\tdata-dim=\"w:217px,164px,180px,163px;h:auto,auto,37px,37px;minh:0px,none,none,none;\"\n\t\t\t\t\t\t\t\tdata-vbility=\"f,f,f,f\"\n\t\t\t\t\t\t\t\tdata-padding=\"t:5,4,3,4;r:50,38,29,18;l:50,38,29,18;\"\n\t\t\t\t\t\t\t\tdata-border=\"bor:5px,5px,5px,5px;\"\n\t\t\t\t\t\t\t\tdata-frame_1=\"st:1360;sp:1200;sR:1360;\"\n\t\t\t\t\t\t\t\tdata-frame_999=\"o:0;st:w;sR:6440;\"\n\t\t\t\t\t\t\t\tdata-frame_hover=\"c:#fff;bgc:#007aff;bor:5px,5px,5px,5px;sp:100;e:power1.inOut;bri:120%;\"\n\t\t\t\t\t\t\t\tstyle=\"z-index:11;background-color:#ffffff;font-family:'Nexa';\"\n\t\t\t\t\t\t\t>Inscr\u00edbete \n\t\t\t\t\t\t\t<\/a><!--\n\n\t\t\t\t\t\t\t--><rs-layer\n\t\t\t\t\t\t\t\tid=\"slider-13-slide-16-layer-4\" \n\t\t\t\t\t\t\t\tdata-type=\"image\"\n\t\t\t\t\t\t\t\tdata-rsp_ch=\"on\"\n\t\t\t\t\t\t\t\tdata-xy=\"x:r,c,c,c;xo:24px,-4px,-6px,-1px;y:m;yo:-11px,-97px,-108px,-100px;\"\n\t\t\t\t\t\t\t\tdata-text=\"w:normal;s:20,15,11,6;l:0,18,13,8;\"\n\t\t\t\t\t\t\t\tdata-dim=\"w:634px,459px,448px,406px;h:401px,282px,275px,249px;\"\n\t\t\t\t\t\t\t\tdata-frame_1=\"st:1360;sp:1200;sR:1360;\"\n\t\t\t\t\t\t\t\tdata-frame_999=\"o:0;st:w;sR:6440;\"\n\t\t\t\t\t\t\t\tstyle=\"z-index:9;\"\n\t\t\t\t\t\t\t><img decoding=\"async\" src=\"\/\/universidadpyme.fundae.es\/malaga\/wp-content\/plugins\/revslider\/public\/assets\/assets\/dummy.png\" alt=\"\" class=\"tp-rs-img rs-lazyload\" width=\"1136\" height=\"718\" data-lazyload=\"\/\/universidadpyme.fundae.es\/malaga\/wp-content\/uploads\/2024\/03\/logo-UP-Malaga-desnivel-e1710236957516.png\" data-no-retina> \n\t\t\t\t\t\t\t<\/rs-layer><!--\n-->\t\t\t\t\t\t<\/rs-slide>\n\t\t\t\t\t<\/rs-slides>\n\t\t\t\t<\/rs-module>\n\t\t\t\t<script>\n\t\t\t\t\tsetREVStartSize({c: 'rev_slider_13_1',rl:[1240,1024,778,480],el:[600,550,600,600],gw:[1350,1024,778,480],gh:[600,550,600,600],type:'standard',justify:'',layout:'fullwidth',mh:\"600\"});if (window.RS_MODULES!==undefined && window.RS_MODULES.modules!==undefined && window.RS_MODULES.modules[\"revslider131\"]!==undefined) {window.RS_MODULES.modules[\"revslider131\"].once = false;window.revapi13 = undefined;if (window.RS_MODULES.checkMinimal!==undefined) window.RS_MODULES.checkMinimal()}\n\t\t\t\t<\/script>\n\t\t\t<\/rs-module-wrap>\n\t\t\t<!-- END REVOLUTION SLIDER -->\n[vc_row_inner][vc_column_inner][vc_column_text css=\u00bb.vc_custom_1712151874311{margin-top: 50px !important;}\u00bb el_id=\u00bbenlace\u00bb]<\/p>\n<h1 class=\"azul_h1\" style=\"text-align: center;\">AGENDA D\u00cdA 8<br \/>\nPolo Digital. Patio 1<\/h1>\n<p>[\/vc_column_text][\/vc_column_inner][\/vc_row_inner][\/vc_column][\/vc_row][vc_row][vc_column width=\u00bb2\/3&#8243; css=\u00bb.vc_custom_1696427738582{margin-top: 0px !important;}\u00bb offset=\u00bbvc_col-lg-offset-2 vc_col-md-offset-2 vc_col-sm-offset-2&#8243;][vc_empty_space height=\u00bb50px\u00bb][vc_raw_html]JTA5JTNDdWwlMjBjbGFzcyUzRCUyMmxpc3RhJTIyJTNFJTBBJTA5JTA5JTNDbGklM0UlMEElMDklMDklMDklM0NwJTNFJTNDc3Ryb25nJTIwY2xhc3MlM0QlMjJtZW5vc19tYXJnaW4lMjIlM0UlM0NzcGFuJTIwY2xhc3MlM0QlMjJob3JhJTIyJTNFUHJlc2VudGFkb3IlM0ElMjBKb25hdGFuJTIwT2xpdmElM0MlMkZzcGFuJTNFJTNDJTJGc3Ryb25nJTNFJTNDJTJGcCUzRSUyMCUyMCUyMCUyMCUyMCUyMCUyMCUyMCUyMCUyMCUyMCUyMCUyMCUyMCUyMCUyMCUyMCUyMCUyMCUyMCUyMCUyMCUwQSUwOSUwOSUzQyUyRmxpJTNFJTBBJTA5JTNDJTJGdWwlM0U=[\/vc_raw_html][vc_column_text]<\/p>\n<h3 class=\"azul_programa\"><span class=\"hora\">17:00 AWS Amazon: Talleres Pr\u00e1cticos <\/span><\/h3>\n<p>[\/vc_column_text][vc_raw_html]JTNDZGl2JTIwY2xhc3MlM0QlMjJzdGFuZGFyZC1hcnJvdyUyMGxpc3QtZGl2aWRlciUyMGJ1bGxldC10b3AlMjIlM0UlMEElMDklM0N1bCUyMGNsYXNzJTNEJTIybGlzdGElMjIlM0UlMEElMDklMDklM0NsaSUzRSUwQSUwOSUwOSUwOSUzQ3AlM0UlM0NzdHJvbmclMjBjbGFzcyUzRCUyMm1lbm9zX21hcmdpbiUyMiUzRSUzQ3NwYW4lMjBjbGFzcyUzRCUyMmhvcmElMjIlM0UxNyUzQTAwJTNDJTJGc3BhbiUzRSUzQyUyRnN0cm9uZyUzRUludHJvZHVjY2klQzMlQjNuJTIwYSUyMElBJTIwR2VuZXJhdGl2YSUyMCUzQyUyRnAlM0UlMjAlMjAlMjAlMjAlMjAlMjAlMjAlMjAlMjAlMjAlMjAlMjAlMjAlMjAlMjAlMjAlMjAlMjAlMjAlMjAlMjAlMjAlMEElMjAlMjAlMjAlMjAlMjAlMjAlMjAlMjAlMjAlMjAlMjAlMjAlMjAlMjAlMjAlMjAlMjAlMjAlMjAlMjAlMjAlMjAlMEElMDklMDklM0MlMkZsaSUzRSUwQSUwOSUzQyUyRnVsJTNFJTBBJTNDJTJGZGl2JTNF[\/vc_raw_html][vc_raw_html]JTNDZGl2JTIwY2xhc3MlM0QlMjJzdGFuZGFyZC1hcnJvdyUyMGxpc3QtZGl2aWRlciUyMGJ1bGxldC10b3AlMjIlM0UlMEElMDklM0N1bCUyMGNsYXNzJTNEJTIybGlzdGElMjIlM0UlMEElMDklMDklM0NsaSUzRSUwQSUwOSUwOSUwOSUzQ3AlM0UlM0NzdHJvbmclMjBjbGFzcyUzRCUyMm1lbm9zX21hcmdpbiUyMiUzRSUzQ3NwYW4lMjBjbGFzcyUzRCUyMmhvcmElMjIlM0UxNyUzQTIwJTNDJTJGc3BhbiUzRSUzQyUyRnN0cm9uZyUzRUxhJTIwSUElMjBHZW5lcmF0aXZhJTIwZW4lMjBBV1MlM0MlMkZwJTNFJTIwJTIwJTIwJTIwJTIwJTIwJTIwJTIwJTIwJTIwJTIwJTIwJTIwJTIwJTIwJTIwJTIwJTIwJTIwJTIwJTIwJTIwJTBBJTIwJTIwJTIwJTIwJTIwJTIwJTIwJTIwJTIwJTIwJTIwJTIwJTIwJTIwJTIwJTIwJTIwJTIwJTIwJTIwJTIwJTIwJTBBJTA5JTA5JTNDJTJGbGklM0UlMEElMDklM0MlMkZ1bCUzRSUwQSUzQyUyRmRpdiUzRQ==[\/vc_raw_html][vc_raw_html]JTNDZGl2JTIwY2xhc3MlM0QlMjJzdGFuZGFyZC1hcnJvdyUyMGxpc3QtZGl2aWRlciUyMGJ1bGxldC10b3AlMjIlM0UlMEElMDklM0N1bCUyMGNsYXNzJTNEJTIybGlzdGElMjIlM0UlMEElMDklMDklM0NsaSUzRSUwQSUwOSUwOSUwOSUzQ3AlM0UlM0NzdHJvbmclMjBjbGFzcyUzRCUyMm1lbm9zX21hcmdpbiUyMiUzRSUzQ3NwYW4lMjBjbGFzcyUzRCUyMmhvcmElMjIlM0UxNyUzQTU1JTNDJTJGc3BhbiUzRSUzQyUyRnN0cm9uZyUzRUNvbnN0cnVpciUyMGFwbGljYWNpb25lcyUyMGNvbiUyMElBJTIwR2VuZXJhdGl2YSUzQyUyRnAlM0UlMjAlMjAlMjAlMjAlMjAlMjAlMjAlMjAlMjAlMjAlMjAlMjAlMjAlMjAlMjAlMjAlMjAlMjAlMjAlMjAlMjAlMjAlMEElMjAlMjAlMjAlMjAlMjAlMjAlMjAlMjAlMjAlMjAlMjAlMjAlMjAlMjAlMjAlMjAlMjAlMjAlMjAlMjAlMjAlMjAlMEElMDklMDklM0MlMkZsaSUzRSUwQSUwOSUzQyUyRnVsJTNFJTBBJTNDJTJGZGl2JTNF[\/vc_raw_html][vc_raw_html]JTNDZGl2JTIwY2xhc3MlM0QlMjJzdGFuZGFyZC1hcnJvdyUyMGxpc3QtZGl2aWRlciUyMGJ1bGxldC10b3AlMjIlM0UlMEElMDklM0N1bCUyMGNsYXNzJTNEJTIybGlzdGElMjIlM0UlMEElMDklMDklM0NsaSUzRSUwQSUwOSUwOSUwOSUzQ3AlM0UlM0NzdHJvbmclMjBjbGFzcyUzRCUyMm1lbm9zX21hcmdpbiUyMiUzRSUzQ3NwYW4lMjBjbGFzcyUzRCUyMmhvcmElMjIlM0UxOCUzQTMwJTNDJTJGc3BhbiUzRSUzQyUyRnN0cm9uZyUzRUNhc29zJTIwZGUlMjB1c28lMjB5JTIwZGVtbyUzQyUyRnAlM0UlMjAlMjAlMjAlMjAlMjAlMjAlMjAlMjAlMjAlMjAlMjAlMjAlMjAlMjAlMjAlMjAlMjAlMjAlMjAlMjAlMjAlMjAlMEElMjAlMjAlMjAlMjAlMjAlMjAlMjAlMjAlMjAlMjAlMjAlMjAlMjAlMjAlMjAlMjAlMjAlMjAlMjAlMjAlMjAlMjAlMEElMDklMDklM0MlMkZsaSUzRSUwQSUwOSUzQyUyRnVsJTNFJTBBJTNDJTJGZGl2JTNF[\/vc_raw_html][vc_btn title=\u00bbDESCARGA EL PROGRAMA\u00bb size=\u00bblg\u00bb align=\u00bbcenter\u00bb el_class=\u00bbboton_programa\u00bb css=\u00bb.vc_custom_1711980306566{margin-top: 100px !important;margin-bottom: 50px !important;}\u00bb link=\u00bburl:https%3A%2F%2Funiversidadpyme.fundae.es%2Fmalaga%2Fwp-content%2Fuploads%2F2024%2F04%2FUPyme-Malaga-Agenda-Completa.pdf|title:Agenda%20Completa%20Universidad%20Pyme|target:_blank\u00bb][\/vc_column][\/vc_row]<\/p>\n<\/section>","protected":false},"excerpt":{"rendered":"<p>[vc_row][vc_column css=\u00bb.vc_custom_1666690158104{margin-top: -100px !important;}\u00bb][vc_row_inner][vc_column_inner][vc_column_text css=\u00bb.vc_custom_1712151874311{margin-top: 50px !important;}\u00bb el_id=\u00bbenlace\u00bb] AGENDA D\u00cdA 8 Polo Digital. Patio 1 [\/vc_column_text][\/vc_column_inner][\/vc_row_inner][\/vc_column][\/vc_row][vc_row][vc_column width=\u00bb2\/3&#8243; css=\u00bb.vc_custom_1696427738582{margin-top: 0px !important;}\u00bb offset=\u00bbvc_col-lg-offset-2 vc_col-md-offset-2 vc_col-sm-offset-2&#8243;][vc_empty_space height=\u00bb50px\u00bb][vc_raw_html]JTA5JTNDdWwlMjBjbGFzcyUzRCUyMmxpc3RhJTIyJTNFJTBBJTA5JTA5JTNDbGklM0UlMEElMDklMDklMDklM0NwJTNFJTNDc3Ryb25nJTIwY2xhc3MlM0QlMjJtZW5vc19tYXJnaW4lMjIlM0UlM0NzcGFuJTIwY2xhc3MlM0QlMjJob3JhJTIyJTNFUHJlc2VudGFkb3IlM0ElMjBKb25hdGFuJTIwT2xpdmElM0MlMkZzcGFuJTNFJTNDJTJGc3Ryb25nJTNFJTNDJTJGcCUzRSUyMCUyMCUyMCUyMCUyMCUyMCUyMCUyMCUyMCUyMCUyMCUyMCUyMCUyMCUyMCUyMCUyMCUyMCUyMCUyMCUyMCUyMCUwQSUwOSUwOSUzQyUyRmxpJTNFJTBBJTA5JTNDJTJGdWwlM0U=[\/vc_raw_html][vc_column_text] 17:00 AWS Amazon: Talleres Pr\u00e1cticos [\/vc_column_text][vc_raw_html]JTNDZGl2JTIwY2xhc3MlM0QlMjJzdGFuZGFyZC1hcnJvdyUyMGxpc3QtZGl2aWRlciUyMGJ1bGxldC10b3AlMjIlM0UlMEElMDklM0N1bCUyMGNsYXNzJTNEJTIybGlzdGElMjIlM0UlMEElMDklMDklM0NsaSUzRSUwQSUwOSUwOSUwOSUzQ3AlM0UlM0NzdHJvbmclMjBjbGFzcyUzRCUyMm1lbm9zX21hcmdpbiUyMiUzRSUzQ3NwYW4lMjBjbGFzcyUzRCUyMmhvcmElMjIlM0UxNyUzQTAwJTNDJTJGc3BhbiUzRSUzQyUyRnN0cm9uZyUzRUludHJvZHVjY2klQzMlQjNuJTIwYSUyMElBJTIwR2VuZXJhdGl2YSUyMCUzQyUyRnAlM0UlMjAlMjAlMjAlMjAlMjAlMjAlMjAlMjAlMjAlMjAlMjAlMjAlMjAlMjAlMjAlMjAlMjAlMjAlMjAlMjAlMjAlMjAlMEElMjAlMjAlMjAlMjAlMjAlMjAlMjAlMjAlMjAlMjAlMjAlMjAlMjAlMjAlMjAlMjAlMjAlMjAlMjAlMjAlMjAlMjAlMEElMDklMDklM0MlMkZsaSUzRSUwQSUwOSUzQyUyRnVsJTNFJTBBJTNDJTJGZGl2JTNF[\/vc_raw_html][vc_raw_html]JTNDZGl2JTIwY2xhc3MlM0QlMjJzdGFuZGFyZC1hcnJvdyUyMGxpc3QtZGl2aWRlciUyMGJ1bGxldC10b3AlMjIlM0UlMEElMDklM0N1bCUyMGNsYXNzJTNEJTIybGlzdGElMjIlM0UlMEElMDklMDklM0NsaSUzRSUwQSUwOSUwOSUwOSUzQ3AlM0UlM0NzdHJvbmclMjBjbGFzcyUzRCUyMm1lbm9zX21hcmdpbiUyMiUzRSUzQ3NwYW4lMjBjbGFzcyUzRCUyMmhvcmElMjIlM0UxNyUzQTIwJTNDJTJGc3BhbiUzRSUzQyUyRnN0cm9uZyUzRUxhJTIwSUElMjBHZW5lcmF0aXZhJTIwZW4lMjBBV1MlM0MlMkZwJTNFJTIwJTIwJTIwJTIwJTIwJTIwJTIwJTIwJTIwJTIwJTIwJTIwJTIwJTIwJTIwJTIwJTIwJTIwJTIwJTIwJTIwJTIwJTBBJTIwJTIwJTIwJTIwJTIwJTIwJTIwJTIwJTIwJTIwJTIwJTIwJTIwJTIwJTIwJTIwJTIwJTIwJTIwJTIwJTIwJTIwJTBBJTA5JTA5JTNDJTJGbGklM0UlMEElMDklM0MlMkZ1bCUzRSUwQSUzQyUyRmRpdiUzRQ==[\/vc_raw_html][vc_raw_html]JTNDZGl2JTIwY2xhc3MlM0QlMjJzdGFuZGFyZC1hcnJvdyUyMGxpc3QtZGl2aWRlciUyMGJ1bGxldC10b3AlMjIlM0UlMEElMDklM0N1bCUyMGNsYXNzJTNEJTIybGlzdGElMjIlM0UlMEElMDklMDklM0NsaSUzRSUwQSUwOSUwOSUwOSUzQ3AlM0UlM0NzdHJvbmclMjBjbGFzcyUzRCUyMm1lbm9zX21hcmdpbiUyMiUzRSUzQ3NwYW4lMjBjbGFzcyUzRCUyMmhvcmElMjIlM0UxNyUzQTU1JTNDJTJGc3BhbiUzRSUzQyUyRnN0cm9uZyUzRUNvbnN0cnVpciUyMGFwbGljYWNpb25lcyUyMGNvbiUyMElBJTIwR2VuZXJhdGl2YSUzQyUyRnAlM0UlMjAlMjAlMjAlMjAlMjAlMjAlMjAlMjAlMjAlMjAlMjAlMjAlMjAlMjAlMjAlMjAlMjAlMjAlMjAlMjAlMjAlMjAlMEElMjAlMjAlMjAlMjAlMjAlMjAlMjAlMjAlMjAlMjAlMjAlMjAlMjAlMjAlMjAlMjAlMjAlMjAlMjAlMjAlMjAlMjAlMEElMDklMDklM0MlMkZsaSUzRSUwQSUwOSUzQyUyRnVsJTNFJTBBJTNDJTJGZGl2JTNF[\/vc_raw_html][vc_raw_html]JTNDZGl2JTIwY2xhc3MlM0QlMjJzdGFuZGFyZC1hcnJvdyUyMGxpc3QtZGl2aWRlciUyMGJ1bGxldC10b3AlMjIlM0UlMEElMDklM0N1bCUyMGNsYXNzJTNEJTIybGlzdGElMjIlM0UlMEElMDklMDklM0NsaSUzRSUwQSUwOSUwOSUwOSUzQ3AlM0UlM0NzdHJvbmclMjBjbGFzcyUzRCUyMm1lbm9zX21hcmdpbiUyMiUzRSUzQ3NwYW4lMjBjbGFzcyUzRCUyMmhvcmElMjIlM0UxOCUzQTMwJTNDJTJGc3BhbiUzRSUzQyUyRnN0cm9uZyUzRUNhc29zJTIwZGUlMjB1c28lMjB5JTIwZGVtbyUzQyUyRnAlM0UlMjAlMjAlMjAlMjAlMjAlMjAlMjAlMjAlMjAlMjAlMjAlMjAlMjAlMjAlMjAlMjAlMjAlMjAlMjAlMjAlMjAlMjAlMEElMjAlMjAlMjAlMjAlMjAlMjAlMjAlMjAlMjAlMjAlMjAlMjAlMjAlMjAlMjAlMjAlMjAlMjAlMjAlMjAlMjAlMjAlMEElMDklMDklM0MlMkZsaSUzRSUwQSUwOSUzQyUyRnVsJTNFJTBBJTNDJTJGZGl2JTNF[\/vc_raw_html][vc_btn title=\u00bbDESCARGA EL PROGRAMA\u00bb size=\u00bblg\u00bb align=\u00bbcenter\u00bb el_class=\u00bbboton_programa\u00bb css=\u00bb.vc_custom_1711980306566{margin-top: 100px !important;margin-bottom: 50px !important;}\u00bb link=\u00bburl:https%3A%2F%2Funiversidadpyme.fundae.es%2Fmalaga%2Fwp-content%2Fuploads%2F2024%2F04%2FUPyme-Malaga-Agenda-Completa.pdf|title:Agenda%20Completa%20Universidad%20Pyme|target:_blank\u00bb][\/vc_column][\/vc_row]<\/p>\n","protected":false},"author":1,"featured_media":0,"parent":0,"menu_order":0,"comment_status":"closed","ping_status":"closed","template":"","meta":{"footnotes":""},"class_list":["post-949","page","type-page","status-publish","hentry"],"yoast_head":"<!-- This site is optimized with the Yoast SEO plugin v22.5 - https:\/\/yoast.com\/wordpress\/plugins\/seo\/ -->\n<title>Programa - Universidad PYME M\u00e1laga<\/title>\n<meta name=\"robots\" content=\"index, follow, max-snippet:-1, max-image-preview:large, max-video-preview:-1\" \/>\n<link rel=\"canonical\" href=\"https:\/\/universidadpyme.fundae.es\/malaga\/programa\/\" \/>\n<meta property=\"og:locale\" content=\"es_ES\" \/>\n<meta property=\"og:type\" content=\"article\" \/>\n<meta property=\"og:title\" content=\"Universidad PYME M\u00e1laga\" \/>\n<meta property=\"og:description\" content=\"Si quieres descubrir las \u00faltimas tendencias y novedades del sector de la tecnolog\u00eda e innovaci\u00f3n y la formaci\u00f3n, \u00e9ste es tu encuentro, para ti, para tu empresa, para tu proyecto.\" \/>\n<meta property=\"og:url\" content=\"https:\/\/universidadpyme.fundae.es\/malaga\/programa\/\" \/>\n<meta property=\"og:site_name\" content=\"Universidad PYME M\u00e1laga\" \/>\n<meta property=\"article:modified_time\" content=\"2024-04-23T10:35:09+00:00\" \/>\n<meta property=\"og:image\" content=\"https:\/\/universidadpyme.fundae.es\/malaga\/wp-content\/uploads\/2024\/03\/Compartir-link_V2.png\" \/>\n\t<meta property=\"og:image:width\" content=\"800\" \/>\n\t<meta property=\"og:image:height\" content=\"796\" \/>\n\t<meta property=\"og:image:type\" content=\"image\/png\" \/>\n<meta name=\"twitter:card\" content=\"summary_large_image\" \/>\n<meta name=\"twitter:title\" content=\"Universiad PYME M\u00e1laga\" \/>\n<meta name=\"twitter:description\" content=\"Si quieres descubrir las \u00faltimas tendencias y novedades del sector de la tecnolog\u00eda e innovaci\u00f3n y la formaci\u00f3n, \u00e9ste es tu encuentro, para ti, para tu empresa, para tu proyecto.\" \/>\n<meta name=\"twitter:image\" content=\"https:\/\/universidadpyme.fundae.es\/malaga\/wp-content\/uploads\/2024\/03\/Compartir-link_V2.png\" \/>\n<meta name=\"twitter:label1\" content=\"Tiempo de lectura\" \/>\n\t<meta name=\"twitter:data1\" content=\"1 minuto\" \/>\n<script type=\"application\/ld+json\" class=\"yoast-schema-graph\">{\"@context\":\"https:\/\/schema.org\",\"@graph\":[{\"@type\":\"WebPage\",\"@id\":\"https:\/\/universidadpyme.fundae.es\/malaga\/programa\/\",\"url\":\"https:\/\/universidadpyme.fundae.es\/malaga\/programa\/\",\"name\":\"Programa - Universidad PYME M\u00e1laga\",\"isPartOf\":{\"@id\":\"https:\/\/universidadpyme.fundae.es\/malaga\/#website\"},\"datePublished\":\"2022-10-21T08:57:19+00:00\",\"dateModified\":\"2024-04-23T10:35:09+00:00\",\"breadcrumb\":{\"@id\":\"https:\/\/universidadpyme.fundae.es\/malaga\/programa\/#breadcrumb\"},\"inLanguage\":\"es\",\"potentialAction\":[{\"@type\":\"ReadAction\",\"target\":[\"https:\/\/universidadpyme.fundae.es\/malaga\/programa\/\"]}]},{\"@type\":\"BreadcrumbList\",\"@id\":\"https:\/\/universidadpyme.fundae.es\/malaga\/programa\/#breadcrumb\",\"itemListElement\":[{\"@type\":\"ListItem\",\"position\":1,\"name\":\"Portada\",\"item\":\"https:\/\/universidadpyme.fundae.es\/malaga\/\"},{\"@type\":\"ListItem\",\"position\":2,\"name\":\"Programa\"}]},{\"@type\":\"WebSite\",\"@id\":\"https:\/\/universidadpyme.fundae.es\/malaga\/#website\",\"url\":\"https:\/\/universidadpyme.fundae.es\/malaga\/\",\"name\":\"Universidad PYME M\u00e1laga\",\"description\":\"Otro sitio realizado con WordPress\",\"potentialAction\":[{\"@type\":\"SearchAction\",\"target\":{\"@type\":\"EntryPoint\",\"urlTemplate\":\"https:\/\/universidadpyme.fundae.es\/malaga\/?s={search_term_string}\"},\"query-input\":\"required name=search_term_string\"}],\"inLanguage\":\"es\"}]}<\/script>\n<!-- \/ Yoast SEO plugin. -->","yoast_head_json":{"title":"Programa - Universidad PYME M\u00e1laga","robots":{"index":"index","follow":"follow","max-snippet":"max-snippet:-1","max-image-preview":"max-image-preview:large","max-video-preview":"max-video-preview:-1"},"canonical":"https:\/\/universidadpyme.fundae.es\/malaga\/programa\/","og_locale":"es_ES","og_type":"article","og_title":"Universidad PYME M\u00e1laga","og_description":"Si quieres descubrir las \u00faltimas tendencias y novedades del sector de la tecnolog\u00eda e innovaci\u00f3n y la formaci\u00f3n, \u00e9ste es tu encuentro, para ti, para tu empresa, para tu proyecto.","og_url":"https:\/\/universidadpyme.fundae.es\/malaga\/programa\/","og_site_name":"Universidad PYME M\u00e1laga","article_modified_time":"2024-04-23T10:35:09+00:00","og_image":[{"width":800,"height":796,"url":"https:\/\/universidadpyme.fundae.es\/malaga\/wp-content\/uploads\/2024\/03\/Compartir-link_V2.png","type":"image\/png"}],"twitter_card":"summary_large_image","twitter_title":"Universiad PYME M\u00e1laga","twitter_description":"Si quieres descubrir las \u00faltimas tendencias y novedades del sector de la tecnolog\u00eda e innovaci\u00f3n y la formaci\u00f3n, \u00e9ste es tu encuentro, para ti, para tu empresa, para tu proyecto.","twitter_image":"https:\/\/universidadpyme.fundae.es\/malaga\/wp-content\/uploads\/2024\/03\/Compartir-link_V2.png","twitter_misc":{"Tiempo de lectura":"1 minuto"},"schema":{"@context":"https:\/\/schema.org","@graph":[{"@type":"WebPage","@id":"https:\/\/universidadpyme.fundae.es\/malaga\/programa\/","url":"https:\/\/universidadpyme.fundae.es\/malaga\/programa\/","name":"Programa - Universidad PYME M\u00e1laga","isPartOf":{"@id":"https:\/\/universidadpyme.fundae.es\/malaga\/#website"},"datePublished":"2022-10-21T08:57:19+00:00","dateModified":"2024-04-23T10:35:09+00:00","breadcrumb":{"@id":"https:\/\/universidadpyme.fundae.es\/malaga\/programa\/#breadcrumb"},"inLanguage":"es","potentialAction":[{"@type":"ReadAction","target":["https:\/\/universidadpyme.fundae.es\/malaga\/programa\/"]}]},{"@type":"BreadcrumbList","@id":"https:\/\/universidadpyme.fundae.es\/malaga\/programa\/#breadcrumb","itemListElement":[{"@type":"ListItem","position":1,"name":"Portada","item":"https:\/\/universidadpyme.fundae.es\/malaga\/"},{"@type":"ListItem","position":2,"name":"Programa"}]},{"@type":"WebSite","@id":"https:\/\/universidadpyme.fundae.es\/malaga\/#website","url":"https:\/\/universidadpyme.fundae.es\/malaga\/","name":"Universidad PYME M\u00e1laga","description":"Otro sitio realizado con WordPress","potentialAction":[{"@type":"SearchAction","target":{"@type":"EntryPoint","urlTemplate":"https:\/\/universidadpyme.fundae.es\/malaga\/?s={search_term_string}"},"query-input":"required name=search_term_string"}],"inLanguage":"es"}]}},"_links":{"self":[{"href":"https:\/\/universidadpyme.fundae.es\/malaga\/wp-json\/wp\/v2\/pages\/949","targetHints":{"allow":["GET"]}}],"collection":[{"href":"https:\/\/universidadpyme.fundae.es\/malaga\/wp-json\/wp\/v2\/pages"}],"about":[{"href":"https:\/\/universidadpyme.fundae.es\/malaga\/wp-json\/wp\/v2\/types\/page"}],"author":[{"embeddable":true,"href":"https:\/\/universidadpyme.fundae.es\/malaga\/wp-json\/wp\/v2\/users\/1"}],"replies":[{"embeddable":true,"href":"https:\/\/universidadpyme.fundae.es\/malaga\/wp-json\/wp\/v2\/comments?post=949"}],"version-history":[{"count":673,"href":"https:\/\/universidadpyme.fundae.es\/malaga\/wp-json\/wp\/v2\/pages\/949\/revisions"}],"predecessor-version":[{"id":5388,"href":"https:\/\/universidadpyme.fundae.es\/malaga\/wp-json\/wp\/v2\/pages\/949\/revisions\/5388"}],"wp:attachment":[{"href":"https:\/\/universidadpyme.fundae.es\/malaga\/wp-json\/wp\/v2\/media?parent=949"}],"curies":[{"name":"wp","href":"https:\/\/api.w.org\/{rel}","templated":true}]}}