{"id":2415,"date":"2025-05-08T10:04:23","date_gmt":"2025-05-08T10:04:23","guid":{"rendered":"https:\/\/universidadpyme.fundae.es\/valencia\/?page_id=2415"},"modified":"2025-11-03T10:25:21","modified_gmt":"2025-11-03T10:25:21","slug":"programa","status":"publish","type":"page","link":"https:\/\/universidadpyme.fundae.es\/murcia\/programa\/","title":{"rendered":"Programa"},"content":{"rendered":"\t\t<div data-elementor-type=\"wp-page\" data-elementor-id=\"2415\" class=\"elementor elementor-2415\">\n\t\t\t\t\t\t<section class=\"elementor-section elementor-top-section elementor-element elementor-element-ebea50e elementor-section-boxed elementor-section-height-default elementor-section-height-default\" data-id=\"ebea50e\" data-element_type=\"section\">\n\t\t\t\t\t\t<div class=\"elementor-container elementor-column-gap-default\">\n\t\t\t\t\t<div class=\"elementor-column elementor-col-100 elementor-top-column elementor-element elementor-element-c3ecaf9\" data-id=\"c3ecaf9\" data-element_type=\"column\">\n\t\t\t<div class=\"elementor-widget-wrap elementor-element-populated\">\n\t\t\t\t\t\t<div class=\"elementor-element elementor-element-dc1ddaf elementor-widget elementor-widget-slider_revolution\" data-id=\"dc1ddaf\" data-element_type=\"widget\" data-widget_type=\"slider_revolution.default\">\n\t\t\t\t<div class=\"elementor-widget-container\">\n\t\t\t\n\t\t<div class=\"wp-block-themepunch-revslider\">\n\t\t\t<!-- START Programa REVOLUTION SLIDER 6.6.10 --><p class=\"rs-p-wp-fix\"><\/p>\n\t\t\t<rs-module-wrap id=\"rev_slider_13_1_wrapper\" data-source=\"gallery\" style=\"visibility:hidden;background:transparent;padding:0;margin:0px auto;margin-top:0;margin-bottom:0;\">\n\t\t\t\t<rs-module id=\"rev_slider_13_1\" style=\"\" data-version=\"6.6.10\">\n\t\t\t\t\t<rs-slides style=\"overflow: hidden; position: absolute;\">\n\t\t\t\t\t\t<rs-slide style=\"position: absolute;\" data-key=\"rs-16\" data-title=\"Slide\" data-anim=\"adpr:false;ms:600;\" data-in=\"o:0;\" data-out=\"a:false;\">\n\t\t\t\t\t\t\t<img fetchpriority=\"high\" decoding=\"async\" src=\"\/\/universidadpyme.fundae.es\/murcia\/wp-content\/plugins\/revslider\/public\/assets\/assets\/dummy.png\" alt=\"Slide\" title=\"fondo_degradado\" width=\"2540\" height=\"1143\" class=\"rev-slidebg tp-rs-img rs-lazyload\" data-lazyload=\"\/\/universidadpyme.fundae.es\/murcia\/wp-content\/plugins\/revslider\/public\/assets\/assets\/transparent.png\" data-bg=\"p:right center;c:#00b0e1;\" data-no-retina>\n<!--\n\t\t\t\t\t\t\t--><rs-layer\n\t\t\t\t\t\t\t\tid=\"slider-13-slide-16-layer-0\" \n\t\t\t\t\t\t\t\tdata-type=\"text\"\n\t\t\t\t\t\t\t\tdata-rsp_ch=\"on\"\n\t\t\t\t\t\t\t\tdata-xy=\"x:l,l,c,c;xo:-2px,33px,-3px,-12px;yo:243px,404px,366px,362px;\"\n\t\t\t\t\t\t\t\tdata-text=\"w:normal;s:30,25,25,15;l:38,30,30,23;fw:700;a:left,left,left,center;\"\n\t\t\t\t\t\t\t\tdata-dim=\"w:516px,985px,699px,396px;h:auto,74px,auto,auto;\"\n\t\t\t\t\t\t\t\tdata-frame_0=\"x:0,0,0,0px;y:0,0,0,0px;\"\n\t\t\t\t\t\t\t\tdata-frame_1=\"x:0,0,0,0px;y:0,0,0,0px;st:1330;sp:1200;sR:1330;\"\n\t\t\t\t\t\t\t\tdata-frame_999=\"o:0;st:w;sR:6470;\"\n\t\t\t\t\t\t\t\tstyle=\"z-index:9;font-family:'Nexa';\"\n\t\t\t\t\t\t\t>GEN-E Generaci\u00f3n Emprendedora en Econom\u00eda Social \n\t\t\t\t\t\t\t<\/rs-layer><!--\n\n\t\t\t\t\t\t\t--><rs-layer\n\t\t\t\t\t\t\t\tid=\"slider-13-slide-16-layer-2\" \n\t\t\t\t\t\t\t\tdata-type=\"text\"\n\t\t\t\t\t\t\t\tdata-color=\"#24346c\"\n\t\t\t\t\t\t\t\tdata-rsp_ch=\"on\"\n\t\t\t\t\t\t\t\tdata-xy=\"x:l,l,l,c;xo:2px,34px,274px,-4px;y:m;yo:-85px,99px,74px,81px;\"\n\t\t\t\t\t\t\t\tdata-text=\"w:normal;s:45,45,45,25;l:50,45,50,28;ls:1px;fw:700;a:left,left,left,center;\"\n\t\t\t\t\t\t\t\tdata-dim=\"w:735px,410px,307px,163px;h:auto,52px,auto,29px;\"\n\t\t\t\t\t\t\t\tdata-margin=\"b:30;\"\n\t\t\t\t\t\t\t\tdata-frame_0=\"y:100%;\"\n\t\t\t\t\t\t\t\tdata-frame_0_mask=\"u:t;y:100%;\"\n\t\t\t\t\t\t\t\tdata-frame_1=\"e:power2.inOut;st:1350;sp:1200;sR:1350;\"\n\t\t\t\t\t\t\t\tdata-frame_1_mask=\"u:t;\"\n\t\t\t\t\t\t\t\tdata-frame_999=\"o:0;e:nothing;st:w;sR:6450;\"\n\t\t\t\t\t\t\t\tstyle=\"z-index:10;font-family:'Nexa';\"\n\t\t\t\t\t\t\t>Programa \n\t\t\t\t\t\t\t<\/rs-layer><!--\n\n\t\t\t\t\t\t\t--><rs-layer\n\t\t\t\t\t\t\t\tid=\"slider-13-slide-16-layer-3\" \n\t\t\t\t\t\t\t\tclass=\"rev-btn\"\n\t\t\t\t\t\t\t\tdata-type=\"button\"\n\t\t\t\t\t\t\t\tdata-rsp_ch=\"on\"\n\t\t\t\t\t\t\t\tdata-xy=\"xo:1px,37px,312px,154px;yo:394px,482px,436px,440px;\"\n\t\t\t\t\t\t\t\tdata-text=\"w:normal;s:22,16,20,20;l:55,41,30,30;fw:600;\"\n\t\t\t\t\t\t\t\tdata-dim=\"w:343px,260px,197px,166px;h:59px,44px,45px,45px;minh:0px,none,none,none;\"\n\t\t\t\t\t\t\t\tdata-padding=\"t:5,4,10,10;r:50,38,29,29;l:90,68,35,35;\"\n\t\t\t\t\t\t\t\tdata-border=\"bor:10px,10px,10px,10px;\"\n\t\t\t\t\t\t\t\tdata-frame_1=\"st:1350;sp:1200;sR:1350;\"\n\t\t\t\t\t\t\t\tdata-frame_999=\"o:0;st:w;sR:6450;\"\n\t\t\t\t\t\t\t\tdata-frame_hover=\"bgc:#00198a;bor:10px,10px,10px,10px;td:underline;sp:100;e:power1.inOut;bri:120%;\"\n\t\t\t\t\t\t\t\tstyle=\"z-index:14;background-color:#24346c;font-family:'Nexa';\"\n\t\t\t\t\t\t\t>Aforo Completo \n\t\t\t\t\t\t\t<\/rs-layer><!--\n\n\t\t\t\t\t\t\t--><rs-layer\n\t\t\t\t\t\t\t\tid=\"slider-13-slide-16-layer-4\" \n\t\t\t\t\t\t\t\tdata-type=\"image\"\n\t\t\t\t\t\t\t\tdata-rsp_ch=\"on\"\n\t\t\t\t\t\t\t\tdata-xy=\"x:r,c,c,c;xo:1px,-4px,19px,11px;y:m;yo:-3px,-111px,-89px,-79px;\"\n\t\t\t\t\t\t\t\tdata-text=\"w:normal;s:20,15,11,6;l:0,18,13,8;\"\n\t\t\t\t\t\t\t\tdata-dim=\"w:750px,546px,349px,360px;h:460px,336px,214px,221px;\"\n\t\t\t\t\t\t\t\tdata-frame_1=\"st:1340;sp:1200;sR:1340;\"\n\t\t\t\t\t\t\t\tdata-frame_999=\"o:0;st:w;sR:6460;\"\n\t\t\t\t\t\t\t\tstyle=\"z-index:13;\"\n\t\t\t\t\t\t\t><img decoding=\"async\" src=\"\/\/universidadpyme.fundae.es\/murcia\/wp-content\/plugins\/revslider\/public\/assets\/assets\/dummy.png\" alt=\"\" class=\"tp-rs-img rs-lazyload\" width=\"815\" height=\"500\" data-lazyload=\"\/\/universidadpyme.fundae.es\/murcia\/wp-content\/uploads\/2025\/08\/img_programa.png\" data-no-retina> \n\t\t\t\t\t\t\t<\/rs-layer><!--\n-->\t\t\t\t\t\t<\/rs-slide>\n\t\t\t\t\t<\/rs-slides>\n\t\t\t\t<\/rs-module>\n\t\t\t\t<script>\n\t\t\t\t\tsetREVStartSize({c: 'rev_slider_13_1',rl:[1240,1024,778,480],el:[600,550,500,500],gw:[1350,1024,778,480],gh:[600,550,500,500],type:'standard',justify:'',layout:'fullwidth',mh:\"600\"});if (window.RS_MODULES!==undefined && window.RS_MODULES.modules!==undefined && window.RS_MODULES.modules[\"revslider131\"]!==undefined) {window.RS_MODULES.modules[\"revslider131\"].once = false;window.revapi13 = undefined;if (window.RS_MODULES.checkMinimal!==undefined) window.RS_MODULES.checkMinimal()}\n\t\t\t\t<\/script>\n\t\t\t<\/rs-module-wrap>\n\t\t\t<!-- END REVOLUTION SLIDER -->\n<\/div>\n\n\t\t\t\t<\/div>\n\t\t\t\t<\/div>\n\t\t\t\t\t<\/div>\n\t\t<\/div>\n\t\t\t\t\t<\/div>\n\t\t<\/section>\n\t\t\t\t<section class=\"elementor-section elementor-top-section elementor-element elementor-element-4942f23 elementor-section-stretched elementor-section-boxed elementor-section-height-default elementor-section-height-default\" data-id=\"4942f23\" data-element_type=\"section\" data-settings=\"{&quot;stretch_section&quot;:&quot;section-stretched&quot;}\">\n\t\t\t\t\t\t<div class=\"elementor-container elementor-column-gap-default\">\n\t\t\t\t\t<div class=\"elementor-column elementor-col-100 elementor-top-column elementor-element elementor-element-7d23cdd\" data-id=\"7d23cdd\" data-element_type=\"column\">\n\t\t\t<div class=\"elementor-widget-wrap elementor-element-populated\">\n\t\t\t\t\t\t<div class=\"elementor-element elementor-element-ba51402 elementor-widget elementor-widget-text-editor\" data-id=\"ba51402\" data-element_type=\"widget\" data-widget_type=\"text-editor.default\">\n\t\t\t\t<div class=\"elementor-widget-container\">\n\t\t\t\t\t\t\t<h1 class=\"home\" style=\"text-align: center;\">AGENDA 05 DE NOVIEMBRE<\/h1>\t\t\t\t\t\t<\/div>\n\t\t\t\t<\/div>\n\t\t\t\t<div class=\"elementor-element elementor-element-2d08318 elementor-widget elementor-widget-text-editor\" data-id=\"2d08318\" data-element_type=\"widget\" data-widget_type=\"text-editor.default\">\n\t\t\t\t<div class=\"elementor-widget-container\">\n\t\t\t\t\t\t\t<h3 class=\"home\" style=\"text-align: center;\">Presentador: <span data-olk-copy-source=\"MessageBody\">Fran S\u00e1ez. Periodista<\/span><\/h3>\t\t\t\t\t\t<\/div>\n\t\t\t\t<\/div>\n\t\t\t\t\t<\/div>\n\t\t<\/div>\n\t\t\t\t\t<\/div>\n\t\t<\/section>\n\t\t\t\t<section class=\"elementor-section elementor-top-section elementor-element elementor-element-d60f7c4 elementor-section-stretched elementor-section-boxed elementor-section-height-default elementor-section-height-default\" data-id=\"d60f7c4\" data-element_type=\"section\" data-settings=\"{&quot;stretch_section&quot;:&quot;section-stretched&quot;}\">\n\t\t\t\t\t\t<div class=\"elementor-container elementor-column-gap-default\">\n\t\t\t\t\t<div class=\"elementor-column elementor-col-100 elementor-top-column elementor-element elementor-element-444f740\" data-id=\"444f740\" data-element_type=\"column\">\n\t\t\t<div class=\"elementor-widget-wrap elementor-element-populated\">\n\t\t\t\t\t\t<div class=\"elementor-element elementor-element-3c57f2a elementor-widget elementor-widget-text-editor\" data-id=\"3c57f2a\" data-element_type=\"widget\" data-widget_type=\"text-editor.default\">\n\t\t\t\t<div class=\"elementor-widget-container\">\n\t\t\t\t\t\t\t<h3 class=\"orange_programa\">09:00 Recepci\u00f3n y acreditaci\u00f3n &#8211; Amenizaci\u00f3n por grupo musical: Estaci\u00f3n Musical Creativa S.Coop.\u00a0<\/h3>\t\t\t\t\t\t<\/div>\n\t\t\t\t<\/div>\n\t\t\t\t\t<\/div>\n\t\t<\/div>\n\t\t\t\t\t<\/div>\n\t\t<\/section>\n\t\t\t\t<section class=\"elementor-section elementor-top-section elementor-element elementor-element-ec73c17 elementor-section-stretched elementor-section-boxed elementor-section-height-default elementor-section-height-default\" data-id=\"ec73c17\" data-element_type=\"section\" data-settings=\"{&quot;stretch_section&quot;:&quot;section-stretched&quot;}\">\n\t\t\t\t\t\t<div class=\"elementor-container elementor-column-gap-default\">\n\t\t\t\t\t<div class=\"elementor-column elementor-col-100 elementor-top-column elementor-element elementor-element-3c5721c\" data-id=\"3c5721c\" data-element_type=\"column\">\n\t\t\t<div class=\"elementor-widget-wrap elementor-element-populated\">\n\t\t\t\t\t\t<div class=\"elementor-element elementor-element-485cd93 elementor-widget elementor-widget-timeline_widget\" data-id=\"485cd93\" data-element_type=\"widget\" data-widget_type=\"timeline_widget.default\">\n\t\t\t\t<div class=\"elementor-widget-container\">\n\t\t\t<div  id=\"timeline-485cd93\" class=\"timeline-wrapper\"><div class=\"timeline-items\"><div id=\"timeline-485cd93\" class=\"timeline-bar\"><div class=\"timeline-progress\"><\/div><\/div><div class=\"timeline-item\"><div class=\"timeline-icon\"><svg viewBox=\"0 0 512 512\" xmlns=\"http:\/\/www.w3.org\/2000\/svg\"><path d=\"M256 8C119.033 8 8 119.033 8 256s111.033 248 248 248 248-111.033 248-248S392.967 8 256 8zm80 248c0 44.112-35.888 80-80 80s-80-35.888-80-80 35.888-80 80-80 80 35.888 80 80z\"\/><\/svg><\/div><div class=\"timeline-card fade-in-right\"><h3>09:30<\/h3><h4>Bienvenida Institucional<\/h4><div class=\"description\"><p><em>Video qu\u00e9 es Fundae<\/em><\/p><p><strong>Antonio de Luis Acevedo<\/strong>. Director Gerente de Fundae<\/p><p><strong>Juan Antonio Pedre\u00f1o<\/strong>. Presidente de UCOMUR\/UCOERM\/CEPES<\/p><p><strong>Margarita Guerrero Calder\u00f3n<\/strong>. Directora General de INJUVE<\/p><p><strong>M\u00aa Isabel L\u00f3pez Arag\u00f3n<\/strong>. Consejera de Empleo, Empresa y Econom\u00eda Social. Gobierno de la Regi\u00f3n de Murcia<\/p><p><em>V\u00eddeo Universidad Pyme <\/em><\/p><\/div><\/div><\/div><div class=\"timeline-item\"><div class=\"timeline-icon\"><svg viewBox=\"0 0 512 512\" xmlns=\"http:\/\/www.w3.org\/2000\/svg\"><path d=\"M256 8C119.033 8 8 119.033 8 256s111.033 248 248 248 248-111.033 248-248S392.967 8 256 8zm80 248c0 44.112-35.888 80-80 80s-80-35.888-80-80 35.888-80 80-80 80 35.888 80 80z\"\/><\/svg><\/div><div class=\"timeline-card fade-in-right\"><h3>09:50<\/h3><h4>Conferencia Inaugural<\/h4><div class=\"description\"><p><strong>Mi viaje como joven emprendedor: \u201cSi tienes un talento, pers\u00edguelo hasta el final\u201d<\/strong><\/p><p><strong>Jorge Ruiz Flores. <\/strong>Cantante de Maldita Nerea, logopeda y escritor<\/p><p><em>Video CEPES<\/em><\/p><\/div><\/div><\/div><div class=\"timeline-item\"><div class=\"timeline-icon\"><svg viewBox=\"0 0 512 512\" xmlns=\"http:\/\/www.w3.org\/2000\/svg\"><path d=\"M256 8C119.033 8 8 119.033 8 256s111.033 248 248 248 248-111.033 248-248S392.967 8 256 8zm80 248c0 44.112-35.888 80-80 80s-80-35.888-80-80 35.888-80 80-80 80 35.888 80 80z\"\/><\/svg><\/div><div class=\"timeline-card fade-in-right\"><h3>10:30<\/h3><h4>Ponencia<\/h4><div class=\"description\"><p><strong>Fundae y la digitalizaci\u00f3n en las empresas de Econom\u00eda Social<\/strong><\/p><p><strong>Carmen Prieto.<\/strong>\u00a0 Jefa de la Unidad de Evaluaci\u00f3n, Estudios y Ordenaci\u00f3n de la Formaci\u00f3n. FUNDAE<\/p><p><em>V\u00eddeo Experiencia Fundae<\/em><\/p><\/div><\/div><\/div><\/div>\t\t<\/div>\n\t\t\t\t<\/div>\n\t\t\t\t\t<\/div>\n\t\t<\/div>\n\t\t\t\t\t<\/div>\n\t\t<\/section>\n\t\t\t\t<section class=\"elementor-section elementor-top-section elementor-element elementor-element-2ee78c4 elementor-section-stretched elementor-section-boxed elementor-section-height-default elementor-section-height-default\" data-id=\"2ee78c4\" data-element_type=\"section\" data-settings=\"{&quot;stretch_section&quot;:&quot;section-stretched&quot;}\">\n\t\t\t\t\t\t<div class=\"elementor-container elementor-column-gap-default\">\n\t\t\t\t\t<div class=\"elementor-column elementor-col-100 elementor-top-column elementor-element elementor-element-92bc88e\" data-id=\"92bc88e\" data-element_type=\"column\">\n\t\t\t<div class=\"elementor-widget-wrap elementor-element-populated\">\n\t\t\t\t\t\t<div class=\"elementor-element elementor-element-7a5bf58 elementor-widget elementor-widget-text-editor\" data-id=\"7a5bf58\" data-element_type=\"widget\" data-widget_type=\"text-editor.default\">\n\t\t\t\t<div class=\"elementor-widget-container\">\n\t\t\t\t\t\t\t<h3 class=\"orange_programa\">11:00 Caf\u00e9 y Networking &#8211; Amenizaci\u00f3n por grupo musical: Estaci\u00f3n Musical Creativa S.Coop.<\/h3>\t\t\t\t\t\t<\/div>\n\t\t\t\t<\/div>\n\t\t\t\t\t<\/div>\n\t\t<\/div>\n\t\t\t\t\t<\/div>\n\t\t<\/section>\n\t\t\t\t<section class=\"elementor-section elementor-top-section elementor-element elementor-element-28fa189 elementor-section-stretched elementor-section-boxed elementor-section-height-default elementor-section-height-default\" data-id=\"28fa189\" data-element_type=\"section\" data-settings=\"{&quot;stretch_section&quot;:&quot;section-stretched&quot;}\">\n\t\t\t\t\t\t<div class=\"elementor-container elementor-column-gap-default\">\n\t\t\t\t\t<div class=\"elementor-column elementor-col-100 elementor-top-column elementor-element elementor-element-27e9d61\" data-id=\"27e9d61\" data-element_type=\"column\">\n\t\t\t<div class=\"elementor-widget-wrap\">\n\t\t\t\t\t\t\t<\/div>\n\t\t<\/div>\n\t\t\t\t\t<\/div>\n\t\t<\/section>\n\t\t\t\t<section class=\"elementor-section elementor-top-section elementor-element elementor-element-f49c045 elementor-section-stretched elementor-section-boxed elementor-section-height-default elementor-section-height-default\" data-id=\"f49c045\" data-element_type=\"section\" data-settings=\"{&quot;stretch_section&quot;:&quot;section-stretched&quot;}\">\n\t\t\t\t\t\t<div class=\"elementor-container elementor-column-gap-default\">\n\t\t\t\t\t<div class=\"elementor-column elementor-col-100 elementor-top-column elementor-element elementor-element-ee817b6\" data-id=\"ee817b6\" data-element_type=\"column\">\n\t\t\t<div class=\"elementor-widget-wrap elementor-element-populated\">\n\t\t\t\t\t\t<div class=\"elementor-element elementor-element-3ab2c05 elementor-widget elementor-widget-timeline_widget\" data-id=\"3ab2c05\" data-element_type=\"widget\" data-widget_type=\"timeline_widget.default\">\n\t\t\t\t<div class=\"elementor-widget-container\">\n\t\t\t<div  id=\"timeline-3ab2c05\" class=\"timeline-wrapper\"><div class=\"timeline-items\"><div id=\"timeline-3ab2c05\" class=\"timeline-bar\"><div class=\"timeline-progress\"><\/div><\/div><div class=\"timeline-item\"><div class=\"timeline-icon\"><svg viewBox=\"0 0 512 512\" xmlns=\"http:\/\/www.w3.org\/2000\/svg\"><path d=\"M256 8C119.033 8 8 119.033 8 256s111.033 248 248 248 248-111.033 248-248S392.967 8 256 8zm80 248c0 44.112-35.888 80-80 80s-80-35.888-80-80 35.888-80 80-80 80 35.888 80 80z\"\/><\/svg><\/div><div class=\"timeline-card fade-in-right\"><h3>11:30<\/h3><h4>Ponencia<\/h4><div class=\"description\"><p><strong>J\u00f3venes en modo Startup<\/strong><\/p><p><strong>Pablo S\u00e1nchez.<\/strong> CO-CEO. Hablaloo<br \/><strong>Alfonso Palencia.<\/strong> CO-CEO. Hablaloo<\/p><\/div><\/div><\/div><div class=\"timeline-item\"><div class=\"timeline-icon\"><svg viewBox=\"0 0 512 512\" xmlns=\"http:\/\/www.w3.org\/2000\/svg\"><path d=\"M256 8C119.033 8 8 119.033 8 256s111.033 248 248 248 248-111.033 248-248S392.967 8 256 8zm80 248c0 44.112-35.888 80-80 80s-80-35.888-80-80 35.888-80 80-80 80 35.888 80 80z\"\/><\/svg><\/div><div class=\"timeline-card fade-in-right\"><h3>12:00<\/h3><h4>Ponencia<\/h4><div class=\"description\"><p><em>Video UCOERM<\/em><\/p><p><strong>Digitaliza tu prop\u00f3sito: IA y Digitalizaci\u00f3n para Transformar la Econom\u00eda Social<\/strong><\/p><p><strong>Joaqu\u00edn Barber\u00e1 Aledo.<\/strong>\u00a0Destacado Youtuber murciano. Colaborador de Ucoerm. Emprendedor y consultor experto en transformaci\u00f3n digital, especializado en el desarrollo de negocios online y la aplicaci\u00f3n de la inteligencia artificial<\/p><\/div><\/div><\/div><div class=\"timeline-item\"><div class=\"timeline-icon\"><svg viewBox=\"0 0 512 512\" xmlns=\"http:\/\/www.w3.org\/2000\/svg\"><path d=\"M256 8C119.033 8 8 119.033 8 256s111.033 248 248 248 248-111.033 248-248S392.967 8 256 8zm80 248c0 44.112-35.888 80-80 80s-80-35.888-80-80 35.888-80 80-80 80 35.888 80 80z\"\/><\/svg><\/div><div class=\"timeline-card fade-in-right\"><h3>12:30<\/h3><h4>Panel de experiencias<\/h4><div class=\"description\"><p><em>Video UCOMUR<\/em><\/p><p><strong>J\u00f3venes que emprenden en Econom\u00eda Social: Experiencias que inspiran<\/strong><\/p><p><strong>Roc\u00edo Meseguer.<\/strong> Socia, creativa y directora de arte. Mapa Estudio Creativo S. Coop.<\/p><p><strong>Alejandro Moya.<\/strong> CEO. Marco Visual<\/p><p><strong>Sandra Pintor.<\/strong> <span data-olk-copy-source=\"MessageBody\">Cooperativista y Consultora en EGALECO<\/span><\/p><p><strong>Javier Vidal.<\/strong> M\u00fasico y Representante Perkilusionist Percussion Group<\/p><p>Modera: <strong>Pablo S\u00e1nchez Egea<\/strong>. T\u00e9cnico Asesoramiento del \u00c1rea de Empresa de Ucomur<\/p><\/div><\/div><\/div><div class=\"timeline-item\"><div class=\"timeline-icon\"><svg viewBox=\"0 0 512 512\" xmlns=\"http:\/\/www.w3.org\/2000\/svg\"><path d=\"M256 8C119.033 8 8 119.033 8 256s111.033 248 248 248 248-111.033 248-248S392.967 8 256 8zm80 248c0 44.112-35.888 80-80 80s-80-35.888-80-80 35.888-80 80-80 80 35.888 80 80z\"\/><\/svg><\/div><div class=\"timeline-card fade-in-right\"><h3>13:15<\/h3><h4>Clausura y cierre<\/h4><div class=\"description\"><p><strong>Sandra Pintor.<\/strong> <span data-olk-copy-source=\"MessageBody\">Miembro del Consejo Rector de UCOMUR<\/span><br \/><strong>Antonio Pasqual del Riquelme. <\/strong>Director General de Aut\u00f3nomos y Econom\u00eda Social. Regi\u00f3n de Murcia<br \/><strong>Antonio de Luis Acevedo<\/strong>. Director Gerente de Fundae<\/p><\/div><\/div><\/div><\/div>\t\t<\/div>\n\t\t\t\t<\/div>\n\t\t\t\t<div class=\"elementor-element elementor-element-ed9159e elementor-widget elementor-widget-text-editor\" data-id=\"ed9159e\" data-element_type=\"widget\" data-widget_type=\"text-editor.default\">\n\t\t\t\t<div class=\"elementor-widget-container\">\n\t\t\t\t\t\t\t<h3 class=\"orange_programa\">13:30 <span data-teams=\"true\">Cocktail cierre <br>  Actuaci\u00f3n Perkilusionist Percussion Group <\/span><\/h3>\n&nbsp;\t\t\t\t\t\t<\/div>\n\t\t\t\t<\/div>\n\t\t\t\t\t<\/div>\n\t\t<\/div>\n\t\t\t\t\t<\/div>\n\t\t<\/section>\n\t\t\t\t<section class=\"elementor-section elementor-top-section elementor-element elementor-element-11fb0ab elementor-section-stretched elementor-section-boxed elementor-section-height-default elementor-section-height-default\" data-id=\"11fb0ab\" data-element_type=\"section\" data-settings=\"{&quot;stretch_section&quot;:&quot;section-stretched&quot;}\">\n\t\t\t\t\t\t<div class=\"elementor-container elementor-column-gap-default\">\n\t\t\t\t\t<div class=\"elementor-column elementor-col-100 elementor-top-column elementor-element elementor-element-c8bf472 home-boton\" data-id=\"c8bf472\" data-element_type=\"column\">\n\t\t\t<div class=\"elementor-widget-wrap elementor-element-populated\">\n\t\t\t\t\t\t<div class=\"elementor-element elementor-element-ced2245 elementor-align-center elementor-widget elementor-widget-button\" data-id=\"ced2245\" data-element_type=\"widget\" data-widget_type=\"button.default\">\n\t\t\t\t<div class=\"elementor-widget-container\">\n\t\t\t\t\t<div class=\"elementor-button-wrapper\">\n\t\t\t<a class=\"elementor-button elementor-button-link elementor-size-sm\" href=\"http:\/\/universidadpyme.fundae.es\/murcia\/wp-content\/uploads\/2025\/11\/ProgramaMurcia.pdf\" target=\"_blank\">\n\t\t\t\t\t\t<span class=\"elementor-button-content-wrapper\">\n\t\t\t\t\t\t\t\t\t<span class=\"elementor-button-text\">Descargar programa<\/span>\n\t\t\t\t\t<\/span>\n\t\t\t\t\t<\/a>\n\t\t<\/div>\n\t\t\t\t<\/div>\n\t\t\t\t<\/div>\n\t\t\t\t\t<\/div>\n\t\t<\/div>\n\t\t\t\t\t<\/div>\n\t\t<\/section>\n\t\t\t\t<\/div>\n\t\t","protected":false},"excerpt":{"rendered":"<p>AGENDA 05 DE NOVIEMBRE Presentador: Fran S\u00e1ez. Periodista 09:00 Recepci\u00f3n y acreditaci\u00f3n &#8211; Amenizaci\u00f3n por grupo musical: Estaci\u00f3n Musical Creativa S.Coop.\u00a0 09:30 Bienvenida Institucional Video qu\u00e9 es Fundae Antonio de Luis Acevedo. Director Gerente de Fundae Juan Antonio Pedre\u00f1o. Presidente de UCOMUR\/UCOERM\/CEPES Margarita Guerrero Calder\u00f3n. Directora General de INJUVE M\u00aa Isabel L\u00f3pez Arag\u00f3n. Consejera de&hellip;<\/p>\n","protected":false},"author":1,"featured_media":0,"parent":0,"menu_order":0,"comment_status":"closed","ping_status":"closed","template":"","meta":{"footnotes":""},"class_list":["post-2415","page","type-page","status-publish","hentry"],"_links":{"self":[{"href":"https:\/\/universidadpyme.fundae.es\/murcia\/wp-json\/wp\/v2\/pages\/2415","targetHints":{"allow":["GET"]}}],"collection":[{"href":"https:\/\/universidadpyme.fundae.es\/murcia\/wp-json\/wp\/v2\/pages"}],"about":[{"href":"https:\/\/universidadpyme.fundae.es\/murcia\/wp-json\/wp\/v2\/types\/page"}],"author":[{"embeddable":true,"href":"https:\/\/universidadpyme.fundae.es\/murcia\/wp-json\/wp\/v2\/users\/1"}],"replies":[{"embeddable":true,"href":"https:\/\/universidadpyme.fundae.es\/murcia\/wp-json\/wp\/v2\/comments?post=2415"}],"version-history":[{"count":683,"href":"https:\/\/universidadpyme.fundae.es\/murcia\/wp-json\/wp\/v2\/pages\/2415\/revisions"}],"predecessor-version":[{"id":3425,"href":"https:\/\/universidadpyme.fundae.es\/murcia\/wp-json\/wp\/v2\/pages\/2415\/revisions\/3425"}],"wp:attachment":[{"href":"https:\/\/universidadpyme.fundae.es\/murcia\/wp-json\/wp\/v2\/media?parent=2415"}],"curies":[{"name":"wp","href":"https:\/\/api.w.org\/{rel}","templated":true}]}}