{"id":834,"date":"2014-03-18T09:49:29","date_gmt":"2014-03-18T09:49:29","guid":{"rendered":"http:\/\/the7.dream-demo.com\/business\/?page_id=2"},"modified":"2025-10-31T12:46:38","modified_gmt":"2025-10-31T12:46:38","slug":"homepages","status":"publish","type":"page","link":"https:\/\/universidadpyme.fundae.es\/murcia\/","title":{"rendered":"Home"},"content":{"rendered":"<section class=\"wpb-content-wrapper\"><p>[vc_row el_class=\u00bbhome-columna\u00bb][vc_column width=\u00bb1\/2&#8243; el_class=\u00bbprimera\u00bb][vc_column_text el_class=\u00bbtexto\u00bb css=\u00bb.vc_custom_1755103501194{margin-right: 50px !important;}\u00bb]<\/p>\n<h1 class=\"home\">Generaci\u00f3n emprendedora<br \/>\nen Econom\u00eda Social<\/h1>\n<p>Universidad Pyme Murcia es un punto de encuentro entre juventud, innovaci\u00f3n y econom\u00eda social. Aqu\u00ed ver\u00e1s lo que est\u00e1 ocurriendo cuando las nuevas generaciones deciden emprender, pero hacerlo diferente: cooperativo, digital, sostenible y compartido.<br \/>\nEste evento re\u00fane a j\u00f3venes con ideas, l\u00edderes del cambio, iniciativas reales y herramientas pr\u00e1cticas para dar el salto. \u00bfTe interesa la econom\u00eda social y la digitalizaci\u00f3n? Este evento es para ti.<\/p>\n<p><strong><span class=\"azul-claro\">Dirigido a <\/span><\/strong> j\u00f3venes, pymes, emprendedores y profesionales de todos los sectores interesados en la Econom\u00eda Social y las tecnolog\u00edas emergentes.[\/vc_column_text][\/vc_column][vc_column width=\u00bb1\/2&#8243; el_class=\u00bbsegunda\u00bb css=\u00bb.vc_custom_1754412995093{margin-top: 30px !important;margin-left: 300px !important;}\u00bb][vc_single_image image=\u00bb3052&#8243; img_size=\u00bb260&#215;150&#8243; el_class=\u00bbhome-calendario\u00bb][vc_column_text css=\u00bb.vc_custom_1754412782679{margin-top: 20px !important;}\u00bb el_class=\u00bbtexto\u00bb]<strong>Fecha:<\/strong> 05 de noviembre<br \/>\n<strong>Horario:<\/strong><br \/>\n09:00-14:00 horas<br \/>\n<strong>Lugar:<\/strong> Hotel Murcia Nelva<br \/>\n<strong>Direcci\u00f3n:<\/strong> Avenida Primero de Mayo, 5,<br \/>\n30006 Murcia[\/vc_column_text][vc_column_text css=\u00bb.vc_custom_1754412602659{margin-top: 20px !important;}\u00bb]<strong><span class=\"azul texto\">\u00a1No te quedes sin plaza!<\/span><\/strong>[\/vc_column_text][vc_btn title=\u00bbAforo Completo\u00bb color=\u00bbprimary\u00bb el_class=\u00bbhome-boton\u00bb link=\u00bburl:https%3A%2F%2Funiversidadpyme.fundae.es%2Fmurcia%2F|target:_blank\u00bb][\/vc_column][\/vc_row][vc_row anchor=\u00bb200&#8243; el_class=\u00bbcolumna_inicio\u00bb][vc_column width=\u00bb1\/3&#8243;][vc_single_image image=\u00bb3029&#8243; alignment=\u00bbcenter\u00bb el_class=\u00bbiconos_inicio\u00bb][vc_column_text el_class=\u00bbtexto\u00bb]<\/p>\n<p class=\"texto-home\" style=\"text-align: center;\">05 de noviembre de 2025<\/p>\n<p>[\/vc_column_text][\/vc_column][vc_column width=\u00bb1\/3&#8243;][vc_single_image image=\u00bb3030&#8243; alignment=\u00bbcenter\u00bb el_class=\u00bbiconos_inicio\u00bb][vc_column_text el_class=\u00bbtexto\u00bb]<\/p>\n<p class=\"texto-home\" style=\"text-align: center;\">de 09:00 a 14:00<\/p>\n<p>[\/vc_column_text][\/vc_column][vc_column width=\u00bb1\/3&#8243;][vc_single_image image=\u00bb3031&#8243; alignment=\u00bbcenter\u00bb el_class=\u00bbiconos_inicio\u00bb][vc_wp_text el_class=\u00bbtexto\u00bb]<\/p>\n<p class=\"texto-home\" style=\"text-align: center;\">Hotel Murcia<\/p>\n<p class=\"texto-home-span\" style=\"text-align: center;\">Nelva Avenida Primero de Mayo, 5, 30006 Murcia<\/p>\n<p>[\/vc_wp_text][\/vc_column][\/vc_row][vc_row][vc_column][vc_single_image image=\u00bb3333&#8243; img_size=\u00bb1200 x 80&#8243; alignment=\u00bbcenter\u00bb el_class=\u00bbimagen_ministerio\u00bb][\/vc_column][\/vc_row]<\/p>\n<\/section>","protected":false},"excerpt":{"rendered":"<p>[vc_row el_class=\u00bbhome-columna\u00bb][vc_column width=\u00bb1\/2&#8243; el_class=\u00bbprimera\u00bb][vc_column_text el_class=\u00bbtexto\u00bb css=\u00bb.vc_custom_1755103501194{margin-right: 50px !important;}\u00bb] Generaci\u00f3n emprendedora en Econom\u00eda Social Universidad Pyme Murcia es un punto de encuentro entre juventud, innovaci\u00f3n y econom\u00eda social. Aqu\u00ed ver\u00e1s lo que est\u00e1 ocurriendo cuando las nuevas generaciones deciden emprender, pero hacerlo diferente: cooperativo, digital, sostenible y compartido. Este evento re\u00fane a j\u00f3venes con ideas, l\u00edderes&hellip;<\/p>\n","protected":false},"author":1,"featured_media":0,"parent":0,"menu_order":0,"comment_status":"closed","ping_status":"closed","template":"","meta":{"footnotes":""},"class_list":["post-834","page","type-page","status-publish","hentry","description-off"],"_links":{"self":[{"href":"https:\/\/universidadpyme.fundae.es\/murcia\/wp-json\/wp\/v2\/pages\/834","targetHints":{"allow":["GET"]}}],"collection":[{"href":"https:\/\/universidadpyme.fundae.es\/murcia\/wp-json\/wp\/v2\/pages"}],"about":[{"href":"https:\/\/universidadpyme.fundae.es\/murcia\/wp-json\/wp\/v2\/types\/page"}],"author":[{"embeddable":true,"href":"https:\/\/universidadpyme.fundae.es\/murcia\/wp-json\/wp\/v2\/users\/1"}],"replies":[{"embeddable":true,"href":"https:\/\/universidadpyme.fundae.es\/murcia\/wp-json\/wp\/v2\/comments?post=834"}],"version-history":[{"count":106,"href":"https:\/\/universidadpyme.fundae.es\/murcia\/wp-json\/wp\/v2\/pages\/834\/revisions"}],"predecessor-version":[{"id":3389,"href":"https:\/\/universidadpyme.fundae.es\/murcia\/wp-json\/wp\/v2\/pages\/834\/revisions\/3389"}],"wp:attachment":[{"href":"https:\/\/universidadpyme.fundae.es\/murcia\/wp-json\/wp\/v2\/media?parent=834"}],"curies":[{"name":"wp","href":"https:\/\/api.w.org\/{rel}","templated":true}]}}