{"id":835,"date":"2014-03-18T10:02:39","date_gmt":"2014-03-18T10:02:39","guid":{"rendered":"http:\/\/the7.dream-demo.com\/business\/?page_id=5"},"modified":"2022-11-04T09:05:34","modified_gmt":"2022-11-04T09:05:34","slug":"que-es","status":"publish","type":"page","link":"https:\/\/universidadpyme.fundae.es\/navarra\/que-es\/","title":{"rendered":"\u00bfQu\u00e9 es?"},"content":{"rendered":"<section class=\"wpb-content-wrapper\"><p>[vc_row][vc_column]\n\t\t\t<!-- START Que es 2 REVOLUTION SLIDER 6.6.10 --><p class=\"rs-p-wp-fix\"><\/p>\n\t\t\t<rs-module-wrap id=\"rev_slider_9_1_wrapper\" data-source=\"gallery\" style=\"visibility:hidden;background:transparent;padding:0;margin:0px auto;margin-top:0;margin-bottom:0;\">\n\t\t\t\t<rs-module id=\"rev_slider_9_1\" style=\"\" data-version=\"6.6.10\">\n\t\t\t\t\t<rs-slides style=\"overflow: hidden; position: absolute;\">\n\t\t\t\t\t\t<rs-slide style=\"position: absolute;\" data-key=\"rs-12\" data-title=\"Slide\" data-anim=\"adpr:false;ms:600;\" data-in=\"o:0;\" data-out=\"a:false;\">\n\t\t\t\t\t\t\t<img fetchpriority=\"high\" decoding=\"async\" src=\"\/\/universidadpyme.fundae.es\/navarra\/wp-content\/plugins\/revslider\/public\/assets\/assets\/dummy.png\" alt=\"\" title=\"slider que es (1)\" width=\"2600\" height=\"1132\" class=\"rev-slidebg tp-rs-img rs-lazyload\" data-lazyload=\"\/\/universidadpyme.fundae.es\/navarra\/wp-content\/uploads\/2022\/11\/slider-que-es-1.png\" data-bg=\"p:0% 20%;\" data-no-retina>\n<!--\n\t\t\t\t\t\t\t--><rs-layer\n\t\t\t\t\t\t\t\tid=\"slider-9-slide-12-layer-0\" \n\t\t\t\t\t\t\t\tdata-type=\"text\"\n\t\t\t\t\t\t\t\tdata-rsp_ch=\"on\"\n\t\t\t\t\t\t\t\tdata-xy=\"xo:-1px,68px,32px,36px;yo:274px,255px,184px,220px;\"\n\t\t\t\t\t\t\t\tdata-text=\"w:normal;s:30,30,30,20;l:38,30,38,25;ls:0px,0px,0px,2px;fw:700;\"\n\t\t\t\t\t\t\t\tdata-dim=\"w:802px,608px,600px,379px;h:auto,131px,142px,auto;\"\n\t\t\t\t\t\t\t\tdata-frame_1=\"st:1330;sp:1200;sR:1330;\"\n\t\t\t\t\t\t\t\tdata-frame_999=\"o:0;st:w;sR:6470;\"\n\t\t\t\t\t\t\t\tstyle=\"z-index:9;font-family:'Titillium Web';\"\n\t\t\t\t\t\t\t>La jornada tiene entre sus objetivos definir los principales retos que plantea la digitalizaci\u00f3n en las pymes \n\t\t\t\t\t\t\t<\/rs-layer><!--\n\n\t\t\t\t\t\t\t--><a\n\t\t\t\t\t\t\t\tid=\"slider-9-slide-12-layer-1\" \n\t\t\t\t\t\t\t\tclass=\"rs-layer rev-btn\"\n\t\t\t\t\t\t\t\thref=\"https:\/\/formularios.businessplus.es\/Fundae?clave=kx8jklO1uUionU1HueordA\" target=\"_blank\" rel=\"noopener\"\n\t\t\t\t\t\t\t\tdata-type=\"button\"\n\t\t\t\t\t\t\t\tdata-rsp_ch=\"on\"\n\t\t\t\t\t\t\t\tdata-xy=\"xo:2px,63px,31px,36px;y:m;yo:168px,147px,124px,118px;\"\n\t\t\t\t\t\t\t\tdata-text=\"w:normal;s:22,16,16,16;l:18,13,18,18;fw:700;a:center;\"\n\t\t\t\t\t\t\t\tdata-dim=\"w:290px,219px,166px,132px;h:60px,45px,39px,38px;minh:0px,none,none,none;\"\n\t\t\t\t\t\t\t\tdata-vbility=\"f,f,f,f\"\n\t\t\t\t\t\t\t\tdata-padding=\"t:21,16,12,11;r:18,14,11,7;b:15,11,8,5;l:18,14,11,7;\"\n\t\t\t\t\t\t\t\tdata-frame_1=\"st:1340;sp:1220;sR:1340;\"\n\t\t\t\t\t\t\t\tdata-frame_999=\"o:0;st:w;sR:6440;\"\n\t\t\t\t\t\t\t\tdata-frame_hover=\"c:#000;bgc:#fff;bor:0px,0px,0px,0px;bri:120%;\"\n\t\t\t\t\t\t\t\tstyle=\"z-index:11;background-color:#acc435;font-family:'Titillium Web';\"\n\t\t\t\t\t\t\t>INSCR\u00cdBETE \n\t\t\t\t\t\t\t<\/a><!--\n\n\t\t\t\t\t\t\t--><rs-layer\n\t\t\t\t\t\t\t\tid=\"slider-9-slide-12-layer-2\" \n\t\t\t\t\t\t\t\tdata-type=\"text\"\n\t\t\t\t\t\t\t\tdata-color=\"rgba(255, 255, 255, 1)\"\n\t\t\t\t\t\t\t\tdata-rsp_ch=\"on\"\n\t\t\t\t\t\t\t\tdata-xy=\"xo:-1px,70px,32px,39px;y:m;yo:-88px,-78px,-138px,-83px;\"\n\t\t\t\t\t\t\t\tdata-text=\"w:normal;s:50,45,45,35;l:55,45,50,40;ls:1px;fw:700;\"\n\t\t\t\t\t\t\t\tdata-dim=\"w:654px,600px,583px,413px;h:80px,55px,54px,61px;\"\n\t\t\t\t\t\t\t\tdata-margin=\"b:30;\"\n\t\t\t\t\t\t\t\tdata-frame_0=\"y:100%;\"\n\t\t\t\t\t\t\t\tdata-frame_0_mask=\"u:t;y:100%;\"\n\t\t\t\t\t\t\t\tdata-frame_1=\"e:power2.inOut;st:1350;sp:1200;sR:1350;\"\n\t\t\t\t\t\t\t\tdata-frame_1_mask=\"u:t;\"\n\t\t\t\t\t\t\t\tdata-frame_999=\"o:0;e:nothing;st:w;sR:6450;\"\n\t\t\t\t\t\t\t\tstyle=\"z-index:10;font-family:'Titillium Web';\"\n\t\t\t\t\t\t\t>\u00bfQu\u00e9 es? \n\t\t\t\t\t\t\t<\/rs-layer><!--\n\n\t\t\t\t\t\t\t--><rs-layer\n\t\t\t\t\t\t\t\tid=\"slider-9-slide-12-layer-3\" \n\t\t\t\t\t\t\t\tdata-type=\"text\"\n\t\t\t\t\t\t\t\tdata-rsp_ch=\"on\"\n\t\t\t\t\t\t\t\tdata-xy=\"xo:3px,66px,34px,37px;yo:441px,446px,358px,389px;\"\n\t\t\t\t\t\t\t\tdata-text=\"w:normal;s:25,18,18,18;l:30,22,21,21;fw:700;\"\n\t\t\t\t\t\t\t\tdata-dim=\"w:497px,376px,341px,351px;\"\n\t\t\t\t\t\t\t\tdata-frame_1=\"st:1340;sp:1200;sR:1340;\"\n\t\t\t\t\t\t\t\tdata-frame_999=\"o:0;st:w;sR:6460;\"\n\t\t\t\t\t\t\t\tstyle=\"z-index:12;font-family:'Titillium Web';\"\n\t\t\t\t\t\t\t>Evento realizado, para conocer pr\u00f3ximos eventos, pulsa el siguiente <a class=\"evento-realizado\" href=\"https:\/\/www.fundae.es\/actualidad\/universidad-pyme\" target=\"_blank\">enlace<\/><\/a> \n\t\t\t\t\t\t\t<\/rs-layer><!--\n\n\t\t\t\t\t\t\t--><rs-layer\n\t\t\t\t\t\t\t\tid=\"slider-9-slide-12-layer-15\" \n\t\t\t\t\t\t\t\tclass=\"tp-shape tp-shapewrapper\"\n\t\t\t\t\t\t\t\tdata-type=\"shape\"\n\t\t\t\t\t\t\t\tdata-rsp_ch=\"on\"\n\t\t\t\t\t\t\t\tdata-xy=\"x:c;xo:1px,0,0,0;y:m;\"\n\t\t\t\t\t\t\t\tdata-text=\"fw:700;a:inherit;\"\n\t\t\t\t\t\t\t\tdata-dim=\"w:100%;h:100%;\"\n\t\t\t\t\t\t\t\tdata-basealign=\"slide\"\n\t\t\t\t\t\t\t\tdata-frame_1=\"st:1340;sp:1200;sR:1340;\"\n\t\t\t\t\t\t\t\tdata-frame_999=\"o:0;st:w;sR:6460;\"\n\t\t\t\t\t\t\t\tstyle=\"z-index:8;background:linear-gradient(rgba(0,0,0,0.5) 0%, rgba(0,0,0,0.3) 100%);\"\n\t\t\t\t\t\t\t> \n\t\t\t\t\t\t\t<\/rs-layer><!--\n-->\t\t\t\t\t\t<\/rs-slide>\n\t\t\t\t\t<\/rs-slides>\n\t\t\t\t<\/rs-module>\n\t\t\t\t<script>\n\t\t\t\t\tsetREVStartSize({c: 'rev_slider_9_1',rl:[1240,1024,778,480],el:[600,550,500,500],gw:[1350,1024,778,480],gh:[600,550,500,500],type:'standard',justify:'',layout:'fullwidth',mh:\"600\"});if (window.RS_MODULES!==undefined && window.RS_MODULES.modules!==undefined && window.RS_MODULES.modules[\"revslider91\"]!==undefined) {window.RS_MODULES.modules[\"revslider91\"].once = false;window.revapi9 = undefined;if (window.RS_MODULES.checkMinimal!==undefined) window.RS_MODULES.checkMinimal()}\n\t\t\t\t<\/script>\n\t\t\t<\/rs-module-wrap>\n\t\t\t<!-- END REVOLUTION SLIDER -->\n[\/vc_column][\/vc_row][vc_row margin_top=\u00bb80&#8243; margin_bottom=\u00bb50&#8243; css=\u00bb.vc_custom_1666288491195{margin-bottom: 50px !important;}\u00bb el_class=\u00bbque_es_parrafo\u00bb][vc_column width=\u00bb7\/12&#8243;][vc_column_text css=\u00bb.vc_custom_1667471788871{margin-left: -20px !important;padding-right: px !important;padding-left: px !important;}\u00bb]<strong>Universidad Pyme Navarra &#8211; Formaci\u00f3n y desarrollo de competencias digitales<\/strong><\/p>\n<p>&nbsp;<\/p>\n<p>En \u201cUniversidad Pyme Navarra\u201d podr\u00e1s conocer multitud de experiencias e iniciativas innovadoras que las instituciones y las empresas est\u00e1n llevando a cabo para impulsar la transformaci\u00f3n digital y mejorar las competencias digitales.<\/p>\n<p>Organizado por el SEPE, el Servicio Navarro de Empleo \u2013 Nafar Lansare \u00a0y Fundae, es lugar de encuentro pensado para pymes, \u00a0j\u00f3venes,\u00a0 trabajadores aut\u00f3nomos y emprendedores y para todas aquellas personas interesadas en ampliar sus conocimientos digitales.<\/p>\n<p>&nbsp;<\/p>\n<p><strong>El proyecto<\/strong><\/p>\n<p>&nbsp;<\/p>\n<p>Universidad Pyme es una iniciativa enmarcada en el \u201cPlan Nacional de Recuperaci\u00f3n, Transformaci\u00f3n y Resiliencia\u201d. Promovida por el SEPE y Fundae, cuenta con la participaci\u00f3n de las comunidades aut\u00f3nomas, universidades, agentes sociales, importantes empresas tecnol\u00f3gicas y de las asociaciones de trabajadores aut\u00f3nomos y de la econom\u00eda social.<\/p>\n<p>Los encuentros que promueve Universidad Pyme ofrecen a los participantes el conocimiento y los recursos formativos m\u00e1s avanzados en materia de digitalizaci\u00f3n y las mejores pr\u00e1cticas para que pymes, aut\u00f3nomos y emprendedores puedan tener \u00e9xito en un entorno de actividad cambiante.<\/p>\n<p>&nbsp;<\/p>\n<p><strong>\u00bfQu\u00e9 me ofrece este evento?<\/strong><\/p>\n<p><strong>Conocimiento<\/strong><\/p>\n<p>&nbsp;<\/p>\n<p>Un amplio abanico de ponentes, de primer nivel, ofrecer\u00e1n nuevas perspectivas y enfoques sobre la digitalizaci\u00f3n y la formaci\u00f3n tanto en el conjunto de la sociedad como en Navarra.[\/vc_column_text][\/vc_column][vc_column width=\u00bb5\/12&#8243;][vc_column_text css=\u00bb.vc_custom_1667470725466{margin-top: 0px !important;margin-right: -40px !important;margin-left: 0px !important;border-top-width: 0px !important;border-right-width: 0px !important;border-left-width: 0px !important;padding-top: 40px !important;padding-right: 40px !important;padding-bottom: 40px !important;padding-left: 40px !important;background-color: #f2f3f4 !important;border-left-color: #ffffff !important;border-right-color: #ffffff !important;border-top-color: #ffffff !important;}\u00bb]<\/p>\n<h1 class=\"verde\">OBJETIVOS<\/h1>\n<p>Definir los principales retos que plantea la digitalizaci\u00f3n en las pymes, y presentar propuestas de mejora y adaptaci\u00f3n involucrando a \u00a0la administraci\u00f3n, la universidad, empresas, a agentes sociales sectoriales, y a trabajadores del sector de la econom\u00eda y la industria digital.<\/p>\n<p>&nbsp;<\/p>\n<p>Poner de manifiesto el papel destacado que desempe\u00f1a la formaci\u00f3n en la adecuaci\u00f3n de las competencias que demanda la transformaci\u00f3n digital.<\/p>\n<p>&nbsp;<\/p>\n<p>&nbsp;[\/vc_column_text][\/vc_column][\/vc_row]<\/p>\n<\/section>","protected":false},"excerpt":{"rendered":"<p>[vc_row][vc_column][\/vc_column][\/vc_row][vc_row margin_top=\u00bb80&#8243; margin_bottom=\u00bb50&#8243; css=\u00bb.vc_custom_1666288491195{margin-bottom: 50px !important;}\u00bb el_class=\u00bbque_es_parrafo\u00bb][vc_column width=\u00bb7\/12&#8243;][vc_column_text css=\u00bb.vc_custom_1667471788871{margin-left: -20px !important;padding-right: px !important;padding-left: px !important;}\u00bb]Universidad Pyme Navarra &#8211; Formaci\u00f3n y desarrollo de competencias digitales &nbsp; En \u201cUniversidad Pyme Navarra\u201d podr\u00e1s conocer multitud de experiencias e iniciativas innovadoras que las instituciones y las empresas est\u00e1n llevando a cabo para impulsar la transformaci\u00f3n digital y mejorar las&hellip;<\/p>\n","protected":false},"author":1,"featured_media":0,"parent":0,"menu_order":20,"comment_status":"closed","ping_status":"closed","template":"","meta":{"footnotes":""},"class_list":["post-835","page","type-page","status-publish","hentry","description-off"],"_links":{"self":[{"href":"https:\/\/universidadpyme.fundae.es\/navarra\/wp-json\/wp\/v2\/pages\/835","targetHints":{"allow":["GET"]}}],"collection":[{"href":"https:\/\/universidadpyme.fundae.es\/navarra\/wp-json\/wp\/v2\/pages"}],"about":[{"href":"https:\/\/universidadpyme.fundae.es\/navarra\/wp-json\/wp\/v2\/types\/page"}],"author":[{"embeddable":true,"href":"https:\/\/universidadpyme.fundae.es\/navarra\/wp-json\/wp\/v2\/users\/1"}],"replies":[{"embeddable":true,"href":"https:\/\/universidadpyme.fundae.es\/navarra\/wp-json\/wp\/v2\/comments?post=835"}],"version-history":[{"count":58,"href":"https:\/\/universidadpyme.fundae.es\/navarra\/wp-json\/wp\/v2\/pages\/835\/revisions"}],"predecessor-version":[{"id":1461,"href":"https:\/\/universidadpyme.fundae.es\/navarra\/wp-json\/wp\/v2\/pages\/835\/revisions\/1461"}],"wp:attachment":[{"href":"https:\/\/universidadpyme.fundae.es\/navarra\/wp-json\/wp\/v2\/media?parent=835"}],"curies":[{"name":"wp","href":"https:\/\/api.w.org\/{rel}","templated":true}]}}