{"id":302,"date":"2014-03-18T18:44:31","date_gmt":"2014-03-18T18:44:31","guid":{"rendered":"http:\/\/the7.dream-demo.com\/business\/?page_id=302"},"modified":"2026-04-15T09:32:03","modified_gmt":"2026-04-15T09:32:03","slug":"ponentes-2","status":"publish","type":"page","link":"https:\/\/universidadpyme.fundae.es\/tarragona\/ponentes-2\/","title":{"rendered":"Ponentes"},"content":{"rendered":"<section class=\"wpb-content-wrapper\"><p>[vc_row][vc_column]\n\t\t\t<!-- START Ponentes REVOLUTION SLIDER 6.6.10 --><p class=\"rs-p-wp-fix\"><\/p>\n\t\t\t<rs-module-wrap id=\"rev_slider_14_1_wrapper\" data-source=\"gallery\" style=\"visibility:hidden;background:transparent;padding:0;margin:0px auto;margin-top:0;margin-bottom:0;\">\n\t\t\t\t<rs-module id=\"rev_slider_14_1\" style=\"\" data-version=\"6.6.10\">\n\t\t\t\t\t<rs-slides style=\"overflow: hidden; position: absolute;\">\n\t\t\t\t\t\t<rs-slide style=\"position: absolute;\" data-key=\"rs-17\" data-title=\"Slide\" data-anim=\"adpr:false;ms:600;\" data-in=\"o:0;\" data-out=\"a:false;\">\n\t\t\t\t\t\t\t<img decoding=\"async\" src=\"\/\/universidadpyme.fundae.es\/tarragona\/wp-content\/plugins\/revslider\/public\/assets\/assets\/dummy.png\" alt=\"Slide\" title=\"fondo_degradado\" width=\"2540\" height=\"1143\" class=\"rev-slidebg tp-rs-img rs-lazyload\" data-lazyload=\"\/\/universidadpyme.fundae.es\/tarragona\/wp-content\/plugins\/revslider\/public\/assets\/assets\/transparent.png\" data-bg=\"p:right center;c:#a0c51c;\" data-no-retina>\n<!--\n\t\t\t\t\t\t\t--><rs-layer\n\t\t\t\t\t\t\t\tid=\"slider-14-slide-17-layer-0\" \n\t\t\t\t\t\t\t\tdata-type=\"text\"\n\t\t\t\t\t\t\t\tdata-rsp_ch=\"on\"\n\t\t\t\t\t\t\t\tdata-xy=\"xo:1px,43px,61px,34px;yo:169px,396px,346px,332px;\"\n\t\t\t\t\t\t\t\tdata-text=\"w:normal;s:30,25,25,15;l:38,30,30,20;fw:700;a:left,left,left,center;\"\n\t\t\t\t\t\t\t\tdata-dim=\"w:571px,927px,686px,401px;h:auto,69px,auto,auto;\"\n\t\t\t\t\t\t\t\tdata-frame_1=\"st:1330;sp:1200;sR:1330;\"\n\t\t\t\t\t\t\t\tdata-frame_999=\"o:0;st:w;sR:6470;\"\n\t\t\t\t\t\t\t\tstyle=\"z-index:10;font-family:'Nexa';\"\n\t\t\t\t\t\t\t>Expertos en inteligencia artificial, innovaci\u00f3n y transformaci\u00f3n empresarial, junto a representantes institucionales y profesionales del ecosistema digital. \n\t\t\t\t\t\t\t<\/rs-layer><!--\n\n\t\t\t\t\t\t\t--><rs-layer\n\t\t\t\t\t\t\t\tid=\"slider-14-slide-17-layer-2\" \n\t\t\t\t\t\t\t\tdata-type=\"text\"\n\t\t\t\t\t\t\t\tdata-color=\"#00198a\"\n\t\t\t\t\t\t\t\tdata-rsp_ch=\"on\"\n\t\t\t\t\t\t\t\tdata-xy=\"xo:0,48px,260px,146px;y:m;yo:-160px,27px,12px,36px;\"\n\t\t\t\t\t\t\t\tdata-text=\"w:normal;s:45,45,45,30;l:50,45,50,35;ls:1px;fw:700;a:left,left,left,center;\"\n\t\t\t\t\t\t\t\tdata-dim=\"w:532px,241px,250px,162px;h:auto,52px,54px,auto;\"\n\t\t\t\t\t\t\t\tdata-margin=\"b:30;\"\n\t\t\t\t\t\t\t\tdata-frame_0=\"y:100%;\"\n\t\t\t\t\t\t\t\tdata-frame_0_mask=\"u:t;y:100%;\"\n\t\t\t\t\t\t\t\tdata-frame_1=\"e:power2.inOut;st:1350;sp:1200;sR:1350;\"\n\t\t\t\t\t\t\t\tdata-frame_1_mask=\"u:t;\"\n\t\t\t\t\t\t\t\tdata-frame_999=\"o:0;e:nothing;st:w;sR:6450;\"\n\t\t\t\t\t\t\t\tstyle=\"z-index:8;font-family:'Nexa';\"\n\t\t\t\t\t\t\t>Ponentes \n\t\t\t\t\t\t\t<\/rs-layer><!--\n\n\t\t\t\t\t\t\t--><a\n\t\t\t\t\t\t\t\tid=\"slider-14-slide-17-layer-3\" \n\t\t\t\t\t\t\t\tclass=\"rs-layer rev-btn\"\n\t\t\t\t\t\t\t\thref=\"https:\/\/formularios.businessplus.es\/UniversidadPyme?clave=bCGvlrPVZkq7bIu2eveRhg\" target=\"_blank\" rel=\"noopener\"\n\t\t\t\t\t\t\t\tdata-type=\"button\"\n\t\t\t\t\t\t\t\tdata-rsp_ch=\"on\"\n\t\t\t\t\t\t\t\tdata-xy=\"xo:-5px,43px,289px,153px;yo:384px,504px,490px,421px;\"\n\t\t\t\t\t\t\t\tdata-text=\"w:normal;s:22,16,20,20;l:55,41,30,30;fw:600;\"\n\t\t\t\t\t\t\t\tdata-dim=\"w:290px,219px,166px,166px;h:60px,45px,45px,45px;minh:0px,none,none,none;\"\n\t\t\t\t\t\t\t\tdata-padding=\"t:5,4,10,10;r:50,38,30,30;l:90,68,35,35;\"\n\t\t\t\t\t\t\t\tdata-border=\"bor:10px,10px,10px,10px;\"\n\t\t\t\t\t\t\t\tdata-frame_1=\"st:1330;sp:1200;sR:1330;\"\n\t\t\t\t\t\t\t\tdata-frame_999=\"o:0;st:w;sR:6470;\"\n\t\t\t\t\t\t\t\tdata-frame_hover=\"bgc:#00198a;bor:10px,10px,10px,10px;td:underline;sp:100;e:power1.inOut;bri:120%;\"\n\t\t\t\t\t\t\t\tstyle=\"z-index:13;background-color:#00198a;font-family:'Nexa';\"\n\t\t\t\t\t\t\t>Inscr\u00edbete \n\t\t\t\t\t\t\t<\/a><!--\n\n\t\t\t\t\t\t\t--><rs-layer\n\t\t\t\t\t\t\t\tid=\"slider-14-slide-17-layer-4\" \n\t\t\t\t\t\t\t\tdata-type=\"image\"\n\t\t\t\t\t\t\t\tdata-rsp_ch=\"on\"\n\t\t\t\t\t\t\t\tdata-xy=\"x:r,c,c,c;xo:2px,-5px,2px,-3px;y:m;yo:-2px,-149px,-158px,-131px;\"\n\t\t\t\t\t\t\t\tdata-text=\"w:normal;s:20,15,11,6;l:0,18,13,8;\"\n\t\t\t\t\t\t\t\tdata-dim=\"w:703px,474px,359px,360px;h:431px,316px,220px,221px;\"\n\t\t\t\t\t\t\t\tdata-frame_1=\"st:1330;sp:1200;sR:1330;\"\n\t\t\t\t\t\t\t\tdata-frame_999=\"o:0;st:w;sR:6470;\"\n\t\t\t\t\t\t\t\tstyle=\"z-index:12;\"\n\t\t\t\t\t\t\t><img decoding=\"async\" src=\"\/\/universidadpyme.fundae.es\/tarragona\/wp-content\/plugins\/revslider\/public\/assets\/assets\/dummy.png\" alt=\"\" class=\"tp-rs-img rs-lazyload\" width=\"815\" height=\"500\" data-lazyload=\"\/\/universidadpyme.fundae.es\/ciudadreal\/wp-content\/uploads\/2026\/03\/img_ponentes-1.png\" data-no-retina> \n\t\t\t\t\t\t\t<\/rs-layer><!--\n-->\t\t\t\t\t\t<\/rs-slide>\n\t\t\t\t\t<\/rs-slides>\n\t\t\t\t<\/rs-module>\n\t\t\t\t<script>\n\t\t\t\t\tsetREVStartSize({c: 'rev_slider_14_1',rl:[1240,1024,778,480],el:[600,630,550,520],gw:[1350,1024,778,480],gh:[600,630,550,520],type:'standard',justify:'',layout:'fullwidth',mh:\"600\"});if (window.RS_MODULES!==undefined && window.RS_MODULES.modules!==undefined && window.RS_MODULES.modules[\"revslider141\"]!==undefined) {window.RS_MODULES.modules[\"revslider141\"].once = false;window.revapi14 = undefined;if (window.RS_MODULES.checkMinimal!==undefined) window.RS_MODULES.checkMinimal()}\n\t\t\t\t<\/script>\n\t\t\t<\/rs-module-wrap>\n\t\t\t<!-- END REVOLUTION SLIDER -->\n[\/vc_column][\/vc_row][vc_row margin_top=\u00bb100px\u00bb margin_bottom=\u00bb130px\u00bb css=\u00bb.vc_custom_1666768255273{margin-bottom: 280px !important;}\u00bb el_class=\u00bbfila_ponentes\u00bb][vc_column width=\u00bb1\/4&#8243;]<div class=\"ult-team-member-wrap ult-style-1 team_item itemhover  vc_custom_1776241465555\"><div class=\"ult-team-member-image\" style=\"\"> <img decoding=\"async\" class=\"\" src=\"https:\/\/universidadpyme.fundae.es\/tarragona\/wp-content\/uploads\/2026\/04\/Antonio-de-Luis-1.png\" alt=\"null\"  style=\"\"><span class=\"ult-team-member-image-overlay \"  ><\/span><\/div><div class=\"ult-team-member-bio-wrap style-1 ultimate-heading69e3b7dad81b4\" style=\"text-align:center;; \"><div class=\"ult-team-member-name-wrap\"><h2 class=\"ult-team-member-name ult-responsive\"  data-ultimate-target='.ult-team-member-bio-wrap.ultimate-heading69e3b7dad81b4 .ult-team-member-name'  data-responsive-json-new='{\"font-size\":\"desktop:25px;\",\"line-height\":\"\"}'  style=\"font-weight:bold;color:#262626;\">Antonio de Luis<\/h2><div class=\"ult-team-member-position ult-responsive\"  data-ultimate-target='.ult-team-member-bio-wrap.ultimate-heading69e3b7dad81b4 .ult-team-member-position'  data-responsive-json-new='{\"font-size\":\"desktop:18px;\",\"line-height\":\"\"}'  style=\"color:#262626;\">Director Gerente de Fundae<\/div><div class=\"ult-team-member-description ult-responsive\"  data-ultimate-target='.ult-team-member-bio-wrap.ultimate-heading69e3b7dad81b4 .ult-team-member-description'  data-responsive-json-new='{\"font-size\":\"\",\"line-height\":\"\"}'  style=\"\"><p><\/p>\n<p class=\"resena none\">Experto en direcci\u00f3n y coordinaci\u00f3n de equipos, procesos de gesti\u00f3n y programas de empleo y formaci\u00f3n para el empleo, dirige innovadores proyectos tanto nacionales como internacionales, muchos enmarcados en el Plan de Recuperaci\u00f3n, Transformaci\u00f3n y Resiliencia. Ha impulsado la implantaci\u00f3n del proyecto Digital\u00edzate para la formaci\u00f3n en competencias digitales y de apoyo a la transformaci\u00f3n digital de las Pymes.<\/p>\n<p><\/p><\/div><div style=\"margin-bottom:15px\"><\/div><\/div><\/div><\/div><div class=\"ult-team-member-wrap ult-style-1 team_item itemhover  vc_custom_1776241944290\"><div class=\"ult-team-member-image\" style=\"\"> <img decoding=\"async\" class=\"\" src=\"https:\/\/universidadpyme.fundae.es\/tarragona\/wp-content\/uploads\/2026\/04\/Estela-Quesada-Zuheros-2.png\" alt=\"null\"  style=\"\"><span class=\"ult-team-member-image-overlay \"  ><\/span><\/div><div class=\"ult-team-member-bio-wrap style-1 ultimate-heading69e3b7dad8485\" style=\"text-align:center;; \"><div class=\"ult-team-member-name-wrap\"><h2 class=\"ult-team-member-name ult-responsive\"  data-ultimate-target='.ult-team-member-bio-wrap.ultimate-heading69e3b7dad8485 .ult-team-member-name'  data-responsive-json-new='{\"font-size\":\"desktop:25px;\",\"line-height\":\"\"}'  style=\"font-weight:bold;color:#262626;\">Estela Quesada<\/h2><div class=\"ult-team-member-position ult-responsive\"  data-ultimate-target='.ult-team-member-bio-wrap.ultimate-heading69e3b7dad8485 .ult-team-member-position'  data-responsive-json-new='{\"font-size\":\"desktop:18px;\",\"line-height\":\"\"}'  style=\"color:#262626;\">Directora de Responsabilidad Social Corporativa Espa\u00f1a Portugal Grecia e Israel. IBM Global Services Espa\u00f1a<\/div><div class=\"ult-team-member-description ult-responsive\"  data-ultimate-target='.ult-team-member-bio-wrap.ultimate-heading69e3b7dad8485 .ult-team-member-description'  data-responsive-json-new='{\"font-size\":\"\",\"line-height\":\"\"}'  style=\"\"><p><\/p>\n<p class=\"resena none\">Directora de Responsabilidad Social Corporativa de IBM para Espa\u00f1a, Portugal, Grecia e Israel. Lidera estrategias de impacto social y formaci\u00f3n digital (IBM SkillsBuild) y es autora de La respuesta consciente e instructora certificada en MBSR por Brown University.<\/p>\n<p><\/p><\/div><div style=\"margin-bottom:15px\"><\/div><\/div><\/div><\/div>[\/vc_column][vc_column width=\u00bb1\/4&#8243;]<div class=\"ult-team-member-wrap ult-style-1 team_item itemhover  vc_custom_1776241749346\"><div class=\"ult-team-member-image\" style=\"\"> <img decoding=\"async\" class=\"\" src=\"https:\/\/universidadpyme.fundae.es\/tarragona\/wp-content\/uploads\/2026\/04\/Carmen-Prieto-1.png\" alt=\"null\"  style=\"\"><span class=\"ult-team-member-image-overlay \"  ><\/span><\/div><div class=\"ult-team-member-bio-wrap style-1 ultimate-heading69e3b7dad871c\" style=\"text-align:center;; \"><div class=\"ult-team-member-name-wrap\"><h2 class=\"ult-team-member-name ult-responsive\"  data-ultimate-target='.ult-team-member-bio-wrap.ultimate-heading69e3b7dad871c .ult-team-member-name'  data-responsive-json-new='{\"font-size\":\"desktop:25px;\",\"line-height\":\"\"}'  style=\"font-weight:bold;color:#262626;\">Carmen Prieto<\/h2><div class=\"ult-team-member-position ult-responsive\"  data-ultimate-target='.ult-team-member-bio-wrap.ultimate-heading69e3b7dad871c .ult-team-member-position'  data-responsive-json-new='{\"font-size\":\"desktop:18px;\",\"line-height\":\"\"}'  style=\"color:#262626;\">Directora de Innovaci\u00f3n y Desarrollo Fundae<\/div><div class=\"ult-team-member-description ult-responsive\"  data-ultimate-target='.ult-team-member-bio-wrap.ultimate-heading69e3b7dad871c .ult-team-member-description'  data-responsive-json-new='{\"font-size\":\"\",\"line-height\":\"\"}'  style=\"\"><p><\/p>\n<p class=\"resena none\">Ha desarrollado su actividad en el \u00e1mbito de los recursos humanos (selecci\u00f3n y formaci\u00f3n) en diferentes empresas hasta que en el a\u00f1o 1996 se incorpor\u00f3 a la Fundaci\u00f3n Estatal para la Formaci\u00f3n en el Empleo. A partir del a\u00f1o 2009 ha ocupado diferentes puestos en la Direcci\u00f3n relacionados con la gesti\u00f3n de las distintas iniciativas. Actualmente es la responsable de numerosos proyectos que ofrecen formaci\u00f3n gratuita en competencias digitales a las personas trabajadoras.<\/p>\n<p><\/p><\/div><div style=\"margin-bottom:15px\"><\/div><\/div><\/div><\/div><div class=\"ult-team-member-wrap ult-style-1 team_item itemhover  vc_custom_1776241956112\"><div class=\"ult-team-member-image\" style=\"\"> <img decoding=\"async\" class=\"\" src=\"https:\/\/universidadpyme.fundae.es\/tarragona\/wp-content\/uploads\/2026\/04\/Oscar-Espiritusanto-2.png\" alt=\"null\"  style=\"\"><span class=\"ult-team-member-image-overlay \"  ><\/span><\/div><div class=\"ult-team-member-bio-wrap style-1 ultimate-heading69e3b7dad894e\" style=\"text-align:center;; \"><div class=\"ult-team-member-name-wrap\"><h2 class=\"ult-team-member-name ult-responsive\"  data-ultimate-target='.ult-team-member-bio-wrap.ultimate-heading69e3b7dad894e .ult-team-member-name'  data-responsive-json-new='{\"font-size\":\"desktop:25px;\",\"line-height\":\"\"}'  style=\"font-weight:bold;color:#262626;\">Oscar Espiritusanto<\/h2><div class=\"ult-team-member-position ult-responsive\"  data-ultimate-target='.ult-team-member-bio-wrap.ultimate-heading69e3b7dad894e .ult-team-member-position'  data-responsive-json-new='{\"font-size\":\"desktop:18px;\",\"line-height\":\"\"}'  style=\"color:#262626;\">Director de Innovaci\u00f3n Educativa. Fundaci\u00f3n Cibervoluntarios<\/div><div class=\"ult-team-member-description ult-responsive\"  data-ultimate-target='.ult-team-member-bio-wrap.ultimate-heading69e3b7dad894e .ult-team-member-description'  data-responsive-json-new='{\"font-size\":\"\",\"line-height\":\"\"}'  style=\"\"><p><\/p>\n<p class=\"resena none\">Doctor en Investigaci\u00f3n de Medios, periodista, director del \u00e1rea de Innovaci\u00f3n Educativa e Investigaci\u00f3n en la Fundaci\u00f3n Cibervoluntarios y profesor en la Universidad Carlos III de Madrid. Sus l\u00edneas de investigaci\u00f3n se centran en el impacto de la IA y el Big Data en la democracia, la alfabetizaci\u00f3n medi\u00e1tica y la desinformaci\u00f3n. Adem\u00e1s es Fundador de PeriodismoCiudadano.com.<\/p>\n<p><\/p><\/div><div style=\"margin-bottom:15px\"><\/div><\/div><\/div><\/div>[\/vc_column][vc_column width=\u00bb1\/4&#8243;]<div class=\"ult-team-member-wrap ult-style-1 team_item itemhover  vc_custom_1776245517000\"><div class=\"ult-team-member-image\" style=\"\"> <img decoding=\"async\" class=\"\" src=\"https:\/\/universidadpyme.fundae.es\/tarragona\/wp-content\/uploads\/2026\/04\/Carlos-Iglesias_2-1.png\" alt=\"null\"  style=\"\"><span class=\"ult-team-member-image-overlay \"  ><\/span><\/div><div class=\"ult-team-member-bio-wrap style-1 ultimate-heading69e3b7dad8b6d\" style=\"text-align:center;; \"><div class=\"ult-team-member-name-wrap\"><h2 class=\"ult-team-member-name ult-responsive\"  data-ultimate-target='.ult-team-member-bio-wrap.ultimate-heading69e3b7dad8b6d .ult-team-member-name'  data-responsive-json-new='{\"font-size\":\"desktop:25px;\",\"line-height\":\"\"}'  style=\"font-weight:bold;color:#262626;\">Carlos Iglesias<\/h2><div class=\"ult-team-member-position ult-responsive\"  data-ultimate-target='.ult-team-member-bio-wrap.ultimate-heading69e3b7dad8b6d .ult-team-member-position'  data-responsive-json-new='{\"font-size\":\"desktop:18px;\",\"line-height\":\"\"}'  style=\"color:#262626;\">CEO LabVoltaire<\/div><div class=\"ult-team-member-description ult-responsive\"  data-ultimate-target='.ult-team-member-bio-wrap.ultimate-heading69e3b7dad8b6d .ult-team-member-description'  data-responsive-json-new='{\"font-size\":\"\",\"line-height\":\"\"}'  style=\"\"><p><\/p>\n<p class=\"resena none\">Experto en Inteligencia Artificial con m\u00e1s de 20 a\u00f1os en proyectos estrat\u00e9gicos de innovaci\u00f3n corporativa. Licenciado en Filosof\u00eda y Letras por la USC. M\u00e1ster en Inteligencia Artificial por la UNIR, ha complementado su formaci\u00f3n en instituciones como el MIT, la Universidad de Texas y otros organismos. Ha creado proyectos internacionales y liderado proyectos de IA en distintos \u00e1mbitos. Su compromiso con la formaci\u00f3n y la creaci\u00f3n de proyectos con IA y su participaci\u00f3n en m\u00faltiples foros y proyectos de transformaci\u00f3n digital, le ayuda a apoyar innovaciones en el campo de la Inteligencia Artificial.<\/p>\n<p><\/p><\/div><div style=\"margin-bottom:15px\"><\/div><\/div><\/div><\/div>[\/vc_column][vc_column width=\u00bb1\/4&#8243;]<div class=\"ult-team-member-wrap ult-style-1 team_item itemhover  vc_custom_1776241932642\"><div class=\"ult-team-member-image\" style=\"\"> <img decoding=\"async\" class=\"\" src=\"https:\/\/universidadpyme.fundae.es\/tarragona\/wp-content\/uploads\/2026\/04\/Antonio-Paulino-Garcia-2.png\" alt=\"null\"  style=\"\"><span class=\"ult-team-member-image-overlay \"  ><\/span><\/div><div class=\"ult-team-member-bio-wrap style-1 ultimate-heading69e3b7dad8d91\" style=\"text-align:center;; \"><div class=\"ult-team-member-name-wrap\"><h2 class=\"ult-team-member-name ult-responsive\"  data-ultimate-target='.ult-team-member-bio-wrap.ultimate-heading69e3b7dad8d91 .ult-team-member-name'  data-responsive-json-new='{\"font-size\":\"desktop:25px;\",\"line-height\":\"\"}'  style=\"font-weight:bold;color:#262626;\">Antonio Paulino<\/h2><div class=\"ult-team-member-position ult-responsive\"  data-ultimate-target='.ult-team-member-bio-wrap.ultimate-heading69e3b7dad8d91 .ult-team-member-position'  data-responsive-json-new='{\"font-size\":\"desktop:18px;\",\"line-height\":\"\"}'  style=\"color:#262626;\">Director Sector P\u00fablico LinkedIn Espa\u00f1a<\/div><div class=\"ult-team-member-description ult-responsive\"  data-ultimate-target='.ult-team-member-bio-wrap.ultimate-heading69e3b7dad8d91 .ult-team-member-description'  data-responsive-json-new='{\"font-size\":\"\",\"line-height\":\"\"}'  style=\"\"><p><\/p>\n<p class=\"resena none\">Formado en Direcci\u00f3n Estrat\u00e9gica por ESADE, cuenta con m\u00e1s de 14 a\u00f1os de experiencia internacional en Europa y Latinoam\u00e9rica. Actualmente lidera el Sector P\u00fablico en LinkedIn Espa\u00f1a, impulsando la transformaci\u00f3n de c\u00f3mo las instituciones comunican, atraen y desarrollan el talento para afrontar el futuro del trabajo.<\/p>\n<p><\/p><\/div><div style=\"margin-bottom:15px\"><\/div><\/div><\/div><\/div><div class=\"ult-team-member-wrap ult-style-1  \"><div class=\"ult-team-member-image\" style=\"\"> <img decoding=\"async\" class=\"ult-team-grayscale\" src=\"\" alt=\"\"  style=\"\"><span class=\"ult-team-member-image-overlay \"  ><\/span><\/div><div class=\"ult-team-member-bio-wrap style-1 ultimate-heading69e3b7dad8dce\" style=\"text-align:center;; \"><div class=\"ult-team-member-name-wrap\"><h2 class=\"ult-team-member-name ult-responsive\"  data-ultimate-target='.ult-team-member-bio-wrap.ultimate-heading69e3b7dad8dce .ult-team-member-name'  data-responsive-json-new='{\"font-size\":\"\",\"line-height\":\"\"}'  style=\"\"><\/h2><div style=\"margin-bottom:15px\"><\/div><\/div><\/div><\/div>[\/vc_column][\/vc_row]<\/p>\n<\/section>","protected":false},"excerpt":{"rendered":"<p>[vc_row][vc_column][\/vc_column][\/vc_row][vc_row margin_top=\u00bb100px\u00bb margin_bottom=\u00bb130px\u00bb css=\u00bb.vc_custom_1666768255273{margin-bottom: 280px !important;}\u00bb el_class=\u00bbfila_ponentes\u00bb][vc_column width=\u00bb1\/4&#8243;][\/vc_column][vc_column width=\u00bb1\/4&#8243;][\/vc_column][vc_column width=\u00bb1\/4&#8243;][\/vc_column][vc_column width=\u00bb1\/4&#8243;][\/vc_column][\/vc_row]<\/p>\n","protected":false},"author":1,"featured_media":0,"parent":0,"menu_order":450,"comment_status":"closed","ping_status":"closed","template":"","meta":{"footnotes":""},"class_list":["post-302","page","type-page","status-publish","hentry","description-off"],"_links":{"self":[{"href":"https:\/\/universidadpyme.fundae.es\/tarragona\/wp-json\/wp\/v2\/pages\/302","targetHints":{"allow":["GET"]}}],"collection":[{"href":"https:\/\/universidadpyme.fundae.es\/tarragona\/wp-json\/wp\/v2\/pages"}],"about":[{"href":"https:\/\/universidadpyme.fundae.es\/tarragona\/wp-json\/wp\/v2\/types\/page"}],"author":[{"embeddable":true,"href":"https:\/\/universidadpyme.fundae.es\/tarragona\/wp-json\/wp\/v2\/users\/1"}],"replies":[{"embeddable":true,"href":"https:\/\/universidadpyme.fundae.es\/tarragona\/wp-json\/wp\/v2\/comments?post=302"}],"version-history":[{"count":317,"href":"https:\/\/universidadpyme.fundae.es\/tarragona\/wp-json\/wp\/v2\/pages\/302\/revisions"}],"predecessor-version":[{"id":4438,"href":"https:\/\/universidadpyme.fundae.es\/tarragona\/wp-json\/wp\/v2\/pages\/302\/revisions\/4438"}],"wp:attachment":[{"href":"https:\/\/universidadpyme.fundae.es\/tarragona\/wp-json\/wp\/v2\/media?parent=302"}],"curies":[{"name":"wp","href":"https:\/\/api.w.org\/{rel}","templated":true}]}}