{"id":4233,"date":"2026-04-10T08:28:53","date_gmt":"2026-04-10T08:28:53","guid":{"rendered":"https:\/\/universidadpyme.fundae.es\/tarragona\/home-catala\/"},"modified":"2026-04-15T08:50:09","modified_gmt":"2026-04-15T08:50:09","slug":"home-catala","status":"publish","type":"page","link":"https:\/\/universidadpyme.fundae.es\/tarragona\/ca\/home-catala\/","title":{"rendered":"Home &#8211; Catal\u00e0"},"content":{"rendered":"<section class=\"wpb-content-wrapper\"><p>[vc_row el_class=\u00bbhome-columna\u00bb][vc_column width=\u00bb1\/2&#8243; el_class=\u00bbprimera\u00bb][vc_column_text el_class=\u00bbtexto\u00bb css=\u00bb.vc_custom_1776243005637{margin-right: 50px !important;}\u00bb]<\/p>\n<h1 class=\"home\">Adaptar-se, cr\u00e9ixer i competir en l\u2019era de la intel\u00b7lig\u00e8ncia artificial<\/h1>\n<p>Tarragona acull una nova edici\u00f3 d\u2019Universitat Pime, una trobada clau per entendre com la intel\u00b7lig\u00e8ncia artificial i la digitalitzaci\u00f3 estan transformant la manera de treballar, emprendre i competir.<\/p>\n<p>Una jornada pensada per ajudar pimes, professionals i emprenedors a adaptar-se a un entorn en constant canvi, on la tecnologia ja no \u00e9s una opci\u00f3, sin\u00f3 una eina imprescindible per cr\u00e9ixer.<\/p>\n<p>Experts, empreses i institucions compartiran experi\u00e8ncies, idees i solucions pr\u00e0ctiques per afrontar els reptes del present i aprofitar les oportunitats del futur.<\/p>\n<p><span class=\"naranja\">Adre\u00e7at a<\/span> pimes, aut\u00f2noms, emprenedors i professionals de tots els sectors interessats a comprendre i aplicar la intel\u00b7lig\u00e8ncia artificial, la digitalitzaci\u00f3 i les noves tecnologies per millorar la competitivitat, el talent i l\u2019adaptaci\u00f3 al canvi a les seves organitzacions.[\/vc_column_text][\/vc_column][vc_column width=\u00bb1\/2&#8243; el_class=\u00bbsegunda\u00bb css=\u00bb.vc_custom_1757347205781{margin-top: 30px !important;margin-left: 50px !important;}\u00bb][vc_single_image image=\u00bb4209&#8243; img_size=\u00bb150&#215;180&#8243; el_class=\u00bbhome-calendario\u00bb][vc_column_text css=\u00bb.vc_custom_1775810936076{margin-top: 20px !important;}\u00bb el_class=\u00bbtexto\u00bb]<b><span data-contrast=\"auto\">Data:<\/span><\/b><span data-contrast=\"auto\">\u00a029\u00a0d\u2019abril\u00a0de 2026<\/span><span data-ccp-props=\"{&quot;201341983&quot;:0,&quot;335559740&quot;:276}\"><br \/>\n<\/span><b><span data-contrast=\"auto\">Horari:<\/span><\/b><span data-contrast=\"auto\">\u00a009:30-14:00\u00a0horas.<\/span><span data-ccp-props=\"{&quot;201341983&quot;:0,&quot;335559740&quot;:276}\"><br \/>\n<\/span><b><span data-contrast=\"auto\">Lloc:<\/span><\/b><span data-contrast=\"auto\">\u00a0<\/span><span data-contrast=\"none\">Palau\u00a0Firal\u00a0i de\u00a0Congressos\u00a0de Tarragona<\/span><span data-ccp-props=\"{&quot;201341983&quot;:0,&quot;335559740&quot;:276}\"><br \/>\n<\/span><b><span data-contrast=\"auto\">Adre\u00e7a:<\/span><\/b><span data-contrast=\"auto\">\u00a0Carrer\u00a0Arquitecte Rovira, 2<\/span><span data-ccp-props=\"{}\">\u00a0<\/span>[\/vc_column_text][vc_btn title=\u00bbInscriu-te\u00bb color=\u00bbprimary\u00bb el_class=\u00bbhome-boton\u00bb link=\u00bburl:https%3A%2F%2Fformularios.businessplus.es%2FUniversidadPyme_cat%3Fclave%3Duouelv0XvU3Irj86N9T1w|target:_blank\u00bb][\/vc_column][\/vc_row][vc_row anchor=\u00bb200&#8243; el_class=\u00bbcolumna_inicio\u00bb][vc_column width=\u00bb1\/3&#8243;][vc_single_image image=\u00bb4212&#8243; alignment=\u00bbcenter\u00bb el_class=\u00bbiconos_inicio\u00bb][vc_column_text el_class=\u00bbtexto\u00bb]<\/p>\n<p class=\"texto-home\" style=\"text-align: center;\">29 de abril de 2026<\/p>\n<p>[\/vc_column_text][\/vc_column][vc_column width=\u00bb1\/3&#8243;][vc_single_image image=\u00bb4217&#8243; alignment=\u00bbcenter\u00bb el_class=\u00bbiconos_inicio\u00bb][vc_column_text el_class=\u00bbtexto\u00bb]<\/p>\n<p class=\"texto-home\" style=\"text-align: center;\">09:30-14:00 horas<\/p>\n<p>[\/vc_column_text][\/vc_column][vc_column width=\u00bb1\/3&#8243;][vc_single_image image=\u00bb4216&#8243; alignment=\u00bbcenter\u00bb el_class=\u00bbiconos_inicio\u00bb][vc_wp_text el_class=\u00bbtexto\u00bb]<\/p>\n<p class=\"texto-home\" style=\"text-align: center; font-size: 24px;\">Palau Firal i de Congressos de Tarragona<\/p>\n<p class=\"texto-home\" style=\"text-align: center; font-size: 18px; font-weight: 300;\">Carrer Arquitecte Rovira, 2<\/p>\n<p>[\/vc_wp_text][\/vc_column][\/vc_row][vc_row][vc_column][vc_single_image image=\u00bb4223&#8243; img_size=\u00bb1400 x 90&#8243; alignment=\u00bbcenter\u00bb el_class=\u00bbimagen_ministerio\u00bb][\/vc_column][\/vc_row]<\/p>\n<\/section>","protected":false},"excerpt":{"rendered":"<p>[vc_row el_class=\u00bbhome-columna\u00bb][vc_column width=\u00bb1\/2&#8243; el_class=\u00bbprimera\u00bb][vc_column_text el_class=\u00bbtexto\u00bb css=\u00bb.vc_custom_1776243005637{margin-right: 50px !important;}\u00bb] Adaptar-se, cr\u00e9ixer i competir en l\u2019era de la intel\u00b7lig\u00e8ncia artificial Tarragona acull una nova edici\u00f3 d\u2019Universitat Pime, una trobada clau per entendre com la intel\u00b7lig\u00e8ncia artificial i la digitalitzaci\u00f3 estan transformant la manera de treballar, emprendre i competir. Una jornada pensada per ajudar pimes, professionals i emprenedors&hellip;<\/p>\n","protected":false},"author":1,"featured_media":0,"parent":0,"menu_order":0,"comment_status":"closed","ping_status":"closed","template":"","meta":{"footnotes":""},"class_list":["post-4233","page","type-page","status-publish","hentry","description-off"],"_links":{"self":[{"href":"https:\/\/universidadpyme.fundae.es\/tarragona\/wp-json\/wp\/v2\/pages\/4233","targetHints":{"allow":["GET"]}}],"collection":[{"href":"https:\/\/universidadpyme.fundae.es\/tarragona\/wp-json\/wp\/v2\/pages"}],"about":[{"href":"https:\/\/universidadpyme.fundae.es\/tarragona\/wp-json\/wp\/v2\/types\/page"}],"author":[{"embeddable":true,"href":"https:\/\/universidadpyme.fundae.es\/tarragona\/wp-json\/wp\/v2\/users\/1"}],"replies":[{"embeddable":true,"href":"https:\/\/universidadpyme.fundae.es\/tarragona\/wp-json\/wp\/v2\/comments?post=4233"}],"version-history":[{"count":8,"href":"https:\/\/universidadpyme.fundae.es\/tarragona\/wp-json\/wp\/v2\/pages\/4233\/revisions"}],"predecessor-version":[{"id":4420,"href":"https:\/\/universidadpyme.fundae.es\/tarragona\/wp-json\/wp\/v2\/pages\/4233\/revisions\/4420"}],"wp:attachment":[{"href":"https:\/\/universidadpyme.fundae.es\/tarragona\/wp-json\/wp\/v2\/media?parent=4233"}],"curies":[{"name":"wp","href":"https:\/\/api.w.org\/{rel}","templated":true}]}}