{"id":4237,"date":"2026-04-10T08:39:53","date_gmt":"2026-04-10T08:39:53","guid":{"rendered":"https:\/\/universidadpyme.fundae.es\/tarragona\/?page_id=4237"},"modified":"2026-04-14T18:00:24","modified_gmt":"2026-04-14T18:00:24","slug":"que-es-3","status":"publish","type":"page","link":"https:\/\/universidadpyme.fundae.es\/tarragona\/ca\/que-es-3\/","title":{"rendered":"QU\u00c8 \u00c9S"},"content":{"rendered":"<section class=\"wpb-content-wrapper\"><p>[vc_row][vc_column]\n\t\t\t<!-- START Que es CA REVOLUTION SLIDER 6.6.10 --><p class=\"rs-p-wp-fix\"><\/p>\n\t\t\t<rs-module-wrap id=\"rev_slider_25_1_wrapper\" data-source=\"gallery\" style=\"visibility:hidden;background:transparent;padding:0;margin:0px auto;margin-top:0;margin-bottom:0;\">\n\t\t\t\t<rs-module id=\"rev_slider_25_1\" style=\"\" data-version=\"6.6.10\">\n\t\t\t\t\t<rs-slides style=\"overflow: hidden; position: absolute;\">\n\t\t\t\t\t\t<rs-slide style=\"position: absolute;\" data-key=\"rs-28\" data-title=\"Slide\" data-anim=\"adpr:false;ms:600;\" data-in=\"o:0;\" data-out=\"a:false;\">\n\t\t\t\t\t\t\t<img decoding=\"async\" src=\"\/\/universidadpyme.fundae.es\/tarragona\/wp-content\/plugins\/revslider\/public\/assets\/assets\/dummy.png\" alt=\"Slide\" title=\"fondo_degradado\" width=\"2540\" height=\"1143\" class=\"rev-slidebg tp-rs-img rs-lazyload\" data-lazyload=\"\/\/universidadpyme.fundae.es\/tarragona\/wp-content\/plugins\/revslider\/public\/assets\/assets\/transparent.png\" data-bg=\"p:right center;c:#a0c51c;\" data-no-retina>\n<!--\n\t\t\t\t\t\t\t--><rs-layer\n\t\t\t\t\t\t\t\tid=\"slider-25-slide-28-layer-0\" \n\t\t\t\t\t\t\t\tdata-type=\"text\"\n\t\t\t\t\t\t\t\tdata-rsp_ch=\"on\"\n\t\t\t\t\t\t\t\tdata-xy=\"xo:4px,48px,124px,44px;yo:163px,353px,312px,322px;\"\n\t\t\t\t\t\t\t\tdata-text=\"w:normal;s:25,25,18,12;l:38,30,30,23;fw:700;a:left,left,left,center;\"\n\t\t\t\t\t\t\t\tdata-dim=\"w:582px,915px,613px,403px;\"\n\t\t\t\t\t\t\t\tdata-frame_1=\"st:1330;sp:1200;sR:1330;\"\n\t\t\t\t\t\t\t\tdata-frame_999=\"o:0;st:w;sR:6470;\"\n\t\t\t\t\t\t\t\tstyle=\"z-index:9;font-family:'Nexa';\"\n\t\t\t\t\t\t\t>En aquesta edici\u00f3 a Tarragona, el focus se situa en l\u2019impacte de la intel\u00b7lig\u00e8ncia artificial en l\u2019ocupaci\u00f3, el talent i la competitivitat empresarial, abordant com les pimes poden incorporar aquestes tecnologies de manera pr\u00e0ctica i estrat\u00e8gica.  \n\t\t\t\t\t\t\t<\/rs-layer><!--\n\n\t\t\t\t\t\t\t--><rs-layer\n\t\t\t\t\t\t\t\tid=\"slider-25-slide-28-layer-2\" \n\t\t\t\t\t\t\t\tdata-type=\"text\"\n\t\t\t\t\t\t\t\tdata-color=\"#00198a\"\n\t\t\t\t\t\t\t\tdata-rsp_ch=\"on\"\n\t\t\t\t\t\t\t\tdata-xy=\"xo:5px,45px,276px,175px;y:m;yo:-165px,47px,27px,41px;\"\n\t\t\t\t\t\t\t\tdata-text=\"w:normal;s:45,45,45,25;l:50,45,50,28;ls:1px;fw:700;\"\n\t\t\t\t\t\t\t\tdata-dim=\"w:735px,410px,247px,136px;h:51px,auto,52px,31px;\"\n\t\t\t\t\t\t\t\tdata-margin=\"b:30;\"\n\t\t\t\t\t\t\t\tdata-frame_0=\"y:100%;\"\n\t\t\t\t\t\t\t\tdata-frame_0_mask=\"u:t;y:100%;\"\n\t\t\t\t\t\t\t\tdata-frame_1=\"e:power2.inOut;st:1350;sp:1200;sR:1350;\"\n\t\t\t\t\t\t\t\tdata-frame_1_mask=\"u:t;\"\n\t\t\t\t\t\t\t\tdata-frame_999=\"o:0;e:nothing;st:w;sR:6450;\"\n\t\t\t\t\t\t\t\tstyle=\"z-index:10;font-family:'Nexa';\"\n\t\t\t\t\t\t\t>\u00bfQu\u00e8 \u00e9s ? \n\t\t\t\t\t\t\t<\/rs-layer><!--\n\n\t\t\t\t\t\t\t--><a\n\t\t\t\t\t\t\t\tid=\"slider-25-slide-28-layer-3\" \n\t\t\t\t\t\t\t\tclass=\"rs-layer rev-btn\"\n\t\t\t\t\t\t\t\thref=\"https:\/\/formularios.businessplus.es\/UniversidadPyme_cat?clave=uouelv0XvU3Irj86N9T1w\" target=\"_blank\" rel=\"noopener\"\n\t\t\t\t\t\t\t\tdata-type=\"button\"\n\t\t\t\t\t\t\t\tdata-rsp_ch=\"on\"\n\t\t\t\t\t\t\t\tdata-xy=\"xo:0,51px,308px,161px;yo:428px,484px,436px,431px;\"\n\t\t\t\t\t\t\t\tdata-text=\"w:normal;s:22,16,20,20;l:55,41,30,30;fw:600;\"\n\t\t\t\t\t\t\t\tdata-dim=\"w:290px,219px,166px,166px;h:60px,45px,45px,45px;minh:0px,none,none,none;\"\n\t\t\t\t\t\t\t\tdata-padding=\"t:5,4,10,10;r:50,38,29,30;l:90,68,35,35;\"\n\t\t\t\t\t\t\t\tdata-border=\"bor:10px,10px,10px,10px;\"\n\t\t\t\t\t\t\t\tdata-frame_1=\"st:1350;sp:1200;sR:1350;\"\n\t\t\t\t\t\t\t\tdata-frame_999=\"o:0;st:w;sR:6450;\"\n\t\t\t\t\t\t\t\tdata-frame_hover=\"bgc:#00198a;bor:10px,10px,10px,10px;td:underline;sp:100;e:power1.inOut;bri:120%;\"\n\t\t\t\t\t\t\t\tstyle=\"z-index:14;background-color:#00198a;font-family:'Nexa';\"\n\t\t\t\t\t\t\t>Inscriu-te \n\t\t\t\t\t\t\t<\/a><!--\n\n\t\t\t\t\t\t\t--><rs-layer\n\t\t\t\t\t\t\t\tid=\"slider-25-slide-28-layer-4\" \n\t\t\t\t\t\t\t\tdata-type=\"image\"\n\t\t\t\t\t\t\t\tdata-rsp_ch=\"on\"\n\t\t\t\t\t\t\t\tdata-xy=\"x:r,c,c,c;xo:1px,30px,5px,9px;y:m;yo:-3px,-102px,-116px,-110px;\"\n\t\t\t\t\t\t\t\tdata-text=\"w:normal;s:20,15,11,6;l:0,18,13,8;\"\n\t\t\t\t\t\t\t\tdata-dim=\"w:760px,481px,344px,360px;h:466px,295px,211px,221px;\"\n\t\t\t\t\t\t\t\tdata-frame_1=\"st:1350;sp:1200;sR:1350;\"\n\t\t\t\t\t\t\t\tdata-frame_999=\"o:0;st:w;sR:6450;\"\n\t\t\t\t\t\t\t\tstyle=\"z-index:12;\"\n\t\t\t\t\t\t\t><img decoding=\"async\" src=\"\/\/universidadpyme.fundae.es\/tarragona\/wp-content\/plugins\/revslider\/public\/assets\/assets\/dummy.png\" alt=\"\" class=\"tp-rs-img rs-lazyload\" width=\"815\" height=\"500\" data-lazyload=\"\/\/universidadpyme.fundae.es\/tarragona\/wp-content\/uploads\/2026\/04\/img-que-es-2.png\" data-no-retina> \n\t\t\t\t\t\t\t<\/rs-layer><!--\n-->\t\t\t\t\t\t<\/rs-slide>\n\t\t\t\t\t<\/rs-slides>\n\t\t\t\t<\/rs-module>\n\t\t\t\t<script>\n\t\t\t\t\tsetREVStartSize({c: 'rev_slider_25_1',rl:[1240,1024,778,480],el:[600,550,500,520],gw:[1350,1024,778,480],gh:[600,550,500,520],type:'standard',justify:'',layout:'fullwidth',mh:\"600\"});if (window.RS_MODULES!==undefined && window.RS_MODULES.modules!==undefined && window.RS_MODULES.modules[\"revslider251\"]!==undefined) {window.RS_MODULES.modules[\"revslider251\"].once = false;window.revapi25 = undefined;if (window.RS_MODULES.checkMinimal!==undefined) window.RS_MODULES.checkMinimal()}\n\t\t\t\t<\/script>\n\t\t\t<\/rs-module-wrap>\n\t\t\t<!-- END REVOLUTION SLIDER -->\n[\/vc_column][\/vc_row][vc_row margin_top=\u00bb0&#8243; css=\u00bb.vc_custom_1674639104292{margin-bottom: 50px !important;}\u00bb el_class=\u00bbque_es_parrafo2&#8243;][vc_column width=\u00bb7\/12&#8243; css=\u00bb.vc_custom_1674478644626{margin-top: 0px !important;margin-bottom: 0px !important;margin-left: 0px !important;}\u00bb el_class=\u00bbtexto_que_es\u00bb][vc_column_text css=\u00bb.vc_custom_1674478847070{margin-top: 100px !important;padding-top: 0px !important;padding-right: 250px !important;padding-left: 200px !important;}\u00bb el_class=\u00bbevento_unico\u00bb]<span dir=\"ltr\" role=\"presentation\">Un evento \u00fanico donde promover el <\/span><span dir=\"ltr\" role=\"presentation\">valor del talento joven y el <\/span><span dir=\"ltr\" role=\"presentation\">emprendimiento.<\/span><br role=\"presentation\" \/><span dir=\"ltr\" role=\"presentation\">\u00a0<\/span><br role=\"presentation\" \/><span dir=\"ltr\" role=\"presentation\">Un laboratorio de ideas para la <\/span><span dir=\"ltr\" role=\"presentation\">juventud de Castilla La Mancha sobre <\/span><span dir=\"ltr\" role=\"presentation\">transformaci\u00f3n digital.<\/span><br role=\"presentation\" \/><span dir=\"ltr\" role=\"presentation\">\u00a0<\/span><br role=\"presentation\" \/><span dir=\"ltr\" role=\"presentation\">Un lugar para sensibilizar a los j\u00f3venes <\/span><span dir=\"ltr\" role=\"presentation\">sobre la importancia de mejorar sus <\/span><span dir=\"ltr\" role=\"presentation\">competencias digitales como factor <\/span><span dir=\"ltr\" role=\"presentation\">clave para impulsar el emprendimiento.<\/span>[\/vc_column_text][\/vc_column][vc_column width=\u00bb5\/12&#8243; css=\u00bb.vc_custom_1674639141961{margin-bottom: 200px !important;border-right-width: 50px !important;padding-top: 0px !important;background-position: center !important;background-repeat: no-repeat !important;background-size: cover !important;}\u00bb el_class=\u00bbparrafo_azul\u00bb][vc_column_text css=\u00bb.vc_custom_1674487869680{margin-top: 0px !important;margin-right: 0px !important;margin-left: 0px !important;border-top-width: px !important;border-right-width: 0px !important;border-left-width: 0px !important;padding-top: 100px !important;padding-right: 100px !important;padding-bottom: 100px !important;padding-left: 110px !important;background-position: center !important;background-repeat: no-repeat !important;background-size: contain !important;border-left-color: #ffffff !important;border-right-color: #ffffff !important;border-top-color: #ffffff !important;}\u00bb el_class=\u00bbtexto_objetivos\u00bb]<\/p>\n<h1 class=\"verde_h1\">OBJETIVOS<\/h1>\n<p>Despertar el deseo de mejorar las competencias digitales y fomentar la cultura emprendedora en el colectivo joven, facilit\u00e1ndoles el acceso a los recursos formativos existentes.<\/p>\n<p>Dar a conocer experiencias y casos de \u00e9xito sobre emprendimiento, digitalizaci\u00f3n y emprendimiento joven y sobre c\u00f3mo transformar sus ideas en proyectos profesionales viables.<\/p>\n<p>Impulsar el papel de la digitalizaci\u00f3n como elemento de impulso en el desarrollo de futuras ideas de negocio.[\/vc_column_text][\/vc_column][\/vc_row][vc_row el_class=\u00bbfila-que-es\u00bb][vc_column][vc_column_text css=\u00bb.vc_custom_1775811202712{margin-top: 20px !important;}\u00bb el_class=\u00bbtexto\u00bb]<span data-contrast=\"auto\">En\u00a0aquesta\u00a0edici\u00f3\u00a0a Tarragona, el\u00a0focus\u00a0se\u00a0situa\u00a0en\u00a0l\u2019impacte\u00a0de la\u00a0<\/span><b><span data-contrast=\"auto\">intel\u00b7lig\u00e8ncia\u00a0artificial en\u00a0l\u2019ocupaci\u00f3, el\u00a0talent\u00a0i la\u00a0competitivitat\u00a0empresarial<\/span><\/b><span data-contrast=\"auto\">,\u00a0abordant\u00a0com\u00a0les\u00a0pimes\u00a0poden incorporar\u00a0aquestes\u00a0tecnologies\u00a0de manera\u00a0pr\u00e0ctica\u00a0i\u00a0estrat\u00e8gica.<\/span><span data-ccp-props=\"{&quot;201341983&quot;:0,&quot;335551550&quot;:6,&quot;335551620&quot;:6,&quot;335559740&quot;:276}\">\u00a0<\/span><\/p>\n<p><span data-contrast=\"auto\">Un\u00a0espai\u00a0per\u00a0aprendre, reflexionar i\u00a0descobrir\u00a0com\u00a0reinventar el\u00a0teu\u00a0negoci\u00a0en\u00a0l\u2019era\u00a0digital.<\/span><span data-ccp-props=\"{&quot;201341983&quot;:0,&quot;335551550&quot;:6,&quot;335551620&quot;:6,&quot;335559740&quot;:276}\">\u00a0<\/span>[\/vc_column_text][vc_column_text css=\u00bb.vc_custom_1775811214295{margin-top: 100px !important;margin-bottom: 50px !important;}\u00bb]<\/p>\n<h1 class=\"home\">Per qu\u00e8 no t\u2019ho hauries de perdre?<\/h1>\n<p>[\/vc_column_text][vc_row_inner][vc_column_inner width=\u00bb1\/5&#8243;][vc_single_image image=\u00bb4214&#8243; alignment=\u00bbcenter\u00bb css=\u00bb.vc_custom_1775809177932{padding-bottom: 5px !important;}\u00bb][vc_column_text css=\u00bb.vc_custom_1775811239101{margin-top: 30px !important;margin-bottom: 30px !important;}\u00bb]<\/p>\n<p class=\"azul\" style=\"text-align: center;\"><strong>Ent\u00e9n l\u2019impacte real de la intel\u00b7lig\u00e8ncia artificial. <\/strong><br \/>\nDescobreix qu\u00e8 pot fer la IA pel teu negoci\u2026 i qu\u00e8 no, amb una visi\u00f3 clara i aplicada a la pime.[\/vc_column_text][\/vc_column_inner][vc_column_inner width=\u00bb1\/5&#8243;][vc_single_image image=\u00bb4210&#8243; alignment=\u00bbcenter\u00bb][vc_column_text css=\u00bb.vc_custom_1775811264197{margin-top: 30px !important;margin-bottom: 30px !important;}\u00bb]<\/p>\n<p class=\"azul\" style=\"text-align: center;\"><strong>Apr\u00e8n a adaptar-te al canvi. <\/strong><br \/>\nClaus per reinventar la teva empresa, millorar la competitivitat i aprofitar les oportunitats de la transformaci\u00f3 digital. .[\/vc_column_text][\/vc_column_inner][vc_column_inner width=\u00bb1\/5&#8243;][vc_single_image image=\u00bb4211&#8243; alignment=\u00bbcenter\u00bb][vc_column_text css=\u00bb.vc_custom_1775735937795{margin-top: 25px !important;}\u00bb]<\/p>\n<p class=\"azul\" style=\"text-align: center;\"><strong>Atrae y desarrolla talento.<\/strong><br \/>\nConoce c\u00f3mo la IA est\u00e1 cambiando el mercado laboral y qu\u00e9 necesitas para no quedarte atr\u00e1s.[\/vc_column_text][\/vc_column_inner][vc_column_inner width=\u00bb1\/5&#8243;][vc_single_image image=\u00bb4218&#8243; alignment=\u00bbcenter\u00bb][vc_column_text css=\u00bb.vc_custom_1775811307931{margin-top: 40px !important;margin-bottom: 30px !important;}\u00bb]<\/p>\n<p class=\"azul\" style=\"text-align: center;\"><strong>Resol els teus dubtes sobre el futur del treball. . <\/strong><br \/>\nLa IA substitueix o transforma? Analitzem el seu impacte real en l\u2019ocupaci\u00f3 i les professions.[\/vc_column_text][\/vc_column_inner][vc_column_inner width=\u00bb1\/5&#8243;][vc_single_image image=\u00bb4213&#8243; alignment=\u00bbcenter\u00bb][vc_column_text css=\u00bb.vc_custom_1775811325899{margin-top: 40px !important;margin-bottom: 30px !important;}\u00bb]<\/p>\n<p class=\"azul\" style=\"text-align: center;\"><strong>Connecta amb experts i professionals. <\/strong><br \/>\nUn espai per compartir idees, aprendre de referents i generar noves oportunitats.[\/vc_column_text][\/vc_column_inner][\/vc_row_inner][\/vc_column][\/vc_row][vc_row bg_type=\u00bbbg_color\u00bb bg_override=\u00bbfull\u00bb bg_color_value=\u00bb#a0c51c\u00bb el_class=\u00bbque-es\u00bb][vc_column][vc_column_text css=\u00bb.vc_custom_1775745128068{margin-top: 30px !important;margin-bottom: 30px !important;}\u00bb]<\/p>\n<p style=\"text-align: center; color: #fff; font-size: 38px; font-weight: 500; line-height: 1.2;\">\u00c9s m\u00e9s que un esdeveniment, \u00e9s un espai d\u2019inspiraci\u00f3 i connexi\u00f3 per<br \/>\ntransformar idees en acci\u00f3. La inscripci\u00f3 \u00e9s gratu\u00efta,<br \/>\nles places s\u00f3n limitades![\/vc_column_text][vc_column_text css=\u00bb.vc_custom_1775745260611{margin-top: 20px !important;margin-bottom: 20px !important;}\u00bb]<\/p>\n<p style=\"text-align: center; color: #27336f; font-size: 38px; font-weight: 600; line-height: 1.2;\">\u00a1Reserva tu lugar ahora y prep\u00e1rate para el futuro!<\/p>\n<p>[\/vc_column_text][vc_btn title=\u00bbInscriu-te\u00bb align=\u00bbcenter\u00bb link=\u00bburl:https%3A%2F%2Fformularios.businessplus.es%2FUniversidadPyme_cat%3Fclave%3Duouelv0XvU3Irj86N9T1w|target:_blank\u00bb el_class=\u00bbinscribete\u00bb css=\u00bb.vc_custom_1776189621655{margin-top: 20px !important;margin-bottom: 50px !important;}\u00bb][\/vc_column][\/vc_row][vc_row][vc_column][vc_empty_space height=\u00bb50px\u00bb][\/vc_column][\/vc_row]<\/p>\n<\/section>","protected":false},"excerpt":{"rendered":"<p>[vc_row][vc_column][\/vc_column][\/vc_row][vc_row margin_top=\u00bb0&#8243; css=\u00bb.vc_custom_1674639104292{margin-bottom: 50px !important;}\u00bb el_class=\u00bbque_es_parrafo2&#8243;][vc_column width=\u00bb7\/12&#8243; css=\u00bb.vc_custom_1674478644626{margin-top: 0px !important;margin-bottom: 0px !important;margin-left: 0px !important;}\u00bb el_class=\u00bbtexto_que_es\u00bb][vc_column_text css=\u00bb.vc_custom_1674478847070{margin-top: 100px !important;padding-top: 0px !important;padding-right: 250px !important;padding-left: 200px !important;}\u00bb el_class=\u00bbevento_unico\u00bb]Un evento \u00fanico donde promover el valor del talento joven y el emprendimiento.\u00a0Un laboratorio de ideas para la juventud de Castilla La Mancha sobre transformaci\u00f3n digital.\u00a0Un lugar para sensibilizar a los&hellip;<\/p>\n","protected":false},"author":1,"featured_media":0,"parent":0,"menu_order":20,"comment_status":"closed","ping_status":"closed","template":"","meta":{"footnotes":""},"class_list":["post-4237","page","type-page","status-publish","hentry","description-off"],"_links":{"self":[{"href":"https:\/\/universidadpyme.fundae.es\/tarragona\/wp-json\/wp\/v2\/pages\/4237","targetHints":{"allow":["GET"]}}],"collection":[{"href":"https:\/\/universidadpyme.fundae.es\/tarragona\/wp-json\/wp\/v2\/pages"}],"about":[{"href":"https:\/\/universidadpyme.fundae.es\/tarragona\/wp-json\/wp\/v2\/types\/page"}],"author":[{"embeddable":true,"href":"https:\/\/universidadpyme.fundae.es\/tarragona\/wp-json\/wp\/v2\/users\/1"}],"replies":[{"embeddable":true,"href":"https:\/\/universidadpyme.fundae.es\/tarragona\/wp-json\/wp\/v2\/comments?post=4237"}],"version-history":[{"count":7,"href":"https:\/\/universidadpyme.fundae.es\/tarragona\/wp-json\/wp\/v2\/pages\/4237\/revisions"}],"predecessor-version":[{"id":4391,"href":"https:\/\/universidadpyme.fundae.es\/tarragona\/wp-json\/wp\/v2\/pages\/4237\/revisions\/4391"}],"wp:attachment":[{"href":"https:\/\/universidadpyme.fundae.es\/tarragona\/wp-json\/wp\/v2\/media?parent=4237"}],"curies":[{"name":"wp","href":"https:\/\/api.w.org\/{rel}","templated":true}]}}