{"id":4305,"date":"2026-04-13T09:58:27","date_gmt":"2026-04-13T09:58:27","guid":{"rendered":"https:\/\/universidadpyme.fundae.es\/tarragona\/?page_id=4305"},"modified":"2026-04-17T09:38:17","modified_gmt":"2026-04-17T09:38:17","slug":"programa","status":"publish","type":"page","link":"https:\/\/universidadpyme.fundae.es\/tarragona\/programa\/","title":{"rendered":"Programa"},"content":{"rendered":"<section class=\"wpb-content-wrapper\"><p>[vc_row][vc_column]\n\t\t\t<!-- START Programa REVOLUTION SLIDER 6.6.10 --><p class=\"rs-p-wp-fix\"><\/p>\n\t\t\t<rs-module-wrap id=\"rev_slider_13_1_wrapper\" data-source=\"gallery\" style=\"visibility:hidden;background:transparent;padding:0;margin:0px auto;margin-top:0;margin-bottom:0;\">\n\t\t\t\t<rs-module id=\"rev_slider_13_1\" style=\"\" data-version=\"6.6.10\">\n\t\t\t\t\t<rs-slides style=\"overflow: hidden; position: absolute;\">\n\t\t\t\t\t\t<rs-slide style=\"position: absolute;\" data-key=\"rs-16\" data-title=\"Slide\" data-anim=\"adpr:false;ms:600;\" data-in=\"o:0;\" data-out=\"a:false;\">\n\t\t\t\t\t\t\t<img decoding=\"async\" src=\"\/\/universidadpyme.fundae.es\/tarragona\/wp-content\/plugins\/revslider\/public\/assets\/assets\/dummy.png\" alt=\"Slide\" title=\"fondo_degradado\" width=\"2540\" height=\"1143\" class=\"rev-slidebg tp-rs-img rs-lazyload\" data-lazyload=\"\/\/universidadpyme.fundae.es\/tarragona\/wp-content\/plugins\/revslider\/public\/assets\/assets\/transparent.png\" data-bg=\"p:right center;c:#a0c51c;\" data-no-retina>\n<!--\n\t\t\t\t\t\t\t--><rs-layer\n\t\t\t\t\t\t\t\tid=\"slider-13-slide-16-layer-0\" \n\t\t\t\t\t\t\t\tdata-type=\"text\"\n\t\t\t\t\t\t\t\tdata-rsp_ch=\"on\"\n\t\t\t\t\t\t\t\tdata-xy=\"x:l,l,c,c;xo:1px,32px,0,3px;yo:262px,403px,334px,343px;\"\n\t\t\t\t\t\t\t\tdata-text=\"w:normal;s:25,20,20,13;l:38,30,30,21;fw:700;a:left,left,left,center;\"\n\t\t\t\t\t\t\t\tdata-dim=\"w:648px,985px,699px,396px;h:auto,74px,auto,auto;\"\n\t\t\t\t\t\t\t\tdata-frame_0=\"x:0,0,0,0px;y:0,0,0,0px;\"\n\t\t\t\t\t\t\t\tdata-frame_1=\"x:0,0,0,0px;y:0,0,0,0px;st:1330;sp:1200;sR:1330;\"\n\t\t\t\t\t\t\t\tdata-frame_999=\"o:0;st:w;sR:6470;\"\n\t\t\t\t\t\t\t\tstyle=\"z-index:9;font-family:'Nexa';\"\n\t\t\t\t\t\t\t>Una jornada din\u00e1mica que combina ponencias, experiencias y espacios de reflexi\u00f3n en torno a la inteligencia artificial, el talento y la transformaci\u00f3n digital de las pymes. \n\t\t\t\t\t\t\t<\/rs-layer><!--\n\n\t\t\t\t\t\t\t--><rs-layer\n\t\t\t\t\t\t\t\tid=\"slider-13-slide-16-layer-2\" \n\t\t\t\t\t\t\t\tdata-type=\"text\"\n\t\t\t\t\t\t\t\tdata-color=\"#00198a\"\n\t\t\t\t\t\t\t\tdata-rsp_ch=\"on\"\n\t\t\t\t\t\t\t\tdata-xy=\"xo:6px,34px,249px,161px;y:m;yo:-55px,99px,55px,71px;\"\n\t\t\t\t\t\t\t\tdata-text=\"w:normal;s:45,45,45,25;l:50,45,50,28;ls:1px;fw:700;a:left,left,left,center;\"\n\t\t\t\t\t\t\t\tdata-dim=\"w:735px,410px,254px,163px;h:63px,52px,auto,29px;\"\n\t\t\t\t\t\t\t\tdata-margin=\"b:30;\"\n\t\t\t\t\t\t\t\tdata-frame_0=\"y:100%;\"\n\t\t\t\t\t\t\t\tdata-frame_0_mask=\"u:t;y:100%;\"\n\t\t\t\t\t\t\t\tdata-frame_1=\"e:power2.inOut;st:1350;sp:1200;sR:1350;\"\n\t\t\t\t\t\t\t\tdata-frame_1_mask=\"u:t;\"\n\t\t\t\t\t\t\t\tdata-frame_999=\"o:0;e:nothing;st:w;sR:6450;\"\n\t\t\t\t\t\t\t\tstyle=\"z-index:10;font-family:'Nexa';\"\n\t\t\t\t\t\t\t>Programa \n\t\t\t\t\t\t\t<\/rs-layer><!--\n\n\t\t\t\t\t\t\t--><a\n\t\t\t\t\t\t\t\tid=\"slider-13-slide-16-layer-3\" \n\t\t\t\t\t\t\t\tclass=\"rs-layer rev-btn\"\n\t\t\t\t\t\t\t\thref=\"https:\/\/formularios.businessplus.es\/UniversidadPyme?clave=bCGvlrPVZkq7bIu2eveRhg\" target=\"_blank\" rel=\"noopener\"\n\t\t\t\t\t\t\t\tdata-type=\"button\"\n\t\t\t\t\t\t\t\tdata-rsp_ch=\"on\"\n\t\t\t\t\t\t\t\tdata-xy=\"xo:-1px,31px,283px,162px;yo:424px,478px,433px,414px;\"\n\t\t\t\t\t\t\t\tdata-text=\"w:normal;s:22,16,20,20;l:55,41,30,30;fw:600;\"\n\t\t\t\t\t\t\t\tdata-dim=\"w:290px,219px,166px,166px;h:60px,45px,45px,45px;minh:0px,none,none,none;\"\n\t\t\t\t\t\t\t\tdata-padding=\"t:5,4,10,10;r:50,38,29,29;l:90,68,35,35;\"\n\t\t\t\t\t\t\t\tdata-border=\"bor:10px,10px,10px,10px;\"\n\t\t\t\t\t\t\t\tdata-frame_1=\"st:1350;sp:1200;sR:1350;\"\n\t\t\t\t\t\t\t\tdata-frame_999=\"o:0;st:w;sR:6450;\"\n\t\t\t\t\t\t\t\tdata-frame_hover=\"bgc:#00198a;bor:10px,10px,10px,10px;td:underline;sp:100;e:power1.inOut;bri:120%;\"\n\t\t\t\t\t\t\t\tstyle=\"z-index:14;background-color:#00198a;font-family:'Nexa';\"\n\t\t\t\t\t\t\t>Inscr\u00edbete \n\t\t\t\t\t\t\t<\/a><!--\n\n\t\t\t\t\t\t\t--><rs-layer\n\t\t\t\t\t\t\t\tid=\"slider-13-slide-16-layer-4\" \n\t\t\t\t\t\t\t\tdata-type=\"image\"\n\t\t\t\t\t\t\t\tdata-rsp_ch=\"on\"\n\t\t\t\t\t\t\t\tdata-xy=\"x:r,c,c,c;xo:1px,-7px,7px,9px;y:m;yo:18px,-95px,-111px,-89px;\"\n\t\t\t\t\t\t\t\tdata-text=\"w:normal;s:20,15,11,6;l:0,18,13,8;\"\n\t\t\t\t\t\t\t\tdata-dim=\"w:689px,546px,409px,360px;h:423px,336px,251px,221px;\"\n\t\t\t\t\t\t\t\tdata-frame_1=\"st:1340;sp:1200;sR:1340;\"\n\t\t\t\t\t\t\t\tdata-frame_999=\"o:0;st:w;sR:6460;\"\n\t\t\t\t\t\t\t\tstyle=\"z-index:13;\"\n\t\t\t\t\t\t\t><img decoding=\"async\" src=\"\/\/universidadpyme.fundae.es\/tarragona\/wp-content\/plugins\/revslider\/public\/assets\/assets\/dummy.png\" alt=\"\" class=\"tp-rs-img rs-lazyload\" width=\"815\" height=\"500\" data-lazyload=\"\/\/universidadpyme.fundae.es\/tarragona\/wp-content\/uploads\/2026\/04\/img_programa-1.png\" data-no-retina> \n\t\t\t\t\t\t\t<\/rs-layer><!--\n-->\t\t\t\t\t\t<\/rs-slide>\n\t\t\t\t\t<\/rs-slides>\n\t\t\t\t<\/rs-module>\n\t\t\t\t<script>\n\t\t\t\t\tsetREVStartSize({c: 'rev_slider_13_1',rl:[1240,1024,778,480],el:[600,550,500,500],gw:[1350,1024,778,480],gh:[600,550,500,500],type:'standard',justify:'',layout:'fullwidth',mh:\"600\"});if (window.RS_MODULES!==undefined && window.RS_MODULES.modules!==undefined && window.RS_MODULES.modules[\"revslider131\"]!==undefined) {window.RS_MODULES.modules[\"revslider131\"].once = false;window.revapi13 = undefined;if (window.RS_MODULES.checkMinimal!==undefined) window.RS_MODULES.checkMinimal()}\n\t\t\t\t<\/script>\n\t\t\t<\/rs-module-wrap>\n\t\t\t<!-- END REVOLUTION SLIDER -->\n[vc_column_text css=\u00bb.vc_custom_1776418390447{margin-top: 45px !important;}\u00bb]<\/p>\n<h1 class=\"home\" style=\"text-align: center;\">AGENDA 29 DE ABRIL DE 2026<\/h1>\n<p style=\"text-align: center;\">Conductora de la jornada: Mariola Dinar\u00e8s<\/p>\n<p>[\/vc_column_text][vc_empty_space][\/vc_column][\/vc_row][vc_row][vc_column][vc_column_text css=\u00bb.vc_custom_1776185675732{padding-top: 20px !important;padding-right: 20px !important;padding-bottom: 20px !important;padding-left: 20px !important;background-color: #a0c51c !important;border-radius: 15px !important;}\u00bb]<\/p>\n<div style=\"color: #27336f; font-family: 'Nexa'!important;\"><b>09:30 Acreditaci\u00f3n<\/b><br \/>\nProyecci\u00f3n de v\u00eddeo: \u201c\u00bfQu\u00e9 es FUNDAE?\u201d<\/div>\n<p>[\/vc_column_text][vc_empty_space][\/vc_column][\/vc_row][vc_row][vc_column]        <div id=\"timeline-792049\" class=\"timeline-wrapper\">\n            <div class=\"timeline-items\">\n                <div class=\"timeline-bar\" aria-hidden=\"true\">\n                    <div class=\"timeline-progress\"><\/div>\n                <\/div>\n\n                                    <div class=\"timeline-item\">\n                        <div class=\"timeline-icon\">\n                            <svg viewBox=\"0 0 512 512\" xmlns=\"http:\/\/www.w3.org\/2000\/svg\"><path d=\"M256 8C119.033 8 8 119.033 8 256s111.033 248 248 248 248-111.033 248-248S392.967 8 256 8zm80 248c0 44.112-35.888 80-80 80s-80-35.888-80-80 35.888-80 80-80 80 35.888 80 80z\"\/><\/svg>                        <\/div>\n\n                        <div class=\"timeline-card fade-in-right\">\n                            \n                                                            <h3>10:00<\/h3>\n                            \n                                                            <h4> Bienvenida institucional <\/h4>\n                            \n                                                            <div class=\"description\"><p><b>Antonio de Luis.<\/b> Director Gerente. Fundae.<br \/>\nProyecci\u00f3n v\u00eddeo de Universidad Pyme.<br \/>\n<b>Francesc Castellana.<\/b> Servei P\u00fablic d\u2019Ocupaci\u00f3 de Catalunya.<\/p>\n<\/div>\n                                                    <\/div>\n                    <\/div>\n                                    <div class=\"timeline-item\">\n                        <div class=\"timeline-icon\">\n                            <svg viewBox=\"0 0 512 512\" xmlns=\"http:\/\/www.w3.org\/2000\/svg\"><path d=\"M256 8C119.033 8 8 119.033 8 256s111.033 248 248 248 248-111.033 248-248S392.967 8 256 8zm80 248c0 44.112-35.888 80-80 80s-80-35.888-80-80 35.888-80 80-80 80 35.888 80 80z\"\/><\/svg>                        <\/div>\n\n                        <div class=\"timeline-card fade-in-right\">\n                            \n                                                            <h3>10:30<\/h3>\n                            \n                                                            <h4> <\/h4>\n                            \n                                                            <div class=\"description\"><p style=\"color:#a0c51c\"><b> Fundae con la digitalizaci\u00f3n de las pymes<\/b><\/p>\n<p><b>Carmen Prieto.<\/b> Directora de Innovaci\u00f3n y Desarrollo. Fundae<\/p>\n<\/div>\n                                                    <\/div>\n                    <\/div>\n                                    <div class=\"timeline-item\">\n                        <div class=\"timeline-icon\">\n                            <svg viewBox=\"0 0 512 512\" xmlns=\"http:\/\/www.w3.org\/2000\/svg\"><path d=\"M256 8C119.033 8 8 119.033 8 256s111.033 248 248 248 248-111.033 248-248S392.967 8 256 8zm80 248c0 44.112-35.888 80-80 80s-80-35.888-80-80 35.888-80 80-80 80 35.888 80 80z\"\/><\/svg>                        <\/div>\n\n                        <div class=\"timeline-card fade-in-right\">\n                            \n                                                            <h3>11:05<\/h3>\n                            \n                                                            <h4>Mesa redonda<\/h4>\n                            \n                                                            <div class=\"description\"><p style=\"color:#a0c51c\"><b>Talento sin barreras: c\u00f3mo la formaci\u00f3n impulsa la inclusi\u00f3n digital<\/b><\/p>\n<p><b>Antonio Paulino. <\/b>Director Sector P\u00fablico en LinkedIN.<br \/>\n<b>Estela Quesada. <\/b>Directora de Responsabilidad Social Corporativa Espa\u00f1a Portugal Grecia e Israel en IBM.<br \/>\n<b>Oscar Esp\u00edritusanto. <\/b> Director de Innovaci\u00f3n Educativa. Fundaci\u00f3n Cibervoluntarios.<\/p>\n<p><b>Modera: Carmen Prieto<\/b> Directora de Innovaci\u00f3n y Desarrollo. Fundae.<\/p>\n<\/div>\n                                                    <\/div>\n                    <\/div>\n                            <\/div>\n        <\/div>\n        [\/vc_column][\/vc_row][vc_row][vc_column][vc_column_text css=\u00bb.vc_custom_1776417160719{padding-top: 20px !important;padding-right: 20px !important;padding-bottom: 20px !important;padding-left: 20px !important;background-color: #a0c51c !important;border-radius: 15px !important;}\u00bb]<\/p>\n<div style=\"color: #27336f; font-family: 'Nexa'!important;\">11:45 Pausa-caf\u00e9<\/div>\n<p>[\/vc_column_text][vc_empty_space][\/vc_column][\/vc_row][vc_row][vc_column]        <div id=\"timeline-168978\" class=\"timeline-wrapper\">\n            <div class=\"timeline-items\">\n                <div class=\"timeline-bar\" aria-hidden=\"true\">\n                    <div class=\"timeline-progress\"><\/div>\n                <\/div>\n\n                                    <div class=\"timeline-item\">\n                        <div class=\"timeline-icon\">\n                            <svg viewBox=\"0 0 512 512\" xmlns=\"http:\/\/www.w3.org\/2000\/svg\"><path d=\"M256 8C119.033 8 8 119.033 8 256s111.033 248 248 248 248-111.033 248-248S392.967 8 256 8zm80 248c0 44.112-35.888 80-80 80s-80-35.888-80-80 35.888-80 80-80 80 35.888 80 80z\"\/><\/svg>                        <\/div>\n\n                        <div class=\"timeline-card fade-in-right\">\n                            \n                                                            <h3>12:15<\/h3>\n                            \n                                                            <h4> <\/h4>\n                            \n                                                            <div class=\"description\"><p style=\"color:#a0c51c\"><b>Atraer talento al mundo de la IA<\/b><\/p>\n<p><b>Carlos Iglesias. <\/b>CEO LabVoltaire<\/p>\n<\/div>\n                                                    <\/div>\n                    <\/div>\n                                    <div class=\"timeline-item\">\n                        <div class=\"timeline-icon\">\n                            <svg viewBox=\"0 0 512 512\" xmlns=\"http:\/\/www.w3.org\/2000\/svg\"><path d=\"M256 8C119.033 8 8 119.033 8 256s111.033 248 248 248 248-111.033 248-248S392.967 8 256 8zm80 248c0 44.112-35.888 80-80 80s-80-35.888-80-80 35.888-80 80-80 80 35.888 80 80z\"\/><\/svg>                        <\/div>\n\n                        <div class=\"timeline-card fade-in-right\">\n                            \n                                                            <h3>12:45<\/h3>\n                            \n                                                            <h4> <\/h4>\n                            \n                                                            <div class=\"description\"><p style=\"color:#a0c51c\"><b>IA en tu empresa: decisiones que marcan la diferencia<\/b><\/p>\n<p><b>Karma Peir\u00f3. <\/b>Directora de Fundaci\u00f3 Visualitzaci\u00f3 per a la Transpar\u00e8ncia (ViT)<\/p>\n<\/div>\n                                                    <\/div>\n                    <\/div>\n                                    <div class=\"timeline-item\">\n                        <div class=\"timeline-icon\">\n                            <svg viewBox=\"0 0 512 512\" xmlns=\"http:\/\/www.w3.org\/2000\/svg\"><path d=\"M256 8C119.033 8 8 119.033 8 256s111.033 248 248 248 248-111.033 248-248S392.967 8 256 8zm80 248c0 44.112-35.888 80-80 80s-80-35.888-80-80 35.888-80 80-80 80 35.888 80 80z\"\/><\/svg>                        <\/div>\n\n                        <div class=\"timeline-card fade-in-right\">\n                            \n                                                            <h3>13:15<\/h3>\n                            \n                                                            <h4> <\/h4>\n                            \n                                                            <div class=\"description\"><p style=\"color:#a0c51c\"><b>\u00bfLa IA me quitar\u00e1 el trabajo?<\/b><\/p>\n<\/div>\n                                                    <\/div>\n                    <\/div>\n                                    <div class=\"timeline-item\">\n                        <div class=\"timeline-icon\">\n                            <svg viewBox=\"0 0 512 512\" xmlns=\"http:\/\/www.w3.org\/2000\/svg\"><path d=\"M256 8C119.033 8 8 119.033 8 256s111.033 248 248 248 248-111.033 248-248S392.967 8 256 8zm80 248c0 44.112-35.888 80-80 80s-80-35.888-80-80 35.888-80 80-80 80 35.888 80 80z\"\/><\/svg>                        <\/div>\n\n                        <div class=\"timeline-card fade-in-right\">\n                            \n                                                            <h3>13:45<\/h3>\n                            \n                                                            <h4>Clausura institucional <\/h4>\n                            \n                                                            <div class=\"description\"><p><b>Antonio de Luis.<\/b> Director Gerente. Fundae <\/p>\n<\/div>\n                                                    <\/div>\n                    <\/div>\n                            <\/div>\n        <\/div>\n        [vc_row_inner][vc_column_inner el_class=\u00bbhome-boton span\u00bb]<style type=\"text\/css\" data-type=\"the7_shortcodes-inline-css\">#default-btn-328cf3466d21b4aa1be22034cf1f5774.ico-right-side > i {\n  margin-right: 0px;\n  margin-left: 8px;\n}\n#default-btn-328cf3466d21b4aa1be22034cf1f5774 > i {\n  margin-right: 8px;\n}\n<\/style><div class=\"btn-align-center\"><a href=\"https:\/\/universidadpyme.fundae.es\/tarragona\/wp-content\/uploads\/2026\/04\/Programa-Tarragona-cast-3_.pdf\" class=\"default-btn-shortcode dt-btn dt-btn-s link-hover-off \" target=\"_blank\" id=\"default-btn-328cf3466d21b4aa1be22034cf1f5774\" rel=\"noopener\"><span>Descarga el programa<\/span><\/a><\/div>[vc_empty_space height=\u00bb50px\u00bb][vc_empty_space height=\u00bb50px\u00bb][\/vc_column_inner][\/vc_row_inner][\/vc_column][\/vc_row]<\/p>\n<\/section>","protected":false},"excerpt":{"rendered":"<p>[vc_row][vc_column][vc_column_text css=\u00bb.vc_custom_1776418390447{margin-top: 45px !important;}\u00bb] AGENDA 29 DE ABRIL DE 2026 Conductora de la jornada: Mariola Dinar\u00e8s [\/vc_column_text][vc_empty_space][\/vc_column][\/vc_row][vc_row][vc_column][vc_column_text css=\u00bb.vc_custom_1776185675732{padding-top: 20px !important;padding-right: 20px !important;padding-bottom: 20px !important;padding-left: 20px !important;background-color: #a0c51c !important;border-radius: 15px !important;}\u00bb] 09:30 Acreditaci\u00f3n Proyecci\u00f3n de v\u00eddeo: \u201c\u00bfQu\u00e9 es FUNDAE?\u201d [\/vc_column_text][vc_empty_space][\/vc_column][\/vc_row][vc_row][vc_column][\/vc_column][\/vc_row][vc_row][vc_column][vc_column_text css=\u00bb.vc_custom_1776417160719{padding-top: 20px !important;padding-right: 20px !important;padding-bottom: 20px !important;padding-left: 20px !important;background-color: #a0c51c !important;border-radius: 15px !important;}\u00bb] 11:45 Pausa-caf\u00e9 [\/vc_column_text][vc_empty_space][\/vc_column][\/vc_row][vc_row][vc_column][vc_row_inner][vc_column_inner&hellip;<\/p>\n","protected":false},"author":1,"featured_media":0,"parent":0,"menu_order":0,"comment_status":"closed","ping_status":"closed","template":"","meta":{"footnotes":""},"class_list":["post-4305","page","type-page","status-publish","hentry","description-off"],"_links":{"self":[{"href":"https:\/\/universidadpyme.fundae.es\/tarragona\/wp-json\/wp\/v2\/pages\/4305","targetHints":{"allow":["GET"]}}],"collection":[{"href":"https:\/\/universidadpyme.fundae.es\/tarragona\/wp-json\/wp\/v2\/pages"}],"about":[{"href":"https:\/\/universidadpyme.fundae.es\/tarragona\/wp-json\/wp\/v2\/types\/page"}],"author":[{"embeddable":true,"href":"https:\/\/universidadpyme.fundae.es\/tarragona\/wp-json\/wp\/v2\/users\/1"}],"replies":[{"embeddable":true,"href":"https:\/\/universidadpyme.fundae.es\/tarragona\/wp-json\/wp\/v2\/comments?post=4305"}],"version-history":[{"count":71,"href":"https:\/\/universidadpyme.fundae.es\/tarragona\/wp-json\/wp\/v2\/pages\/4305\/revisions"}],"predecessor-version":[{"id":4457,"href":"https:\/\/universidadpyme.fundae.es\/tarragona\/wp-json\/wp\/v2\/pages\/4305\/revisions\/4457"}],"wp:attachment":[{"href":"https:\/\/universidadpyme.fundae.es\/tarragona\/wp-json\/wp\/v2\/media?parent=4305"}],"curies":[{"name":"wp","href":"https:\/\/api.w.org\/{rel}","templated":true}]}}