{"id":834,"date":"2014-03-18T09:49:29","date_gmt":"2014-03-18T09:49:29","guid":{"rendered":"http:\/\/the7.dream-demo.com\/business\/?page_id=2"},"modified":"2026-04-15T08:43:36","modified_gmt":"2026-04-15T08:43:36","slug":"homepages","status":"publish","type":"page","link":"https:\/\/universidadpyme.fundae.es\/tarragona\/","title":{"rendered":"Home"},"content":{"rendered":"<section class=\"wpb-content-wrapper\"><p>[vc_row el_class=\u00bbhome-columna\u00bb][vc_column width=\u00bb1\/2&#8243; el_class=\u00bbprimera\u00bb][vc_column_text el_class=\u00bbtexto\u00bb css=\u00bb.vc_custom_1775720266865{margin-right: 50px !important;}\u00bb]<\/p>\n<h1 class=\"home\">Adaptarse, crecer y competir en la era de la inteligencia artificial<\/h1>\n<p>Tarragona acoge una nueva edici\u00f3n de Universidad Pyme, un encuentro clave para entender c\u00f3mo la inteligencia artificial y la digitalizaci\u00f3n est\u00e1n transformando la forma de trabajar, emprender y competir.<\/p>\n<p>Una jornada pensada para ayudar a pymes, profesionales y emprendedores a adaptarse a un entorno en constante cambio, donde la tecnolog\u00eda ya no es una opci\u00f3n, sino una herramienta imprescindible para crecer.<\/p>\n<p>Expertos, empresas e instituciones compartir\u00e1n experiencias, ideas y soluciones pr\u00e1cticas para afrontar los retos del presente y aprovechar las oportunidades del futuro.<br \/>\n<span class=\"naranja\">Dirigido a<\/span> pymes, aut\u00f3nomos, emprendedores y profesionales de todos los sectores interesados en comprender y aplicar la inteligencia artificial, la digitalizaci\u00f3n y las nuevas tecnolog\u00edas para mejorar la competitividad, el talento y la adaptaci\u00f3n al cambio en sus organizaciones.[\/vc_column_text][\/vc_column][vc_column width=\u00bb1\/2&#8243; css=\u00bb.vc_custom_1776242613584{margin-top: 30px !important;margin-left: 50px !important;}\u00bb el_class=\u00bbsegunda\u00bb][vc_single_image image=\u00bb4209&#8243; img_size=\u00bb150&#215;180&#8243; el_class=\u00bbhome-calendario\u00bb][vc_column_text css=\u00bb.vc_custom_1775720388969{margin-top: 20px !important;}\u00bb el_class=\u00bbtexto\u00bb]<strong>Fecha:<\/strong> 29 de abril<br \/>\n<strong>Horario:<\/strong> 09:30-14:00 horas<br \/>\n<strong>Lugar:<\/strong> Palau Firal i de Congressos de Tarragona<br \/>\n<strong>Direcci\u00f3n:<\/strong> Carrer Arquitecte Rovira, 2[\/vc_column_text][vc_column_text css=\u00bb.vc_custom_1754053338684{margin-top: 20px !important;}\u00bb]<strong><span class=\"azul texto\">\u00a1No te quedes sin plaza!<\/span><\/strong>[\/vc_column_text][vc_btn title=\u00bbInscr\u00edbete\u00bb color=\u00bbprimary\u00bb el_class=\u00bbhome-boton\u00bb link=\u00bburl:https%3A%2F%2Fformularios.businessplus.es%2FUniversidadPyme%3Fclave%3DbCGvlrPVZkq7bIu2eveRhg|target:_blank\u00bb][\/vc_column][\/vc_row][vc_row anchor=\u00bb200&#8243; el_class=\u00bbcolumna_inicio\u00bb][vc_column width=\u00bb1\/3&#8243;][vc_single_image image=\u00bb4212&#8243; alignment=\u00bbcenter\u00bb el_class=\u00bbiconos_inicio\u00bb][vc_column_text el_class=\u00bbtexto\u00bb]<\/p>\n<p class=\"texto-home\" style=\"text-align: center;\">29 de abril de 2026<\/p>\n<p>[\/vc_column_text][\/vc_column][vc_column width=\u00bb1\/3&#8243;][vc_single_image image=\u00bb4217&#8243; alignment=\u00bbcenter\u00bb el_class=\u00bbiconos_inicio\u00bb][vc_column_text el_class=\u00bbtexto\u00bb]<\/p>\n<p class=\"texto-home\" style=\"text-align: center;\">09:30-14:00 horas<\/p>\n<p>[\/vc_column_text][\/vc_column][vc_column width=\u00bb1\/3&#8243;][vc_single_image image=\u00bb4216&#8243; alignment=\u00bbcenter\u00bb el_class=\u00bbiconos_inicio\u00bb][vc_wp_text el_class=\u00bbtexto\u00bb]<\/p>\n<p class=\"texto-home\" style=\"text-align: center; font-size: 24px;\">Palau Firal i de Congressos de Tarragona<\/p>\n<p class=\"texto-home\" style=\"text-align: center; font-size: 18px; font-weight: 300;\">Carrer Arquitecte Rovira, 2<\/p>\n<p>[\/vc_wp_text][\/vc_column][\/vc_row][vc_row][vc_column][vc_single_image image=\u00bb4223&#8243; img_size=\u00bb1400 x 90&#8243; alignment=\u00bbcenter\u00bb el_class=\u00bbimagen_ministerio\u00bb][\/vc_column][\/vc_row]<\/p>\n<\/section>","protected":false},"excerpt":{"rendered":"<p>[vc_row el_class=\u00bbhome-columna\u00bb][vc_column width=\u00bb1\/2&#8243; el_class=\u00bbprimera\u00bb][vc_column_text el_class=\u00bbtexto\u00bb css=\u00bb.vc_custom_1775720266865{margin-right: 50px !important;}\u00bb] Adaptarse, crecer y competir en la era de la inteligencia artificial Tarragona acoge una nueva edici\u00f3n de Universidad Pyme, un encuentro clave para entender c\u00f3mo la inteligencia artificial y la digitalizaci\u00f3n est\u00e1n transformando la forma de trabajar, emprender y competir. Una jornada pensada para ayudar a pymes,&hellip;<\/p>\n","protected":false},"author":1,"featured_media":0,"parent":0,"menu_order":0,"comment_status":"closed","ping_status":"closed","template":"","meta":{"footnotes":""},"class_list":["post-834","page","type-page","status-publish","hentry","description-off"],"_links":{"self":[{"href":"https:\/\/universidadpyme.fundae.es\/tarragona\/wp-json\/wp\/v2\/pages\/834","targetHints":{"allow":["GET"]}}],"collection":[{"href":"https:\/\/universidadpyme.fundae.es\/tarragona\/wp-json\/wp\/v2\/pages"}],"about":[{"href":"https:\/\/universidadpyme.fundae.es\/tarragona\/wp-json\/wp\/v2\/types\/page"}],"author":[{"embeddable":true,"href":"https:\/\/universidadpyme.fundae.es\/tarragona\/wp-json\/wp\/v2\/users\/1"}],"replies":[{"embeddable":true,"href":"https:\/\/universidadpyme.fundae.es\/tarragona\/wp-json\/wp\/v2\/comments?post=834"}],"version-history":[{"count":157,"href":"https:\/\/universidadpyme.fundae.es\/tarragona\/wp-json\/wp\/v2\/pages\/834\/revisions"}],"predecessor-version":[{"id":4419,"href":"https:\/\/universidadpyme.fundae.es\/tarragona\/wp-json\/wp\/v2\/pages\/834\/revisions\/4419"}],"wp:attachment":[{"href":"https:\/\/universidadpyme.fundae.es\/tarragona\/wp-json\/wp\/v2\/media?parent=834"}],"curies":[{"name":"wp","href":"https:\/\/api.w.org\/{rel}","templated":true}]}}